{"id":31725,"date":"2026-02-04T13:53:25","date_gmt":"2026-02-04T10:53:25","guid":{"rendered":"https:\/\/a-pant.ee\/product\/akkumulyatornaya-drel-parkside-pabsp-20-li-c3\/"},"modified":"2026-02-22T12:19:46","modified_gmt":"2026-02-22T09:19:46","slug":"akkumulyatornaya-drel-parkside-pabsp-20-li-c3-yashhik","status":"publish","type":"product","link":"https:\/\/a-pant.ee\/ru\/product\/akkumulyatornaya-drel-parkside-pabsp-20-li-c3-yashhik\/","title":{"rendered":"\u0410\u043a\u043a\u0443\u043c\u0443\u043b\u044f\u0442\u043e\u0440\u043d\u0430\u044f \u0434\u0440\u0435\u043b\u044c Parkside PABSP 20 Li C3 + \u044f\u0449\u0438\u043a"},"content":{"rendered":"\n<p> Akutrell Parkside PABSP 20 Li C3 + kohver, heas seisu- ja t\u00f6\u00f6korras! <\/p><p> KIRJELDUS <\/p><p> Mudel: PABSP 20 Li C3 <\/p><p> Akunurk: 20 V <\/p><p> Mootori t\u00fc\u00fcp: harjadeta <\/p><p> K\u00e4igud: 2 <\/p><p> T\u00f6\u00f6lauane kiirus: 1. k\u00e4ik 0-500 p\/min, 2. k\u00e4ik 0-2000 p\/min <\/p><p> Maksimaalne p\u00f6\u00f6rdemoment: 60 N\u00b7m <\/p><p> P\u00f6\u00f6rdemomendi reguleerimine: 21 astet + puurimisre\u017eiim <\/p><p> Kanduri (padruni) klambrisuurus: 1,5-13 mm <\/p><p> Maksimaalne puurimise l\u00e4bim\u00f5\u00f5t: puidus kuni ca 38 mm, metallis kuni ca 13 mm <\/p>\n","protected":false},"excerpt":{"rendered":"<p>Akutrell Parkside PABSP 20 Li C3 + kohver, heas seisu- ja t\u00f6\u00f6korras! KIRJELDUS Mudel: PABSP 20 Li C3 Akunurk: 20 V Mootori t\u00fc\u00fcp: harjadeta K\u00e4igud: 2 T\u00f6\u00f6lauane kiirus: 1. k\u00e4ik 0-500 p\/min, 2. k\u00e4ik 0-2000 p\/min Maksimaalne p\u00f6\u00f6rdemoment: 60 N\u00b7m P\u00f6\u00f6rdemomendi reguleerimine: 21 astet + puurimisre\u017eiim Kanduri (padruni) klambrisuurus: 1,5-13 mm Maksimaalne puurimise l\u00e4bim\u00f5\u00f5t: puidus [&hellip;]<\/p>\n","protected":false},"featured_media":31726,"comment_status":"closed","ping_status":"closed","template":"","meta":{"inline_featured_image":false},"product_brand":[],"product_cat":[221],"product_tag":[],"class_list":{"0":"post-31725","1":"product","2":"type-product","3":"status-publish","4":"has-post-thumbnail","6":"product_cat-akkumulyatornye-dreli","7":"pa_asukoht-mustamae","8":"pa_seisukord-ispolzovano","10":"first","11":"outofstock","12":"taxable","13":"shipping-taxable","14":"purchasable","15":"product-type-simple"},"_links":{"self":[{"href":"https:\/\/a-pant.ee\/ru\/wp-json\/wp\/v2\/product\/31725","targetHints":{"allow":["GET"]}}],"collection":[{"href":"https:\/\/a-pant.ee\/ru\/wp-json\/wp\/v2\/product"}],"about":[{"href":"https:\/\/a-pant.ee\/ru\/wp-json\/wp\/v2\/types\/product"}],"replies":[{"embeddable":true,"href":"https:\/\/a-pant.ee\/ru\/wp-json\/wp\/v2\/comments?post=31725"}],"wp:featuredmedia":[{"embeddable":true,"href":"https:\/\/a-pant.ee\/ru\/wp-json\/wp\/v2\/media\/31726"}],"wp:attachment":[{"href":"https:\/\/a-pant.ee\/ru\/wp-json\/wp\/v2\/media?parent=31725"}],"wp:term":[{"taxonomy":"product_brand","embeddable":true,"href":"https:\/\/a-pant.ee\/ru\/wp-json\/wp\/v2\/product_brand?post=31725"},{"taxonomy":"product_cat","embeddable":true,"href":"https:\/\/a-pant.ee\/ru\/wp-json\/wp\/v2\/product_cat?post=31725"},{"taxonomy":"product_tag","embeddable":true,"href":"https:\/\/a-pant.ee\/ru\/wp-json\/wp\/v2\/product_tag?post=31725"}],"curies":[{"name":"wp","href":"https:\/\/api.w.org\/{rel}","templated":true}]}}