{"id":31719,"date":"2026-02-04T13:53:25","date_gmt":"2026-02-04T10:53:25","guid":{"rendered":"https:\/\/a-pant.ee\/product\/sabelnaya-pila-parkside-pasa-20-li-a1\/"},"modified":"2026-02-22T12:19:46","modified_gmt":"2026-02-22T09:19:46","slug":"sabelnaya-pila-parkside-pasa-20-li-a1-yashhik","status":"publish","type":"product","link":"https:\/\/a-pant.ee\/ru\/product\/sabelnaya-pila-parkside-pasa-20-li-a1-yashhik\/","title":{"rendered":"\u0421\u0430\u0431\u0435\u043b\u044c\u043d\u0430\u044f \u043f\u0438\u043b\u0430 Parkside PASA 20-Li A1 + \u044f\u0449\u0438\u043a"},"content":{"rendered":"\n<p> Tiigersaag Parkside PASA 20-Li A1 + kohver, heas seisu- ja t\u00f6\u00f6korras! <\/p><p> KIRJELDUS <\/p><p> Mudel: PASA 20-Li A1 <\/p><p> Akupinge: 20 V <\/p><p> T\u00fchik\u00e4igu kiirus: 0-2700 l\u00f6\u00f6ki\/min <\/p><p> Sael\u00f6\u00f6kide pikkus: 20 mm <\/p><p> Maksimaalne saagimisdiameeter puidus: ligikaudu 90 mm <\/p><p> Mootori t\u00fc\u00fcp: alalisvoolumootor (DC) vaskm\u00e4hisega <\/p><p> S\u00fcsteem: sobib Parkside X 20 V TEAM akus\u00fcsteemiga <\/p>\n","protected":false},"excerpt":{"rendered":"<p>Tiigersaag Parkside PASA 20-Li A1 + kohver, heas seisu- ja t\u00f6\u00f6korras! KIRJELDUS Mudel: PASA 20-Li A1 Akupinge: 20 V T\u00fchik\u00e4igu kiirus: 0-2700 l\u00f6\u00f6ki\/min Sael\u00f6\u00f6kide pikkus: 20 mm Maksimaalne saagimisdiameeter puidus: ligikaudu 90 mm Mootori t\u00fc\u00fcp: alalisvoolumootor (DC) vaskm\u00e4hisega S\u00fcsteem: sobib Parkside X 20 V TEAM akus\u00fcsteemiga<\/p>\n","protected":false},"featured_media":31720,"comment_status":"closed","ping_status":"closed","template":"","meta":{"inline_featured_image":false},"product_brand":[],"product_cat":[243],"product_tag":[],"class_list":{"0":"post-31719","1":"product","2":"type-product","3":"status-publish","4":"has-post-thumbnail","6":"product_cat-sabelnye-pily","7":"pa_asukoht-mustamae","8":"pa_seisukord-ispolzovano","10":"first","11":"outofstock","12":"taxable","13":"shipping-taxable","14":"purchasable","15":"product-type-simple"},"_links":{"self":[{"href":"https:\/\/a-pant.ee\/ru\/wp-json\/wp\/v2\/product\/31719","targetHints":{"allow":["GET"]}}],"collection":[{"href":"https:\/\/a-pant.ee\/ru\/wp-json\/wp\/v2\/product"}],"about":[{"href":"https:\/\/a-pant.ee\/ru\/wp-json\/wp\/v2\/types\/product"}],"replies":[{"embeddable":true,"href":"https:\/\/a-pant.ee\/ru\/wp-json\/wp\/v2\/comments?post=31719"}],"wp:featuredmedia":[{"embeddable":true,"href":"https:\/\/a-pant.ee\/ru\/wp-json\/wp\/v2\/media\/31720"}],"wp:attachment":[{"href":"https:\/\/a-pant.ee\/ru\/wp-json\/wp\/v2\/media?parent=31719"}],"wp:term":[{"taxonomy":"product_brand","embeddable":true,"href":"https:\/\/a-pant.ee\/ru\/wp-json\/wp\/v2\/product_brand?post=31719"},{"taxonomy":"product_cat","embeddable":true,"href":"https:\/\/a-pant.ee\/ru\/wp-json\/wp\/v2\/product_cat?post=31719"},{"taxonomy":"product_tag","embeddable":true,"href":"https:\/\/a-pant.ee\/ru\/wp-json\/wp\/v2\/product_tag?post=31719"}],"curies":[{"name":"wp","href":"https:\/\/api.w.org\/{rel}","templated":true}]}}