{"id":31705,"date":"2026-02-04T13:53:25","date_gmt":"2026-02-04T10:53:25","guid":{"rendered":"https:\/\/a-pant.ee\/product\/telefon-samsung-galaxy-a04s\/"},"modified":"2026-02-22T12:19:46","modified_gmt":"2026-02-22T09:19:46","slug":"telefon-samsung-galaxy-a04s","status":"publish","type":"product","link":"https:\/\/a-pant.ee\/ru\/product\/telefon-samsung-galaxy-a04s\/","title":{"rendered":"\u0422\u0435\u043b\u0435\u0444\u043e\u043d Samsung Galaxy a04s"},"content":{"rendered":"\n<p> Telefon Samsung Galaxy a04s, heas seisu- ja t\u00f6\u00f6korras! <\/p><p> KIRJELDUS <\/p><ul><li> Mudel: Galaxy A04s <\/li><li> Ekraan: 6,5 tolli, eraldusv\u00f5ime 720 \u00d7 1600 pikslit, v\u00e4rskendussagedus kuni 90\u202fHz <\/li><li> Protsessor: Exynos 850, kaheksa\u2011tuumaline (4\u00d72,0\u202fGHz + 4\u00d72,0\u202fGHz) <\/li><li> Operatiivm\u00e4lu: 3\u202fGB <\/li><li> Sisem\u00e4lu: 32\u202fGB, microSD tugi kuni 1\u202fTB <\/li><li> Tagumine kaamera: kolmik \u2014 50\u202fMP (p\u00f5hikaamera) + 2\u202fMP (makro) + 2\u202fMP (s\u00fcgavuse andur) <\/li><li> Esikaamera: 5\u202fMP <\/li><li> Aku: 5000\u202fmAh, mittevahetatav <\/li><li> M\u00f5\u00f5tmed: 164,7 \u00d7 76,7 \u00d7 9,1 mm <\/li><li> Kaal: umbes 195 g <\/li><\/ul>\n","protected":false},"excerpt":{"rendered":"<p>Telefon Samsung Galaxy a04s, heas seisu- ja t\u00f6\u00f6korras! KIRJELDUS Mudel: Galaxy A04s Ekraan: 6,5 tolli, eraldusv\u00f5ime 720 \u00d7 1600 pikslit, v\u00e4rskendussagedus kuni 90\u202fHz Protsessor: Exynos 850, kaheksa\u2011tuumaline (4\u00d72,0\u202fGHz + 4\u00d72,0\u202fGHz) Operatiivm\u00e4lu: 3\u202fGB Sisem\u00e4lu: 32\u202fGB, microSD tugi kuni 1\u202fTB Tagumine kaamera: kolmik \u2014 50\u202fMP (p\u00f5hikaamera) + 2\u202fMP (makro) + 2\u202fMP (s\u00fcgavuse andur) Esikaamera: 5\u202fMP Aku: 5000\u202fmAh, [&hellip;]<\/p>\n","protected":false},"featured_media":31706,"comment_status":"closed","ping_status":"closed","template":"","meta":{"inline_featured_image":false},"product_brand":[],"product_cat":[171],"product_tag":[],"class_list":{"0":"post-31705","1":"product","2":"type-product","3":"status-publish","4":"has-post-thumbnail","6":"product_cat-mobilnye-telefony","7":"pa_asukoht-mustamae","8":"pa_seisukord-ispolzovano","10":"first","11":"outofstock","12":"taxable","13":"shipping-taxable","14":"purchasable","15":"product-type-simple"},"_links":{"self":[{"href":"https:\/\/a-pant.ee\/ru\/wp-json\/wp\/v2\/product\/31705","targetHints":{"allow":["GET"]}}],"collection":[{"href":"https:\/\/a-pant.ee\/ru\/wp-json\/wp\/v2\/product"}],"about":[{"href":"https:\/\/a-pant.ee\/ru\/wp-json\/wp\/v2\/types\/product"}],"replies":[{"embeddable":true,"href":"https:\/\/a-pant.ee\/ru\/wp-json\/wp\/v2\/comments?post=31705"}],"wp:featuredmedia":[{"embeddable":true,"href":"https:\/\/a-pant.ee\/ru\/wp-json\/wp\/v2\/media\/31706"}],"wp:attachment":[{"href":"https:\/\/a-pant.ee\/ru\/wp-json\/wp\/v2\/media?parent=31705"}],"wp:term":[{"taxonomy":"product_brand","embeddable":true,"href":"https:\/\/a-pant.ee\/ru\/wp-json\/wp\/v2\/product_brand?post=31705"},{"taxonomy":"product_cat","embeddable":true,"href":"https:\/\/a-pant.ee\/ru\/wp-json\/wp\/v2\/product_cat?post=31705"},{"taxonomy":"product_tag","embeddable":true,"href":"https:\/\/a-pant.ee\/ru\/wp-json\/wp\/v2\/product_tag?post=31705"}],"curies":[{"name":"wp","href":"https:\/\/api.w.org\/{rel}","templated":true}]}}