{"id":31699,"date":"2026-02-04T13:53:25","date_gmt":"2026-02-04T10:53:25","guid":{"rendered":"https:\/\/a-pant.ee\/product\/planchet-apple-ipad-air-2\/"},"modified":"2026-02-22T12:19:45","modified_gmt":"2026-02-22T09:19:45","slug":"planshet-apple-ipad-air-2","status":"publish","type":"product","link":"https:\/\/a-pant.ee\/ru\/product\/planshet-apple-ipad-air-2\/","title":{"rendered":"\u041f\u043b\u0430\u043d\u0448\u0435\u0442 Apple Ipad Air 2"},"content":{"rendered":"\n<p> Tahvelarvuti Apple Ipad Air 2 + \u00dcmbrik , heas seisu- ja t\u00f6\u00f6korras! <\/p><p> KIRJELDUS <\/p><ul><li> Mudel: iPad Air 2 (16 GB) <\/li><li> Ekraan: 9,7 tolli Retina, eraldusv\u00f5ime 2048 \u00d7 1536 pikslit, tihedus umbes 264 ppi <\/li><li> Protsessor: Apple A8X, kolmetuumaline <\/li><li> Operatiivm\u00e4lu: 2 GB <\/li><li> Sisem\u00e4lu: 16 GB <\/li><li> Tagumine kaamera: 8 MP <\/li><li> Esikaamera: 1,2 MP <\/li><li> \u00dchenduvus: Wi\u2011Fi (802.11 a\/b\/g\/n\/ac), Bluetooth 4.0 <\/li><li> M\u00f5\u00f5tmed: 240 \u00d7 169,5 \u00d7 6,1 mm <\/li><li> Kaal: umbes 437\u2013444 g <\/li><li> V\u00e4ljaandmise aasta: 2014 <\/li><\/ul>\n","protected":false},"excerpt":{"rendered":"<p>Tahvelarvuti Apple Ipad Air 2 + \u00dcmbrik , heas seisu- ja t\u00f6\u00f6korras! KIRJELDUS Mudel: iPad Air 2 (16 GB) Ekraan: 9,7 tolli Retina, eraldusv\u00f5ime 2048 \u00d7 1536 pikslit, tihedus umbes 264 ppi Protsessor: Apple A8X, kolmetuumaline Operatiivm\u00e4lu: 2 GB Sisem\u00e4lu: 16 GB Tagumine kaamera: 8 MP Esikaamera: 1,2 MP \u00dchenduvus: Wi\u2011Fi (802.11 a\/b\/g\/n\/ac), Bluetooth 4.0 [&hellip;]<\/p>\n","protected":false},"featured_media":31700,"comment_status":"closed","ping_status":"open","template":"","meta":{"inline_featured_image":false},"product_brand":[],"product_cat":[180],"product_tag":[],"class_list":{"0":"post-31699","1":"product","2":"type-product","3":"status-publish","4":"has-post-thumbnail","6":"product_cat-planshety","7":"pa_asukoht-mustamae","8":"pa_seisukord-ispolzovano","10":"first","11":"instock","12":"taxable","13":"shipping-taxable","14":"purchasable","15":"product-type-simple"},"_links":{"self":[{"href":"https:\/\/a-pant.ee\/ru\/wp-json\/wp\/v2\/product\/31699","targetHints":{"allow":["GET"]}}],"collection":[{"href":"https:\/\/a-pant.ee\/ru\/wp-json\/wp\/v2\/product"}],"about":[{"href":"https:\/\/a-pant.ee\/ru\/wp-json\/wp\/v2\/types\/product"}],"replies":[{"embeddable":true,"href":"https:\/\/a-pant.ee\/ru\/wp-json\/wp\/v2\/comments?post=31699"}],"wp:featuredmedia":[{"embeddable":true,"href":"https:\/\/a-pant.ee\/ru\/wp-json\/wp\/v2\/media\/31700"}],"wp:attachment":[{"href":"https:\/\/a-pant.ee\/ru\/wp-json\/wp\/v2\/media?parent=31699"}],"wp:term":[{"taxonomy":"product_brand","embeddable":true,"href":"https:\/\/a-pant.ee\/ru\/wp-json\/wp\/v2\/product_brand?post=31699"},{"taxonomy":"product_cat","embeddable":true,"href":"https:\/\/a-pant.ee\/ru\/wp-json\/wp\/v2\/product_cat?post=31699"},{"taxonomy":"product_tag","embeddable":true,"href":"https:\/\/a-pant.ee\/ru\/wp-json\/wp\/v2\/product_tag?post=31699"}],"curies":[{"name":"wp","href":"https:\/\/api.w.org\/{rel}","templated":true}]}}