{"id":31693,"date":"2026-02-04T13:48:44","date_gmt":"2026-02-04T10:48:44","guid":{"rendered":"https:\/\/a-pant.ee\/product\/telefon-samsung-galaxy-s22-128gb\/"},"modified":"2026-02-22T12:21:28","modified_gmt":"2026-02-22T09:21:28","slug":"telefon-samsung-galaxy-s22-128gb","status":"publish","type":"product","link":"https:\/\/a-pant.ee\/ru\/product\/telefon-samsung-galaxy-s22-128gb\/","title":{"rendered":"\u0422\u0435\u043b\u0435\u0444\u043e\u043d Samsung Galaxy S22 128GB"},"content":{"rendered":"\n<p> Telefon Samsung Galaxy S22 128GB , heas seisu- ja t\u00f6\u00f6korras! <\/p><p> KIRJELDUS <\/p><ul><li> Mudel: Galaxy S22 (128 GB) <\/li><li> Ekraan: 6,1 tolline Dynamic AMOLED 2X, eraldusv\u00f5ime 2340 \u00d7 1080 pikslit, v\u00e4rskendussagedus kuni 120 Hz <\/li><li> Protsessor: 4 nm kiip Exynos 2200 v\u00f5i Snapdragon 8 Gen 1 (s\u00f5ltuvalt piirkonnast) <\/li><li> Operatiivm\u00e4lu: 8 GB <\/li><li> Sisem\u00e4lu: 128 GB <\/li><li> Tagumine kaamera: 50 MP (lainurk) + 12 MP (\u00fclilainurk) + 10 MP (teleobjektiiv 3\u00d7 optilise suumiga) <\/li><li> Esikaamera: 10 MP <\/li><li> Aku: 3700 mAh (mittevahetatav) <\/li><li> \u00dchenduvus: 5G, Wi-Fi 6, Bluetooth 5.2, NFC <\/li><li> Kaitse vee ja tolmu eest: IP68 <\/li><li> M\u00f5\u00f5tmed: 146 \u00d7 70,6 \u00d7 7,6 mm <\/li><li> Kaal: umbes 167 g <\/li><\/ul>\n","protected":false},"excerpt":{"rendered":"<p>Telefon Samsung Galaxy S22 128GB , heas seisu- ja t\u00f6\u00f6korras! KIRJELDUS Mudel: Galaxy S22 (128 GB) Ekraan: 6,1 tolline Dynamic AMOLED 2X, eraldusv\u00f5ime 2340 \u00d7 1080 pikslit, v\u00e4rskendussagedus kuni 120 Hz Protsessor: 4 nm kiip Exynos 2200 v\u00f5i Snapdragon 8 Gen 1 (s\u00f5ltuvalt piirkonnast) Operatiivm\u00e4lu: 8 GB Sisem\u00e4lu: 128 GB Tagumine kaamera: 50 MP (lainurk) [&hellip;]<\/p>\n","protected":false},"featured_media":31694,"comment_status":"closed","ping_status":"closed","template":"","meta":{"inline_featured_image":false},"product_brand":[],"product_cat":[171],"product_tag":[],"class_list":{"0":"post-31693","1":"product","2":"type-product","3":"status-publish","4":"has-post-thumbnail","6":"product_cat-mobilnye-telefony","7":"pa_asukoht-mustamae","8":"pa_seisukord-ispolzovano","10":"first","11":"outofstock","12":"taxable","13":"shipping-taxable","14":"purchasable","15":"product-type-simple"},"_links":{"self":[{"href":"https:\/\/a-pant.ee\/ru\/wp-json\/wp\/v2\/product\/31693","targetHints":{"allow":["GET"]}}],"collection":[{"href":"https:\/\/a-pant.ee\/ru\/wp-json\/wp\/v2\/product"}],"about":[{"href":"https:\/\/a-pant.ee\/ru\/wp-json\/wp\/v2\/types\/product"}],"replies":[{"embeddable":true,"href":"https:\/\/a-pant.ee\/ru\/wp-json\/wp\/v2\/comments?post=31693"}],"wp:featuredmedia":[{"embeddable":true,"href":"https:\/\/a-pant.ee\/ru\/wp-json\/wp\/v2\/media\/31694"}],"wp:attachment":[{"href":"https:\/\/a-pant.ee\/ru\/wp-json\/wp\/v2\/media?parent=31693"}],"wp:term":[{"taxonomy":"product_brand","embeddable":true,"href":"https:\/\/a-pant.ee\/ru\/wp-json\/wp\/v2\/product_brand?post=31693"},{"taxonomy":"product_cat","embeddable":true,"href":"https:\/\/a-pant.ee\/ru\/wp-json\/wp\/v2\/product_cat?post=31693"},{"taxonomy":"product_tag","embeddable":true,"href":"https:\/\/a-pant.ee\/ru\/wp-json\/wp\/v2\/product_tag?post=31693"}],"curies":[{"name":"wp","href":"https:\/\/api.w.org\/{rel}","templated":true}]}}