{"id":31687,"date":"2026-02-04T13:48:44","date_gmt":"2026-02-04T10:48:44","guid":{"rendered":"https:\/\/a-pant.ee\/product\/lobzik-makita-4329-kejs\/"},"modified":"2026-02-22T12:21:28","modified_gmt":"2026-02-22T09:21:28","slug":"lobzik-makita-4329-kejs","status":"publish","type":"product","link":"https:\/\/a-pant.ee\/ru\/product\/lobzik-makita-4329-kejs\/","title":{"rendered":"\u041b\u043e\u0431\u0437\u0438\u043a Makita 4329 + \u041a\u0435\u0439\u0441"},"content":{"rendered":"\n<p> Tikksaag Makita 4329 + Kohver heas seisu- ja t\u00f6\u00f6korras! <\/p><p> KIRJELDUS <\/p><ul><li> V\u00f5imsus: 450 W <\/li><li> L\u00f5iket\u00f5mmete sagedus: 500\u20133100 l\u00f6\u00f6ki\/min <\/li><li> Kiiruse reguleerimine: olemas <\/li><li> Maksimaalne l\u00f5ikes\u00fcgavus puidus: 65 mm <\/li><li> Maksimaalne l\u00f5ikes\u00fcgavus terases: 6 mm <\/li><li> Pendelfunktsioon: 3 astet + neutraalne asend <\/li><li> Tolmuimeja \u00fchendamise v\u00f5imalus: olemas <\/li><li> Talla kaldenurk: kuni 45\u00b0 vasakule ja paremale <\/li><li> Kaal: 1,9 kg <\/li><li> M\u00fcratase: umbes 83 dB(A) <\/li><\/ul>\n","protected":false},"excerpt":{"rendered":"<p>Tikksaag Makita 4329 + Kohver heas seisu- ja t\u00f6\u00f6korras! KIRJELDUS V\u00f5imsus: 450 W L\u00f5iket\u00f5mmete sagedus: 500\u20133100 l\u00f6\u00f6ki\/min Kiiruse reguleerimine: olemas Maksimaalne l\u00f5ikes\u00fcgavus puidus: 65 mm Maksimaalne l\u00f5ikes\u00fcgavus terases: 6 mm Pendelfunktsioon: 3 astet + neutraalne asend Tolmuimeja \u00fchendamise v\u00f5imalus: olemas Talla kaldenurk: kuni 45\u00b0 vasakule ja paremale Kaal: 1,9 kg M\u00fcratase: umbes 83 dB(A)<\/p>\n","protected":false},"featured_media":31688,"comment_status":"closed","ping_status":"closed","template":"","meta":{"inline_featured_image":false},"product_brand":[],"product_cat":[244],"product_tag":[],"class_list":{"0":"post-31687","1":"product","2":"type-product","3":"status-publish","4":"has-post-thumbnail","6":"product_cat-lobziki","7":"pa_asukoht-mustamae","8":"pa_seisukord-ispolzovano","10":"first","11":"outofstock","12":"taxable","13":"shipping-taxable","14":"purchasable","15":"product-type-simple"},"_links":{"self":[{"href":"https:\/\/a-pant.ee\/ru\/wp-json\/wp\/v2\/product\/31687","targetHints":{"allow":["GET"]}}],"collection":[{"href":"https:\/\/a-pant.ee\/ru\/wp-json\/wp\/v2\/product"}],"about":[{"href":"https:\/\/a-pant.ee\/ru\/wp-json\/wp\/v2\/types\/product"}],"replies":[{"embeddable":true,"href":"https:\/\/a-pant.ee\/ru\/wp-json\/wp\/v2\/comments?post=31687"}],"wp:featuredmedia":[{"embeddable":true,"href":"https:\/\/a-pant.ee\/ru\/wp-json\/wp\/v2\/media\/31688"}],"wp:attachment":[{"href":"https:\/\/a-pant.ee\/ru\/wp-json\/wp\/v2\/media?parent=31687"}],"wp:term":[{"taxonomy":"product_brand","embeddable":true,"href":"https:\/\/a-pant.ee\/ru\/wp-json\/wp\/v2\/product_brand?post=31687"},{"taxonomy":"product_cat","embeddable":true,"href":"https:\/\/a-pant.ee\/ru\/wp-json\/wp\/v2\/product_cat?post=31687"},{"taxonomy":"product_tag","embeddable":true,"href":"https:\/\/a-pant.ee\/ru\/wp-json\/wp\/v2\/product_tag?post=31687"}],"curies":[{"name":"wp","href":"https:\/\/api.w.org\/{rel}","templated":true}]}}