{"id":31674,"date":"2026-02-04T13:48:44","date_gmt":"2026-02-04T10:48:44","guid":{"rendered":"https:\/\/a-pant.ee\/product\/akkumulyator-bosch-gba-14-4v-1-5ach\/"},"modified":"2026-02-22T12:21:27","modified_gmt":"2026-02-22T09:21:27","slug":"akkumulyator-bosch-gba-144v-15ach","status":"publish","type":"product","link":"https:\/\/a-pant.ee\/ru\/product\/akkumulyator-bosch-gba-144v-15ach\/","title":{"rendered":"\u0410\u043a\u043a\u0443\u043c\u0443\u043b\u044f\u0442\u043e\u0440 Bosch GBA 14,4\u0432 1,5A\u0447"},"content":{"rendered":"\n<p> Aku Bosch GBA 14,4v 1,5Ah\u00a0, heas seisu- ja t\u00f6\u00f6korras! <\/p><p> KIRJELDUS <\/p><p> Toote t\u00fc\u00fcp Aku <\/p><p> Kaubam\u00e4rk Bosch <\/p><p> Kaal 0.34 kg <\/p><p> M\u00f5eldud t\u00f6\u00f6riista jaoks Universaalne <\/p><p> Aku pinge 14 V <\/p><p> M\u00f5eldud br\u00e4ndi jaoks Bosch <\/p><p> Aku t\u00fc\u00fcp Li-ion <\/p><p> Aku maht 1500 mAh <\/p><p> Laadimistaseme indikaator Ei <\/p><p> Laadija kuulub komplekti Ei <\/p>\n","protected":false},"excerpt":{"rendered":"<p>Aku Bosch GBA 14,4v 1,5Ah\u00a0, heas seisu- ja t\u00f6\u00f6korras! KIRJELDUS Toote t\u00fc\u00fcp Aku Kaubam\u00e4rk Bosch Kaal 0.34 kg M\u00f5eldud t\u00f6\u00f6riista jaoks Universaalne Aku pinge 14 V M\u00f5eldud br\u00e4ndi jaoks Bosch Aku t\u00fc\u00fcp Li-ion Aku maht 1500 mAh Laadimistaseme indikaator Ei Laadija kuulub komplekti Ei<\/p>\n","protected":false},"featured_media":31675,"comment_status":"closed","ping_status":"open","template":"","meta":{"inline_featured_image":false},"product_brand":[],"product_cat":[223],"product_tag":[],"class_list":{"0":"post-31674","1":"product","2":"type-product","3":"status-publish","4":"has-post-thumbnail","6":"product_cat-vsyo-dlya-instrumenta","7":"pa_asukoht-lasnamae","8":"pa_seisukord-ispolzovano","10":"first","11":"instock","12":"taxable","13":"shipping-taxable","14":"purchasable","15":"product-type-simple"},"_links":{"self":[{"href":"https:\/\/a-pant.ee\/ru\/wp-json\/wp\/v2\/product\/31674","targetHints":{"allow":["GET"]}}],"collection":[{"href":"https:\/\/a-pant.ee\/ru\/wp-json\/wp\/v2\/product"}],"about":[{"href":"https:\/\/a-pant.ee\/ru\/wp-json\/wp\/v2\/types\/product"}],"replies":[{"embeddable":true,"href":"https:\/\/a-pant.ee\/ru\/wp-json\/wp\/v2\/comments?post=31674"}],"wp:featuredmedia":[{"embeddable":true,"href":"https:\/\/a-pant.ee\/ru\/wp-json\/wp\/v2\/media\/31675"}],"wp:attachment":[{"href":"https:\/\/a-pant.ee\/ru\/wp-json\/wp\/v2\/media?parent=31674"}],"wp:term":[{"taxonomy":"product_brand","embeddable":true,"href":"https:\/\/a-pant.ee\/ru\/wp-json\/wp\/v2\/product_brand?post=31674"},{"taxonomy":"product_cat","embeddable":true,"href":"https:\/\/a-pant.ee\/ru\/wp-json\/wp\/v2\/product_cat?post=31674"},{"taxonomy":"product_tag","embeddable":true,"href":"https:\/\/a-pant.ee\/ru\/wp-json\/wp\/v2\/product_tag?post=31674"}],"curies":[{"name":"wp","href":"https:\/\/api.w.org\/{rel}","templated":true}]}}