{"id":31661,"date":"2026-02-04T13:48:44","date_gmt":"2026-02-04T10:48:44","guid":{"rendered":"https:\/\/a-pant.ee\/product\/akudrel-probuilder-20v-1-3ah-li-ion-zaryadka\/"},"modified":"2026-02-22T12:21:27","modified_gmt":"2026-02-22T09:21:27","slug":"aku-drel-probuilder-20v-13ah-li-ion-zaryadka","status":"publish","type":"product","link":"https:\/\/a-pant.ee\/ru\/product\/aku-drel-probuilder-20v-13ah-li-ion-zaryadka\/","title":{"rendered":"\u0410\u043a\u0443-\u0434\u0440\u0435\u043b\u044c Probuilder 20V 1,3Ah Li-Ion + \u0437\u0430\u0440\u044f\u0434\u043a\u0430"},"content":{"rendered":"\n<p> Akutrell Probuilder 20V 1,3Ah Li-Ion + laadija\u00a0, t\u00f6\u00f6korras! <\/p><p> KIRJELDUS <\/p><p> 20V 1,3Ah Li-Ion aku. 3h laadija. P\u00f6\u00f6rdeid 0-650 p\/min, momente 18+1, maks. 25Nm, 10mm padrun. Puurimisv\u00f5imsus: teras 8 mm ja puit 10 mm. <\/p>\n","protected":false},"excerpt":{"rendered":"<p>Akutrell Probuilder 20V 1,3Ah Li-Ion + laadija\u00a0, t\u00f6\u00f6korras! KIRJELDUS 20V 1,3Ah Li-Ion aku. 3h laadija. P\u00f6\u00f6rdeid 0-650 p\/min, momente 18+1, maks. 25Nm, 10mm padrun. Puurimisv\u00f5imsus: teras 8 mm ja puit 10 mm.<\/p>\n","protected":false},"featured_media":31662,"comment_status":"closed","ping_status":"open","template":"","meta":{"inline_featured_image":false},"product_brand":[],"product_cat":[221],"product_tag":[],"class_list":{"0":"post-31661","1":"product","2":"type-product","3":"status-publish","4":"has-post-thumbnail","6":"product_cat-akkumulyatornye-dreli","7":"pa_asukoht-lasnamae","8":"pa_seisukord-ispolzovano","10":"first","11":"outofstock","12":"taxable","13":"shipping-taxable","14":"purchasable","15":"product-type-simple"},"_links":{"self":[{"href":"https:\/\/a-pant.ee\/ru\/wp-json\/wp\/v2\/product\/31661","targetHints":{"allow":["GET"]}}],"collection":[{"href":"https:\/\/a-pant.ee\/ru\/wp-json\/wp\/v2\/product"}],"about":[{"href":"https:\/\/a-pant.ee\/ru\/wp-json\/wp\/v2\/types\/product"}],"replies":[{"embeddable":true,"href":"https:\/\/a-pant.ee\/ru\/wp-json\/wp\/v2\/comments?post=31661"}],"wp:featuredmedia":[{"embeddable":true,"href":"https:\/\/a-pant.ee\/ru\/wp-json\/wp\/v2\/media\/31662"}],"wp:attachment":[{"href":"https:\/\/a-pant.ee\/ru\/wp-json\/wp\/v2\/media?parent=31661"}],"wp:term":[{"taxonomy":"product_brand","embeddable":true,"href":"https:\/\/a-pant.ee\/ru\/wp-json\/wp\/v2\/product_brand?post=31661"},{"taxonomy":"product_cat","embeddable":true,"href":"https:\/\/a-pant.ee\/ru\/wp-json\/wp\/v2\/product_cat?post=31661"},{"taxonomy":"product_tag","embeddable":true,"href":"https:\/\/a-pant.ee\/ru\/wp-json\/wp\/v2\/product_tag?post=31661"}],"curies":[{"name":"wp","href":"https:\/\/api.w.org\/{rel}","templated":true}]}}