{"id":31655,"date":"2026-02-04T13:48:44","date_gmt":"2026-02-04T10:48:44","guid":{"rendered":"https:\/\/a-pant.ee\/product\/naushniki-earbuds-true-wireless-joyroom-jr-db1-black\/"},"modified":"2026-02-22T12:21:27","modified_gmt":"2026-02-22T09:21:27","slug":"naushniki-earbuds-true-wireless-joyroom-jr-db1-black","status":"publish","type":"product","link":"https:\/\/a-pant.ee\/ru\/product\/naushniki-earbuds-true-wireless-joyroom-jr-db1-black\/","title":{"rendered":"\u041d\u0430\u0443\u0448\u043d\u0438\u043a\u0438 Earbuds True Wireless Joyroom JR-DB1 (Black)"},"content":{"rendered":"\n<p> K\u00f5rvaklappid Earbuds True Wireless Joyroom JR-DB1 (Black)\u00a0, t\u00f6\u00f6korras! <\/p><p> KIRJELDUS <\/p><ul><li> T\u00fc\u00fcp: k\u00f5rva sisestatavad, Bluetooth <\/li><li> Otstarve: universaalne <\/li><li> Mikrofon: jah <\/li><li> M\u00fcrasummutus: ei <\/li><li> V\u00e4rv: must <\/li><li> Pakendi kaal ja m\u00f5\u00f5tmed: 0,4 kg, 0,02 \u00d7 0,04 \u00d7 0,12 m <\/li><li> Kogus pakendis: 1 tk <\/li><\/ul>\n","protected":false},"excerpt":{"rendered":"<p>K\u00f5rvaklappid Earbuds True Wireless Joyroom JR-DB1 (Black)\u00a0, t\u00f6\u00f6korras! KIRJELDUS T\u00fc\u00fcp: k\u00f5rva sisestatavad, Bluetooth Otstarve: universaalne Mikrofon: jah M\u00fcrasummutus: ei V\u00e4rv: must Pakendi kaal ja m\u00f5\u00f5tmed: 0,4 kg, 0,02 \u00d7 0,04 \u00d7 0,12 m Kogus pakendis: 1 tk<\/p>\n","protected":false},"featured_media":31656,"comment_status":"closed","ping_status":"open","template":"","meta":{"inline_featured_image":false},"product_brand":[],"product_cat":[168],"product_tag":[],"class_list":{"0":"post-31655","1":"product","2":"type-product","3":"status-publish","4":"has-post-thumbnail","6":"product_cat-naushniki","7":"pa_asukoht-lasnamae","8":"pa_seisukord-ispolzovano","10":"first","11":"instock","12":"taxable","13":"shipping-taxable","14":"purchasable","15":"product-type-simple"},"_links":{"self":[{"href":"https:\/\/a-pant.ee\/ru\/wp-json\/wp\/v2\/product\/31655","targetHints":{"allow":["GET"]}}],"collection":[{"href":"https:\/\/a-pant.ee\/ru\/wp-json\/wp\/v2\/product"}],"about":[{"href":"https:\/\/a-pant.ee\/ru\/wp-json\/wp\/v2\/types\/product"}],"replies":[{"embeddable":true,"href":"https:\/\/a-pant.ee\/ru\/wp-json\/wp\/v2\/comments?post=31655"}],"wp:featuredmedia":[{"embeddable":true,"href":"https:\/\/a-pant.ee\/ru\/wp-json\/wp\/v2\/media\/31656"}],"wp:attachment":[{"href":"https:\/\/a-pant.ee\/ru\/wp-json\/wp\/v2\/media?parent=31655"}],"wp:term":[{"taxonomy":"product_brand","embeddable":true,"href":"https:\/\/a-pant.ee\/ru\/wp-json\/wp\/v2\/product_brand?post=31655"},{"taxonomy":"product_cat","embeddable":true,"href":"https:\/\/a-pant.ee\/ru\/wp-json\/wp\/v2\/product_cat?post=31655"},{"taxonomy":"product_tag","embeddable":true,"href":"https:\/\/a-pant.ee\/ru\/wp-json\/wp\/v2\/product_tag?post=31655"}],"curies":[{"name":"wp","href":"https:\/\/api.w.org\/{rel}","templated":true}]}}