{"id":31649,"date":"2026-02-04T13:48:44","date_gmt":"2026-02-04T10:48:44","guid":{"rendered":"https:\/\/a-pant.ee\/product\/perforator-rh2625-sds-plus\/"},"modified":"2026-02-22T12:21:27","modified_gmt":"2026-02-22T09:21:27","slug":"perforator-rh2625-sds-plius-yashik","status":"publish","type":"product","link":"https:\/\/a-pant.ee\/ru\/product\/perforator-rh2625-sds-plius-yashik\/","title":{"rendered":"\u041f\u0435\u0440\u0444\u043e\u0440\u0430\u0442\u043e\u0440 RH2625 SDS plius + \u044f\u0448\u0438\u043a"},"content":{"rendered":"\n<p> Puurvasar RH2625; SDS plius + kohver\u00a0, t\u00f6\u00f6korras! <\/p><p> KIRJELDUS <\/p><ul><li> Mootori t\u00fc\u00fcp: elektri <\/li><li> Puuriotsaku kinnitus: SDS-plus <\/li><li> T\u00fchik\u00e4igukiirus: 0\u2013900 p\/min <\/li><li> Maksimaalne kiirus: 900 p\/min <\/li><li> L\u00f6\u00f6gisagedus: 4000 l\u00f6\u00f6ki\/min <\/li><li> Kaal: 3.48 kg <\/li><\/ul>\n","protected":false},"excerpt":{"rendered":"<p>Puurvasar RH2625; SDS plius + kohver\u00a0, t\u00f6\u00f6korras! KIRJELDUS Mootori t\u00fc\u00fcp: elektri Puuriotsaku kinnitus: SDS-plus T\u00fchik\u00e4igukiirus: 0\u2013900 p\/min Maksimaalne kiirus: 900 p\/min L\u00f6\u00f6gisagedus: 4000 l\u00f6\u00f6ki\/min Kaal: 3.48 kg<\/p>\n","protected":false},"featured_media":31650,"comment_status":"closed","ping_status":"open","template":"","meta":{"inline_featured_image":false},"product_brand":[],"product_cat":[239],"product_tag":[],"class_list":{"0":"post-31649","1":"product","2":"type-product","3":"status-publish","4":"has-post-thumbnail","6":"product_cat-perforatory-i-dreli","7":"pa_asukoht-lasnamae","8":"pa_seisukord-ispolzovano","10":"first","11":"instock","12":"taxable","13":"shipping-taxable","14":"purchasable","15":"product-type-simple"},"_links":{"self":[{"href":"https:\/\/a-pant.ee\/ru\/wp-json\/wp\/v2\/product\/31649","targetHints":{"allow":["GET"]}}],"collection":[{"href":"https:\/\/a-pant.ee\/ru\/wp-json\/wp\/v2\/product"}],"about":[{"href":"https:\/\/a-pant.ee\/ru\/wp-json\/wp\/v2\/types\/product"}],"replies":[{"embeddable":true,"href":"https:\/\/a-pant.ee\/ru\/wp-json\/wp\/v2\/comments?post=31649"}],"wp:featuredmedia":[{"embeddable":true,"href":"https:\/\/a-pant.ee\/ru\/wp-json\/wp\/v2\/media\/31650"}],"wp:attachment":[{"href":"https:\/\/a-pant.ee\/ru\/wp-json\/wp\/v2\/media?parent=31649"}],"wp:term":[{"taxonomy":"product_brand","embeddable":true,"href":"https:\/\/a-pant.ee\/ru\/wp-json\/wp\/v2\/product_brand?post=31649"},{"taxonomy":"product_cat","embeddable":true,"href":"https:\/\/a-pant.ee\/ru\/wp-json\/wp\/v2\/product_cat?post=31649"},{"taxonomy":"product_tag","embeddable":true,"href":"https:\/\/a-pant.ee\/ru\/wp-json\/wp\/v2\/product_tag?post=31649"}],"curies":[{"name":"wp","href":"https:\/\/api.w.org\/{rel}","templated":true}]}}