{"id":31643,"date":"2026-02-04T13:48:44","date_gmt":"2026-02-04T10:48:44","guid":{"rendered":"https:\/\/a-pant.ee\/product\/akkumulyatornaya-drel-shurupovert-ferrex-20v\/"},"modified":"2026-02-22T12:21:26","modified_gmt":"2026-02-22T09:21:26","slug":"akkumulyatornaya-drel-shurupovert-ferrex-20v-2ah-2tk","status":"publish","type":"product","link":"https:\/\/a-pant.ee\/ru\/product\/akkumulyatornaya-drel-shurupovert-ferrex-20v-2ah-2tk\/","title":{"rendered":"\u0410\u043a\u043a\u0443\u043c\u0443\u043b\u044f\u0442\u043e\u0440\u043d\u0430\u044f \u0434\u0440\u0435\u043b\u044c-\u0448\u0443\u0440\u0443\u043f\u043e\u0432\u0435\u0440\u0442 FERREX 20v + 2ah 2tk"},"content":{"rendered":"\n<p> Akutrell FERREX 20v + 2ah 2tk + kohver + laadija\u00a0, t\u00f6\u00f6korras! <\/p><p> KIRJELDUS <\/p><ul><li> Innovatiivne harjadeta mootor: maksimaalne v\u00f5imsus ja vastupidavus <\/li><li> Pinge: 20 V <\/li><li> Kiirus: 0\u2013450 \/ 0\u20131600 p\/min <\/li><li> Padrun: 13 mm <\/li><li> Re\u017eiimid: 25 p\u00f6\u00f6rdemomendi taset + puurimine <\/li><li> Valgustus: ere LED <\/li><li> Komplektis: 8 HSS puure, 8 otsikut, magnetkinnitus, v\u00f6\u00f6klamber, laadija <\/li><li> Korpus: tugev pol\u00fcamiid ergonoomilise kattega <\/li><\/ul>\n","protected":false},"excerpt":{"rendered":"<p>Akutrell FERREX 20v + 2ah 2tk + kohver + laadija\u00a0, t\u00f6\u00f6korras! KIRJELDUS Innovatiivne harjadeta mootor: maksimaalne v\u00f5imsus ja vastupidavus Pinge: 20 V Kiirus: 0\u2013450 \/ 0\u20131600 p\/min Padrun: 13 mm Re\u017eiimid: 25 p\u00f6\u00f6rdemomendi taset + puurimine Valgustus: ere LED Komplektis: 8 HSS puure, 8 otsikut, magnetkinnitus, v\u00f6\u00f6klamber, laadija Korpus: tugev pol\u00fcamiid ergonoomilise kattega<\/p>\n","protected":false},"featured_media":31644,"comment_status":"closed","ping_status":"open","template":"","meta":{"inline_featured_image":false},"product_brand":[],"product_cat":[221],"product_tag":[],"class_list":{"0":"post-31643","1":"product","2":"type-product","3":"status-publish","4":"has-post-thumbnail","6":"product_cat-akkumulyatornye-dreli","7":"pa_asukoht-lasnamae","8":"pa_seisukord-ispolzovano","10":"first","11":"instock","12":"taxable","13":"shipping-taxable","14":"purchasable","15":"product-type-simple"},"_links":{"self":[{"href":"https:\/\/a-pant.ee\/ru\/wp-json\/wp\/v2\/product\/31643","targetHints":{"allow":["GET"]}}],"collection":[{"href":"https:\/\/a-pant.ee\/ru\/wp-json\/wp\/v2\/product"}],"about":[{"href":"https:\/\/a-pant.ee\/ru\/wp-json\/wp\/v2\/types\/product"}],"replies":[{"embeddable":true,"href":"https:\/\/a-pant.ee\/ru\/wp-json\/wp\/v2\/comments?post=31643"}],"wp:featuredmedia":[{"embeddable":true,"href":"https:\/\/a-pant.ee\/ru\/wp-json\/wp\/v2\/media\/31644"}],"wp:attachment":[{"href":"https:\/\/a-pant.ee\/ru\/wp-json\/wp\/v2\/media?parent=31643"}],"wp:term":[{"taxonomy":"product_brand","embeddable":true,"href":"https:\/\/a-pant.ee\/ru\/wp-json\/wp\/v2\/product_brand?post=31643"},{"taxonomy":"product_cat","embeddable":true,"href":"https:\/\/a-pant.ee\/ru\/wp-json\/wp\/v2\/product_cat?post=31643"},{"taxonomy":"product_tag","embeddable":true,"href":"https:\/\/a-pant.ee\/ru\/wp-json\/wp\/v2\/product_tag?post=31643"}],"curies":[{"name":"wp","href":"https:\/\/api.w.org\/{rel}","templated":true}]}}