{"id":31636,"date":"2026-02-04T13:48:44","date_gmt":"2026-02-04T10:48:44","guid":{"rendered":"https:\/\/a-pant.ee\/product\/gaikovert-parkside-pdss-310-b5\/"},"modified":"2026-02-22T12:21:26","modified_gmt":"2026-02-22T09:21:26","slug":"gajkovyort-parkside-pdss-310-b5-prinadlezhnosti-yashhik","status":"publish","type":"product","link":"https:\/\/a-pant.ee\/ru\/product\/gajkovyort-parkside-pdss-310-b5-prinadlezhnosti-yashhik\/","title":{"rendered":"\u0413\u0430\u0439\u043a\u043e\u0432\u0451\u0440\u0442 Parkside PDSS 310 B5 + \u043f\u0440\u0438\u043d\u0430\u0434\u043b\u0435\u0436\u043d\u043e\u0441\u0442\u0438 + \u044f\u0449\u0438\u043a"},"content":{"rendered":"\n<p> Mutrikeeraja Parkside PDSS 310 B5 + tarvukid + kohver, heas seisu- ja t\u00f6\u00f6korras! <\/p><p> KIRJELDUS <\/p><p> T\u00fc\u00fcp: pneumaatiline l\u00f6\u00f6g\u2011v\u00e4\u00e4naja <\/p><p> Maksimaalne p\u00f6\u00f6rdemoment: umbes 310 N\u00b7m <\/p><p> Nimiptaassagedus: umbes 7 000 p\/min <\/p><p> T\u00f6\u00f6r\u00f5hk: kuni 6,3 bar <\/p><p> Kinnitusruut: \u00bd\u2033 (\u224812,7 mm) <\/p><p> L\u00f6\u00f6giv\u00f5imsuse reguleerimine: 4 astet <\/p><p> Revers (paremale\/vasakule): olemas <\/p>\n","protected":false},"excerpt":{"rendered":"<p>Mutrikeeraja Parkside PDSS 310 B5 + tarvukid + kohver, heas seisu- ja t\u00f6\u00f6korras! KIRJELDUS T\u00fc\u00fcp: pneumaatiline l\u00f6\u00f6g\u2011v\u00e4\u00e4naja Maksimaalne p\u00f6\u00f6rdemoment: umbes 310 N\u00b7m Nimiptaassagedus: umbes 7 000 p\/min T\u00f6\u00f6r\u00f5hk: kuni 6,3 bar Kinnitusruut: \u00bd\u2033 (\u224812,7 mm) L\u00f6\u00f6giv\u00f5imsuse reguleerimine: 4 astet Revers (paremale\/vasakule): olemas<\/p>\n","protected":false},"featured_media":31637,"comment_status":"closed","ping_status":"open","template":"","meta":{"inline_featured_image":false},"product_brand":[],"product_cat":[236],"product_tag":[],"class_list":{"0":"post-31636","1":"product","2":"type-product","3":"status-publish","4":"has-post-thumbnail","6":"product_cat-pnevmaticheskij-instrument","7":"pa_asukoht-mustamae","8":"pa_seisukord-ispolzovano","10":"first","11":"instock","12":"taxable","13":"shipping-taxable","14":"purchasable","15":"product-type-simple"},"_links":{"self":[{"href":"https:\/\/a-pant.ee\/ru\/wp-json\/wp\/v2\/product\/31636","targetHints":{"allow":["GET"]}}],"collection":[{"href":"https:\/\/a-pant.ee\/ru\/wp-json\/wp\/v2\/product"}],"about":[{"href":"https:\/\/a-pant.ee\/ru\/wp-json\/wp\/v2\/types\/product"}],"replies":[{"embeddable":true,"href":"https:\/\/a-pant.ee\/ru\/wp-json\/wp\/v2\/comments?post=31636"}],"wp:featuredmedia":[{"embeddable":true,"href":"https:\/\/a-pant.ee\/ru\/wp-json\/wp\/v2\/media\/31637"}],"wp:attachment":[{"href":"https:\/\/a-pant.ee\/ru\/wp-json\/wp\/v2\/media?parent=31636"}],"wp:term":[{"taxonomy":"product_brand","embeddable":true,"href":"https:\/\/a-pant.ee\/ru\/wp-json\/wp\/v2\/product_brand?post=31636"},{"taxonomy":"product_cat","embeddable":true,"href":"https:\/\/a-pant.ee\/ru\/wp-json\/wp\/v2\/product_cat?post=31636"},{"taxonomy":"product_tag","embeddable":true,"href":"https:\/\/a-pant.ee\/ru\/wp-json\/wp\/v2\/product_tag?post=31636"}],"curies":[{"name":"wp","href":"https:\/\/api.w.org\/{rel}","templated":true}]}}