{"id":31624,"date":"2026-02-04T13:48:44","date_gmt":"2026-02-04T10:48:44","guid":{"rendered":"https:\/\/a-pant.ee\/product\/udarnaia-ritm-mashina-korg-volca-beats\/"},"modified":"2026-02-22T12:21:26","modified_gmt":"2026-02-22T09:21:26","slug":"udarnaya-ritm-mashina-korg-volca-beats-korobka-zardyaka","status":"publish","type":"product","link":"https:\/\/a-pant.ee\/ru\/product\/udarnaya-ritm-mashina-korg-volca-beats-korobka-zardyaka\/","title":{"rendered":"\u0423\u0434\u0430\u0440\u043d\u0430\u044f \u0440\u0438\u0442\u043c-\u043c\u0430\u0448\u0438\u043d\u0430 Korg Volca Beats + \u043a\u043e\u0440\u043e\u0431\u043a\u0430 + \u0437\u0430\u0440\u0434\u044f\u043a\u0430"},"content":{"rendered":"\n<p> Trummimasind Grooveboxid Korg Volca Beats + karp + laadija, heas seisu- ja t\u00f6\u00f6korras! <\/p><p> KIRJELDUS <\/p><p><br \/> Korg Volca Beats \u2013 kompaktne analoog\u2013PCM h\u00fcbriid trummimasin <br \/> Korg Volca Beats toob taskuformaadis tootmisj\u00f5u, mis peegeldab vintage elektrooniliste trummimasinate robustset v\u00f5lu. Kuus analoogset trummiheli ja neli PCM-samplet, 16-astmeline sekventser, patareitoide ja sisseehitatud k\u00f5lar teevad selle ideaalseks l\u00f6\u00f6kide loojaile ja esinejatele, kes soovivad saada toore r\u00fctmilise karakteri igal pool. <\/p><p> P\u00f5hifunktsioonid: <\/p><ul><li> Aanaloog- ja PCM-helid:\u00a06 analoogset h\u00e4\u00e4lt (kick, snare, tomid, hi-hatid) ja 4 PCM-helisid (klapp, klaves, agogo, crash). <\/li><li> Heli t\u00e4psustamine:\u00a0minimaalsed juhtnupud iga h\u00e4\u00e4le jaoks \u2014 click, pitch, decay, \u201csnappy\u201d, grain, PCM kiirus \u2014 heli kiireks muutmiseks. <\/li><li> Electribe-stiilis sekventser:\u00a016 sammu koos Active Step, Step Jump, Stutter efektiga ja motion sequencing d\u00fcnaamiliste mustrite loomiseks. <\/li><li> Kompaktne ja kaasaskantav:\u00a0patareitoide, sisseehitatud k\u00f5lar ja lihtne sync\/MIDI I\/O loovuseks k\u00f5ikjal. <\/li><\/ul><p> Kasutaja eelised: <br \/> Volca Beats v\u00f5imaldab luua rikkalikke, liikuvat r\u00fctmi klassikalise analoogse iseloomu ja lo-fi k\u00f5laga. Taktile reageeriv paigutus ja esituse funktsioonid muudavad trummide loomise intuitiivseks ja l\u00f5busaks \u2014 stuudios, laval v\u00f5i liikvel olles. <\/p><p> Kiired tehnilised andmed: <\/p><ul><li> M\u00f5\u00f5tmed: 19,3 \u00d7 11,5 \u00d7 4,6 cm <\/li><li> Kaal: 370 g (ilma patareideta) <\/li><li> Heliosad: 10 (6 analoogset, 4 PCM-samplet) <\/li><li> Sekventser: 16 sammu koos Active Step, Step Jump, Stutter, 8 mustri salvestus <\/li><li> \u00dchendused: k\u00f5rvaklappide\/line out, MIDI In, Sync In\/Out <\/li><li> Toide: 6 \u00d7 AA patareid (~10 h) v\u00f5i 9 V DC adapter <\/li><\/ul>\n","protected":false},"excerpt":{"rendered":"<p>Trummimasind Grooveboxid Korg Volca Beats + karp + laadija, heas seisu- ja t\u00f6\u00f6korras! KIRJELDUS Korg Volca Beats \u2013 kompaktne analoog\u2013PCM h\u00fcbriid trummimasin Korg Volca Beats toob taskuformaadis tootmisj\u00f5u, mis peegeldab vintage elektrooniliste trummimasinate robustset v\u00f5lu. Kuus analoogset trummiheli ja neli PCM-samplet, 16-astmeline sekventser, patareitoide ja sisseehitatud k\u00f5lar teevad selle ideaalseks l\u00f6\u00f6kide loojaile ja esinejatele, kes [&hellip;]<\/p>\n","protected":false},"featured_media":31625,"comment_status":"closed","ping_status":"closed","template":"","meta":{"inline_featured_image":false},"product_brand":[],"product_cat":[156],"product_tag":[],"class_list":{"0":"post-31624","1":"product","2":"type-product","3":"status-publish","4":"has-post-thumbnail","6":"product_cat-akusticheskoe-oborudovanie","7":"pa_asukoht-mustamae","8":"pa_seisukord-ispolzovano","10":"first","11":"outofstock","12":"taxable","13":"shipping-taxable","14":"purchasable","15":"product-type-simple"},"_links":{"self":[{"href":"https:\/\/a-pant.ee\/ru\/wp-json\/wp\/v2\/product\/31624","targetHints":{"allow":["GET"]}}],"collection":[{"href":"https:\/\/a-pant.ee\/ru\/wp-json\/wp\/v2\/product"}],"about":[{"href":"https:\/\/a-pant.ee\/ru\/wp-json\/wp\/v2\/types\/product"}],"replies":[{"embeddable":true,"href":"https:\/\/a-pant.ee\/ru\/wp-json\/wp\/v2\/comments?post=31624"}],"wp:featuredmedia":[{"embeddable":true,"href":"https:\/\/a-pant.ee\/ru\/wp-json\/wp\/v2\/media\/31625"}],"wp:attachment":[{"href":"https:\/\/a-pant.ee\/ru\/wp-json\/wp\/v2\/media?parent=31624"}],"wp:term":[{"taxonomy":"product_brand","embeddable":true,"href":"https:\/\/a-pant.ee\/ru\/wp-json\/wp\/v2\/product_brand?post=31624"},{"taxonomy":"product_cat","embeddable":true,"href":"https:\/\/a-pant.ee\/ru\/wp-json\/wp\/v2\/product_cat?post=31624"},{"taxonomy":"product_tag","embeddable":true,"href":"https:\/\/a-pant.ee\/ru\/wp-json\/wp\/v2\/product_tag?post=31624"}],"curies":[{"name":"wp","href":"https:\/\/api.w.org\/{rel}","templated":true}]}}