{"id":31617,"date":"2026-02-04T13:48:44","date_gmt":"2026-02-04T10:48:44","guid":{"rendered":"https:\/\/a-pant.ee\/product\/nivelir-dewalt-dw089k-s-chemodanom\/"},"modified":"2026-02-22T12:21:26","modified_gmt":"2026-02-22T09:21:26","slug":"nivelir-dewalt-dw089k-chemodan-steklo-tresnuto","status":"publish","type":"product","link":"https:\/\/a-pant.ee\/ru\/product\/nivelir-dewalt-dw089k-chemodan-steklo-tresnuto\/","title":{"rendered":"\u041d\u0438\u0432\u0435\u043b\u0438\u0440 DeWalt DW089K + \u0427\u0435\u043c\u043e\u0434\u0430\u043d \u0421\u0442\u0435\u043a\u043b\u043e \u0442\u0440\u0435\u0441\u043d\u0443\u0442\u043e"},"content":{"rendered":"\n<p><strong> Nivelir DeWalt DW089K + Kohver Katki Klaas <\/strong> , <\/p><p> KIRJELDUS <\/p><ul><li><strong> T\u00fc\u00fcp: <\/strong> isetasanduv kolmetasandiline joonlaser. <\/li><li><strong> Kiired: <\/strong> 3 (\u00fcks horisontaalne ja kaks vertikaalset, moodustavad 90\u00b0 nurga). <\/li><li><strong> T\u00e4psus: <\/strong> \u00b10,3 mm\/m. <\/li><li><strong> T\u00f6\u00f6ulatus: <\/strong> kuni 15 m <\/li><li><strong> Isetasandamine: <\/strong> \u00b14\u00b0 piires. <\/li><li><strong> Toide: <\/strong> 4 \u00d7 AA patareid (6 V). <\/li><li><strong> Statiivikeere: <\/strong> \u00bc\u2033. <\/li><li><strong> Laseriklass: <\/strong> 2 (&lt;1 mW). <\/li><li><strong> Kaal: <\/strong> umbes 0,8 kg. <\/li><\/ul>\n","protected":false},"excerpt":{"rendered":"<p>Nivelir DeWalt DW089K + Kohver Katki Klaas , KIRJELDUS T\u00fc\u00fcp: isetasanduv kolmetasandiline joonlaser. Kiired: 3 (\u00fcks horisontaalne ja kaks vertikaalset, moodustavad 90\u00b0 nurga). T\u00e4psus: \u00b10,3 mm\/m. T\u00f6\u00f6ulatus: kuni 15 m Isetasandamine: \u00b14\u00b0 piires. Toide: 4 \u00d7 AA patareid (6 V). Statiivikeere: \u00bc\u2033. Laseriklass: 2 (&lt;1 mW). Kaal: umbes 0,8 kg.<\/p>\n","protected":false},"featured_media":31618,"comment_status":"closed","ping_status":"open","template":"","meta":{"inline_featured_image":false},"product_brand":[],"product_cat":[232],"product_tag":[],"class_list":{"0":"post-31617","1":"product","2":"type-product","3":"status-publish","4":"has-post-thumbnail","6":"product_cat-lazernye-niveliry","7":"pa_asukoht-lasnamae","8":"pa_seisukord-ispolzovano","10":"first","11":"instock","12":"taxable","13":"shipping-taxable","14":"purchasable","15":"product-type-simple"},"_links":{"self":[{"href":"https:\/\/a-pant.ee\/ru\/wp-json\/wp\/v2\/product\/31617","targetHints":{"allow":["GET"]}}],"collection":[{"href":"https:\/\/a-pant.ee\/ru\/wp-json\/wp\/v2\/product"}],"about":[{"href":"https:\/\/a-pant.ee\/ru\/wp-json\/wp\/v2\/types\/product"}],"replies":[{"embeddable":true,"href":"https:\/\/a-pant.ee\/ru\/wp-json\/wp\/v2\/comments?post=31617"}],"wp:featuredmedia":[{"embeddable":true,"href":"https:\/\/a-pant.ee\/ru\/wp-json\/wp\/v2\/media\/31618"}],"wp:attachment":[{"href":"https:\/\/a-pant.ee\/ru\/wp-json\/wp\/v2\/media?parent=31617"}],"wp:term":[{"taxonomy":"product_brand","embeddable":true,"href":"https:\/\/a-pant.ee\/ru\/wp-json\/wp\/v2\/product_brand?post=31617"},{"taxonomy":"product_cat","embeddable":true,"href":"https:\/\/a-pant.ee\/ru\/wp-json\/wp\/v2\/product_cat?post=31617"},{"taxonomy":"product_tag","embeddable":true,"href":"https:\/\/a-pant.ee\/ru\/wp-json\/wp\/v2\/product_tag?post=31617"}],"curies":[{"name":"wp","href":"https:\/\/api.w.org\/{rel}","templated":true}]}}