{"id":31609,"date":"2026-02-04T13:48:44","date_gmt":"2026-02-04T10:48:44","guid":{"rendered":"https:\/\/a-pant.ee\/product\/elektro-samokat-xiaomi-m365-zaryadka\/"},"modified":"2026-02-22T12:21:26","modified_gmt":"2026-02-22T09:21:26","slug":"elektro-samokat-xiaomi-m365-zaryadka","status":"publish","type":"product","link":"https:\/\/a-pant.ee\/ru\/product\/elektro-samokat-xiaomi-m365-zaryadka\/","title":{"rendered":"\u042d\u043b\u0435\u043a\u0442\u0440\u043e-\u0441\u0430\u043c\u043e\u043a\u0430\u0442 Xiaomi M365 + \u0437\u0430\u0440\u044f\u0434\u043a\u0430"},"content":{"rendered":"\n<p> T\u00f5ukerattas Xiaomi M365 + laadija, t\u00f6\u00f6korras! <\/p><p> Taga tiiva ja jalg puudub <\/p><p> KIRJELDUS <\/p><p> Nominaalne v\u00f5imsus: 250 W <\/p><p> Maksimaalne kasutaja kaal: 100 kg <\/p><p> Ratta l\u00e4bim\u00f5\u00f5t: 8.5&#8243; (21.6 cm) <\/p><p> Maks. kiirus:25 km\/h <\/p>\n","protected":false},"excerpt":{"rendered":"<p>T\u00f5ukerattas Xiaomi M365 + laadija, t\u00f6\u00f6korras! Taga tiiva ja jalg puudub KIRJELDUS Nominaalne v\u00f5imsus: 250 W Maksimaalne kasutaja kaal: 100 kg Ratta l\u00e4bim\u00f5\u00f5t: 8.5&#8243; (21.6 cm) Maks. kiirus:25 km\/h<\/p>\n","protected":false},"featured_media":31610,"comment_status":"closed","ping_status":"open","template":"","meta":{"inline_featured_image":false},"product_brand":[],"product_cat":[215],"product_tag":[],"class_list":{"0":"post-31609","1":"product","2":"type-product","3":"status-publish","4":"has-post-thumbnail","6":"product_cat-elektricheskie-samokaty","7":"product_shipping_class-oversize","8":"pa_asukoht-mustamae","9":"pa_seisukord-ispolzovano","11":"first","12":"instock","13":"taxable","14":"shipping-taxable","15":"purchasable","16":"product-type-simple"},"_links":{"self":[{"href":"https:\/\/a-pant.ee\/ru\/wp-json\/wp\/v2\/product\/31609","targetHints":{"allow":["GET"]}}],"collection":[{"href":"https:\/\/a-pant.ee\/ru\/wp-json\/wp\/v2\/product"}],"about":[{"href":"https:\/\/a-pant.ee\/ru\/wp-json\/wp\/v2\/types\/product"}],"replies":[{"embeddable":true,"href":"https:\/\/a-pant.ee\/ru\/wp-json\/wp\/v2\/comments?post=31609"}],"wp:featuredmedia":[{"embeddable":true,"href":"https:\/\/a-pant.ee\/ru\/wp-json\/wp\/v2\/media\/31610"}],"wp:attachment":[{"href":"https:\/\/a-pant.ee\/ru\/wp-json\/wp\/v2\/media?parent=31609"}],"wp:term":[{"taxonomy":"product_brand","embeddable":true,"href":"https:\/\/a-pant.ee\/ru\/wp-json\/wp\/v2\/product_brand?post=31609"},{"taxonomy":"product_cat","embeddable":true,"href":"https:\/\/a-pant.ee\/ru\/wp-json\/wp\/v2\/product_cat?post=31609"},{"taxonomy":"product_tag","embeddable":true,"href":"https:\/\/a-pant.ee\/ru\/wp-json\/wp\/v2\/product_tag?post=31609"}],"curies":[{"name":"wp","href":"https:\/\/api.w.org\/{rel}","templated":true}]}}