{"id":31573,"date":"2026-02-04T13:48:44","date_gmt":"2026-02-04T10:48:44","guid":{"rendered":"https:\/\/a-pant.ee\/product\/naushniki-sennheiser-ie-100-pro\/"},"modified":"2026-02-22T12:21:25","modified_gmt":"2026-02-22T09:21:25","slug":"naushniki-sennheiser-ie-100-pro","status":"publish","type":"product","link":"https:\/\/a-pant.ee\/ru\/product\/naushniki-sennheiser-ie-100-pro\/","title":{"rendered":"\u041d\u0430\u0443\u0448\u043d\u0438\u043a\u0438 Sennheiser IE 100 Pro"},"content":{"rendered":"\n<p> K\u00f5rvaklapid Sennheiser IE 100 Pro + kott + ostik + karp\u00a0heas seisu- ja t\u00f6\u00f6korras! <\/p><p><br \/> KIRJELDUS <br \/><br \/> Takistus: 20 oomi <br \/> Sagedusvahemik: 20 Hz \u2013 18 kHz <br \/> Helir\u00f5hutase (SPL) 1 kHz juures: 115 dB (1 kHz \/ 1 Vrms) <br \/> Moonutus (THD): &lt; 0.1 % (1 kHz, 94 dB) <br \/> M\u00fcrasummutus: kuni 26 dB <br \/> Muuturi t\u00fc\u00fcp: d\u00fcnaamiline <br \/> Juhtme pikkus: 130 cm <\/p>\n","protected":false},"excerpt":{"rendered":"<p>K\u00f5rvaklapid Sennheiser IE 100 Pro + kott + ostik + karp\u00a0heas seisu- ja t\u00f6\u00f6korras! KIRJELDUS Takistus: 20 oomi Sagedusvahemik: 20 Hz \u2013 18 kHz Helir\u00f5hutase (SPL) 1 kHz juures: 115 dB (1 kHz \/ 1 Vrms) Moonutus (THD): &lt; 0.1 % (1 kHz, 94 dB) M\u00fcrasummutus: kuni 26 dB Muuturi t\u00fc\u00fcp: d\u00fcnaamiline Juhtme pikkus: 130 [&hellip;]<\/p>\n","protected":false},"featured_media":31574,"comment_status":"closed","ping_status":"closed","template":"","meta":{"inline_featured_image":false},"product_brand":[],"product_cat":[168],"product_tag":[],"class_list":{"0":"post-31573","1":"product","2":"type-product","3":"status-publish","4":"has-post-thumbnail","6":"product_cat-naushniki","7":"pa_asukoht-mustamae","8":"pa_seisukord-ispolzovano","10":"first","11":"outofstock","12":"taxable","13":"shipping-taxable","14":"purchasable","15":"product-type-simple"},"_links":{"self":[{"href":"https:\/\/a-pant.ee\/ru\/wp-json\/wp\/v2\/product\/31573","targetHints":{"allow":["GET"]}}],"collection":[{"href":"https:\/\/a-pant.ee\/ru\/wp-json\/wp\/v2\/product"}],"about":[{"href":"https:\/\/a-pant.ee\/ru\/wp-json\/wp\/v2\/types\/product"}],"replies":[{"embeddable":true,"href":"https:\/\/a-pant.ee\/ru\/wp-json\/wp\/v2\/comments?post=31573"}],"wp:featuredmedia":[{"embeddable":true,"href":"https:\/\/a-pant.ee\/ru\/wp-json\/wp\/v2\/media\/31574"}],"wp:attachment":[{"href":"https:\/\/a-pant.ee\/ru\/wp-json\/wp\/v2\/media?parent=31573"}],"wp:term":[{"taxonomy":"product_brand","embeddable":true,"href":"https:\/\/a-pant.ee\/ru\/wp-json\/wp\/v2\/product_brand?post=31573"},{"taxonomy":"product_cat","embeddable":true,"href":"https:\/\/a-pant.ee\/ru\/wp-json\/wp\/v2\/product_cat?post=31573"},{"taxonomy":"product_tag","embeddable":true,"href":"https:\/\/a-pant.ee\/ru\/wp-json\/wp\/v2\/product_tag?post=31573"}],"curies":[{"name":"wp","href":"https:\/\/api.w.org\/{rel}","templated":true}]}}