{"id":31567,"date":"2026-02-04T13:48:44","date_gmt":"2026-02-04T10:48:44","guid":{"rendered":"https:\/\/a-pant.ee\/product\/noutbuk-fujitsu-lifebook-s935-touchscreen\/"},"modified":"2026-02-22T12:21:25","modified_gmt":"2026-02-22T09:21:25","slug":"noutbuk-fujitsu-lifebook-s938-zaryadka","status":"publish","type":"product","link":"https:\/\/a-pant.ee\/ru\/product\/noutbuk-fujitsu-lifebook-s938-zaryadka\/","title":{"rendered":"\u041d\u043e\u0443\u0442\u0431\u0443\u043a Fujitsu Lifebook S938 + \u0437\u0430\u0440\u044f\u0434\u043a\u0430"},"content":{"rendered":"\n<p> Sulearvuti Fujitsu LifeBook S935 Touchscreen + laadija\u00a0, heas seisu- ja t\u00f6\u00f6korras! <\/p><p> KIRJELDUS <\/p><p> Protsessor (CPU) :Intel Core i7-5600U 2.60ghzz <\/p><p> Operatiiv m\u00e4lu : 12 GB <\/p><p> Videokaart (CPU):Intel Graphics 5500 128mb <\/p><p> K\u00f5vaketas: WDC WDS500G2B0A-00SM50 512 GB <\/p><p> Operatsioonis\u00fcsteem: Windows 10 PRO <\/p>\n","protected":false},"excerpt":{"rendered":"<p>Sulearvuti Fujitsu LifeBook S935 Touchscreen + laadija\u00a0, heas seisu- ja t\u00f6\u00f6korras! KIRJELDUS Protsessor (CPU) :Intel Core i7-5600U 2.60ghzz Operatiiv m\u00e4lu : 12 GB Videokaart (CPU):Intel Graphics 5500 128mb K\u00f5vaketas: WDC WDS500G2B0A-00SM50 512 GB Operatsioonis\u00fcsteem: Windows 10 PRO<\/p>\n","protected":false},"featured_media":31568,"comment_status":"closed","ping_status":"closed","template":"","meta":{"inline_featured_image":false},"product_brand":[],"product_cat":[179],"product_tag":[],"class_list":{"0":"post-31567","1":"product","2":"type-product","3":"status-publish","4":"has-post-thumbnail","6":"product_cat-noutbuki","7":"pa_asukoht-mustamae","8":"pa_seisukord-ispolzovano","10":"first","11":"outofstock","12":"taxable","13":"shipping-taxable","14":"purchasable","15":"product-type-simple"},"_links":{"self":[{"href":"https:\/\/a-pant.ee\/ru\/wp-json\/wp\/v2\/product\/31567","targetHints":{"allow":["GET"]}}],"collection":[{"href":"https:\/\/a-pant.ee\/ru\/wp-json\/wp\/v2\/product"}],"about":[{"href":"https:\/\/a-pant.ee\/ru\/wp-json\/wp\/v2\/types\/product"}],"replies":[{"embeddable":true,"href":"https:\/\/a-pant.ee\/ru\/wp-json\/wp\/v2\/comments?post=31567"}],"wp:featuredmedia":[{"embeddable":true,"href":"https:\/\/a-pant.ee\/ru\/wp-json\/wp\/v2\/media\/31568"}],"wp:attachment":[{"href":"https:\/\/a-pant.ee\/ru\/wp-json\/wp\/v2\/media?parent=31567"}],"wp:term":[{"taxonomy":"product_brand","embeddable":true,"href":"https:\/\/a-pant.ee\/ru\/wp-json\/wp\/v2\/product_brand?post=31567"},{"taxonomy":"product_cat","embeddable":true,"href":"https:\/\/a-pant.ee\/ru\/wp-json\/wp\/v2\/product_cat?post=31567"},{"taxonomy":"product_tag","embeddable":true,"href":"https:\/\/a-pant.ee\/ru\/wp-json\/wp\/v2\/product_tag?post=31567"}],"curies":[{"name":"wp","href":"https:\/\/api.w.org\/{rel}","templated":true}]}}