{"id":31559,"date":"2026-02-04T13:44:31","date_gmt":"2026-02-04T10:44:31","guid":{"rendered":"https:\/\/a-pant.ee\/product\/bolgarka-dewalt-dwe4257-defekt-kabela\/"},"modified":"2026-02-22T12:21:30","modified_gmt":"2026-02-22T09:21:30","slug":"bolgarka-dewalt-dwe4257-defekt-kabelya","status":"publish","type":"product","link":"https:\/\/a-pant.ee\/ru\/product\/bolgarka-dewalt-dwe4257-defekt-kabelya\/","title":{"rendered":"\u0411\u043e\u043b\u0433\u0430\u0440\u043a\u0430 DeWalt DWE4257 (\u0434\u0435\u0444\u0435\u043a\u0442 \u043a\u0430\u0431\u0435\u043b\u044f)"},"content":{"rendered":"\n<p> Relakas DeWalt DWE4257 (kaabel defekt)\u00a0, heas seisu- ja t\u00f6\u00f6korras! <\/p><p> KIRJELDUS <\/p><p> Toote t\u00fc\u00fcp Ketasl\u00f5ikur <\/p><p> Kaubam\u00e4rk Dewalt <\/p><p> Kaal 3 kg <\/p><p> V\u00f5imsus 1500 W <\/p><p> Elektrilise mootori t\u00fc\u00fcp Harjadega <\/p><p> P\u00f6\u00f6rete arv t\u00fchik\u00e4igul 2800-11000 <\/p><p> Paigalduskeere 14 mm\/M14 <\/p><p> Maksimaalne ketta l\u00e4bim\u00f5\u00f5t 125 mm <\/p>\n","protected":false},"excerpt":{"rendered":"<p>Relakas DeWalt DWE4257 (kaabel defekt)\u00a0, heas seisu- ja t\u00f6\u00f6korras! KIRJELDUS Toote t\u00fc\u00fcp Ketasl\u00f5ikur Kaubam\u00e4rk Dewalt Kaal 3 kg V\u00f5imsus 1500 W Elektrilise mootori t\u00fc\u00fcp Harjadega P\u00f6\u00f6rete arv t\u00fchik\u00e4igul 2800-11000 Paigalduskeere 14 mm\/M14 Maksimaalne ketta l\u00e4bim\u00f5\u00f5t 125 mm<\/p>\n","protected":false},"featured_media":31560,"comment_status":"closed","ping_status":"open","template":"","meta":{"inline_featured_image":false},"product_brand":[],"product_cat":[235],"product_tag":[],"class_list":{"0":"post-31559","1":"product","2":"type-product","3":"status-publish","4":"has-post-thumbnail","6":"product_cat-bolgarki","7":"pa_asukoht-lasnamae","8":"pa_seisukord-ispolzovano","10":"first","11":"outofstock","12":"taxable","13":"shipping-taxable","14":"purchasable","15":"product-type-simple"},"_links":{"self":[{"href":"https:\/\/a-pant.ee\/ru\/wp-json\/wp\/v2\/product\/31559","targetHints":{"allow":["GET"]}}],"collection":[{"href":"https:\/\/a-pant.ee\/ru\/wp-json\/wp\/v2\/product"}],"about":[{"href":"https:\/\/a-pant.ee\/ru\/wp-json\/wp\/v2\/types\/product"}],"replies":[{"embeddable":true,"href":"https:\/\/a-pant.ee\/ru\/wp-json\/wp\/v2\/comments?post=31559"}],"wp:featuredmedia":[{"embeddable":true,"href":"https:\/\/a-pant.ee\/ru\/wp-json\/wp\/v2\/media\/31560"}],"wp:attachment":[{"href":"https:\/\/a-pant.ee\/ru\/wp-json\/wp\/v2\/media?parent=31559"}],"wp:term":[{"taxonomy":"product_brand","embeddable":true,"href":"https:\/\/a-pant.ee\/ru\/wp-json\/wp\/v2\/product_brand?post=31559"},{"taxonomy":"product_cat","embeddable":true,"href":"https:\/\/a-pant.ee\/ru\/wp-json\/wp\/v2\/product_cat?post=31559"},{"taxonomy":"product_tag","embeddable":true,"href":"https:\/\/a-pant.ee\/ru\/wp-json\/wp\/v2\/product_tag?post=31559"}],"curies":[{"name":"wp","href":"https:\/\/api.w.org\/{rel}","templated":true}]}}