{"id":31553,"date":"2026-02-04T13:44:31","date_gmt":"2026-02-04T10:44:31","guid":{"rendered":"https:\/\/a-pant.ee\/product\/akkumulyatornaya-drel-bosch-gsr-1440-li\/"},"modified":"2026-02-22T12:21:30","modified_gmt":"2026-02-22T09:21:30","slug":"akkumulyatornaya-drel-bosch-gsr-1440-li-ak-15ach-144v","status":"publish","type":"product","link":"https:\/\/a-pant.ee\/ru\/product\/akkumulyatornaya-drel-bosch-gsr-1440-li-ak-15ach-144v\/","title":{"rendered":"\u0410\u043a\u043a\u0443\u043c\u0443\u043b\u044f\u0442\u043e\u0440\u043d\u0430\u044f \u0434\u0440\u0435\u043b\u044c Bosch GSR 1440-Li + ak 1,5A\u0447 14,4\u0432"},"content":{"rendered":"\n<p> Akutrell Bosch GSR 1440-Li + aku 1,5Ah 14,4v\u00a0, heas seisu- ja t\u00f6\u00f6korras! <\/p><p> KIRJELDUS <\/p><p> Tootja Bosch (Bosch) <\/p><p> T\u00fc\u00fcp L\u00f6\u00f6givaba <\/p><p> Toitet\u00fc\u00fcp Aku <\/p><p> T\u00f6\u00f6re\u017eiimid puurimine, kruvimine <\/p><p> Aku t\u00fc\u00fcp Li-ioon <\/p><p> Aku mahtuvus 1,5 Ah <\/p><p> Aku pinge 14,4 V <\/p><p> Puuritava ava l\u00e4bim\u00f5\u00f5t puidus (max) 25 mm <\/p>\n","protected":false},"excerpt":{"rendered":"<p>Akutrell Bosch GSR 1440-Li + aku 1,5Ah 14,4v\u00a0, heas seisu- ja t\u00f6\u00f6korras! KIRJELDUS Tootja Bosch (Bosch) T\u00fc\u00fcp L\u00f6\u00f6givaba Toitet\u00fc\u00fcp Aku T\u00f6\u00f6re\u017eiimid puurimine, kruvimine Aku t\u00fc\u00fcp Li-ioon Aku mahtuvus 1,5 Ah Aku pinge 14,4 V Puuritava ava l\u00e4bim\u00f5\u00f5t puidus (max) 25 mm<\/p>\n","protected":false},"featured_media":31554,"comment_status":"closed","ping_status":"open","template":"","meta":{"inline_featured_image":false},"product_brand":[],"product_cat":[221],"product_tag":[],"class_list":{"0":"post-31553","1":"product","2":"type-product","3":"status-publish","4":"has-post-thumbnail","6":"product_cat-akkumulyatornye-dreli","7":"pa_asukoht-lasnamae","8":"pa_seisukord-ispolzovano","10":"first","11":"instock","12":"taxable","13":"shipping-taxable","14":"purchasable","15":"product-type-simple"},"_links":{"self":[{"href":"https:\/\/a-pant.ee\/ru\/wp-json\/wp\/v2\/product\/31553","targetHints":{"allow":["GET"]}}],"collection":[{"href":"https:\/\/a-pant.ee\/ru\/wp-json\/wp\/v2\/product"}],"about":[{"href":"https:\/\/a-pant.ee\/ru\/wp-json\/wp\/v2\/types\/product"}],"replies":[{"embeddable":true,"href":"https:\/\/a-pant.ee\/ru\/wp-json\/wp\/v2\/comments?post=31553"}],"wp:featuredmedia":[{"embeddable":true,"href":"https:\/\/a-pant.ee\/ru\/wp-json\/wp\/v2\/media\/31554"}],"wp:attachment":[{"href":"https:\/\/a-pant.ee\/ru\/wp-json\/wp\/v2\/media?parent=31553"}],"wp:term":[{"taxonomy":"product_brand","embeddable":true,"href":"https:\/\/a-pant.ee\/ru\/wp-json\/wp\/v2\/product_brand?post=31553"},{"taxonomy":"product_cat","embeddable":true,"href":"https:\/\/a-pant.ee\/ru\/wp-json\/wp\/v2\/product_cat?post=31553"},{"taxonomy":"product_tag","embeddable":true,"href":"https:\/\/a-pant.ee\/ru\/wp-json\/wp\/v2\/product_tag?post=31553"}],"curies":[{"name":"wp","href":"https:\/\/api.w.org\/{rel}","templated":true}]}}