{"id":31546,"date":"2026-02-04T13:44:31","date_gmt":"2026-02-04T10:44:31","guid":{"rendered":"https:\/\/a-pant.ee\/product\/bluetooth-kolonka-typhoon-boom-l2-korobka\/"},"modified":"2026-02-22T12:21:30","modified_gmt":"2026-02-22T09:21:30","slug":"bluetooth-kolonka-typhoon-boom-l2-korobka","status":"publish","type":"product","link":"https:\/\/a-pant.ee\/ru\/product\/bluetooth-kolonka-typhoon-boom-l2-korobka\/","title":{"rendered":"Bluetooth \u043a\u043e\u043b\u043e\u043d\u043a\u0430 Typhoon Boom-L2 + \u043a\u043e\u0440\u043e\u0431\u043a\u0430"},"content":{"rendered":"\n<p> Bluetooth k\u00f5lar Typhoon Boom-L2 + karp\u00a0, heas seisu- ja t\u00f6\u00f6korras! <\/p><p> KIRJELDUS <\/p><p> Tootja Cellularline <\/p><p> T\u00fc\u00fcp Kaasaskantav k\u00f5lar <\/p><p> V\u00e4rv Must <\/p><p> Koguv\u00f5imsus (W) 30 <\/p><p> M\u00e4lukaardi pesa Ei <\/p><p> Sisend\u00fchendused 3,5 mm <\/p><p> Mikrofoni pesa Ei <\/p><p> Laadimisaeg Kuni 4 tundi <\/p><p> Aku t\u00f6\u00f6iga Kuni 10 tundi <\/p><p> Bluetooth Jah <\/p><p> Juhtimine Jah <\/p><p> LED-taustvalgustus Ei <\/p><p> NFC Jah <\/p><p> Toide Aku <\/p><p> Veekindel Jah <\/p><p> Veekindel t\u00fc\u00fcp IPX7 <\/p>\n","protected":false},"excerpt":{"rendered":"<p>Bluetooth k\u00f5lar Typhoon Boom-L2 + karp\u00a0, heas seisu- ja t\u00f6\u00f6korras! KIRJELDUS Tootja Cellularline T\u00fc\u00fcp Kaasaskantav k\u00f5lar V\u00e4rv Must Koguv\u00f5imsus (W) 30 M\u00e4lukaardi pesa Ei Sisend\u00fchendused 3,5 mm Mikrofoni pesa Ei Laadimisaeg Kuni 4 tundi Aku t\u00f6\u00f6iga Kuni 10 tundi Bluetooth Jah Juhtimine Jah LED-taustvalgustus Ei NFC Jah Toide Aku Veekindel Jah Veekindel t\u00fc\u00fcp IPX7<\/p>\n","protected":false},"featured_media":31547,"comment_status":"closed","ping_status":"open","template":"","meta":{"inline_featured_image":false},"product_brand":[],"product_cat":[167],"product_tag":[],"class_list":{"0":"post-31546","1":"product","2":"type-product","3":"status-publish","4":"has-post-thumbnail","6":"product_cat-kolonki","7":"pa_asukoht-lasnamae","8":"pa_seisukord-ispolzovano","10":"first","11":"instock","12":"taxable","13":"shipping-taxable","14":"purchasable","15":"product-type-simple"},"_links":{"self":[{"href":"https:\/\/a-pant.ee\/ru\/wp-json\/wp\/v2\/product\/31546","targetHints":{"allow":["GET"]}}],"collection":[{"href":"https:\/\/a-pant.ee\/ru\/wp-json\/wp\/v2\/product"}],"about":[{"href":"https:\/\/a-pant.ee\/ru\/wp-json\/wp\/v2\/types\/product"}],"replies":[{"embeddable":true,"href":"https:\/\/a-pant.ee\/ru\/wp-json\/wp\/v2\/comments?post=31546"}],"wp:featuredmedia":[{"embeddable":true,"href":"https:\/\/a-pant.ee\/ru\/wp-json\/wp\/v2\/media\/31547"}],"wp:attachment":[{"href":"https:\/\/a-pant.ee\/ru\/wp-json\/wp\/v2\/media?parent=31546"}],"wp:term":[{"taxonomy":"product_brand","embeddable":true,"href":"https:\/\/a-pant.ee\/ru\/wp-json\/wp\/v2\/product_brand?post=31546"},{"taxonomy":"product_cat","embeddable":true,"href":"https:\/\/a-pant.ee\/ru\/wp-json\/wp\/v2\/product_cat?post=31546"},{"taxonomy":"product_tag","embeddable":true,"href":"https:\/\/a-pant.ee\/ru\/wp-json\/wp\/v2\/product_tag?post=31546"}],"curies":[{"name":"wp","href":"https:\/\/api.w.org\/{rel}","templated":true}]}}