{"id":31532,"date":"2026-02-04T13:44:31","date_gmt":"2026-02-04T10:44:31","guid":{"rendered":"https:\/\/a-pant.ee\/product\/smart-chasy-apple-watch-ultra-gps-lte\/"},"modified":"2026-02-22T12:21:29","modified_gmt":"2026-02-22T09:21:29","slug":"smart-chasy-apple-watch-ultra-gps-lte-zaryadka","status":"publish","type":"product","link":"https:\/\/a-pant.ee\/ru\/product\/smart-chasy-apple-watch-ultra-gps-lte-zaryadka\/","title":{"rendered":"\u0421\u043c\u0430\u0440\u0442 \u0447\u0430\u0441\u044b Apple watch Ultra GPS\/LTE + \u0437\u0430\u0440\u044f\u0434\u043a\u0430"},"content":{"rendered":"\n<p> Nutikellad Apple watch Ultra GPS\/LTE + laadija\u00a0, heas seisu- ja t\u00f6\u00f6korras! <\/p><p> KIRJELDUS <\/p><p> Ekraan: Alati sissel\u00fclitatud LTPO OLED Retina 49mm 410 korda 502 pikslit <br \/> Kiip: S8 ja W3 ja U1 <br \/> Aku: Akukestvust kuni 36 tundi <br \/> Muu: GPS, GLONASS, Galileo, QZSS ja BeiDou Kompass <br \/> Alati sissel\u00fclitatud k\u00f5rgusm\u00f5\u00f5tur <br \/> Veekindel kuni 100 m s\u00fcgavusel <br \/> Vere hapniku\u00acsisalduse andur (rakendus Blood Oxygen) <br \/> Elektriline s\u00fcdameandur (EKG-rakendus) <br \/> Kolmanda p\u00f5lvkonna optiline pulsiandur <br \/> Rahvus\u00acvahelised h\u00e4daabik\u00f5ned <br \/> H\u00e4daolukorra SOS <br \/> G\u00fcroskoop <br \/> \u00dcmbritseva valguse andur <br \/> K\u00f5lar <br \/> Mikrofon <br \/> Apple Pay <br \/> GymKit <\/p><p> Aku 98% <\/p>\n","protected":false},"excerpt":{"rendered":"<p>Nutikellad Apple watch Ultra GPS\/LTE + laadija\u00a0, heas seisu- ja t\u00f6\u00f6korras! KIRJELDUS Ekraan: Alati sissel\u00fclitatud LTPO OLED Retina 49mm 410 korda 502 pikslit Kiip: S8 ja W3 ja U1 Aku: Akukestvust kuni 36 tundi Muu: GPS, GLONASS, Galileo, QZSS ja BeiDou Kompass Alati sissel\u00fclitatud k\u00f5rgusm\u00f5\u00f5tur Veekindel kuni 100 m s\u00fcgavusel Vere hapniku\u00acsisalduse andur (rakendus Blood [&hellip;]<\/p>\n","protected":false},"featured_media":31533,"comment_status":"closed","ping_status":"open","template":"","meta":{"inline_featured_image":false},"product_brand":[],"product_cat":[176],"product_tag":[],"class_list":{"0":"post-31532","1":"product","2":"type-product","3":"status-publish","4":"has-post-thumbnail","6":"product_cat-smart-chasy","7":"pa_asukoht-lasnamae","8":"pa_seisukord-ispolzovano","10":"first","11":"instock","12":"taxable","13":"shipping-taxable","14":"purchasable","15":"product-type-simple"},"_links":{"self":[{"href":"https:\/\/a-pant.ee\/ru\/wp-json\/wp\/v2\/product\/31532","targetHints":{"allow":["GET"]}}],"collection":[{"href":"https:\/\/a-pant.ee\/ru\/wp-json\/wp\/v2\/product"}],"about":[{"href":"https:\/\/a-pant.ee\/ru\/wp-json\/wp\/v2\/types\/product"}],"replies":[{"embeddable":true,"href":"https:\/\/a-pant.ee\/ru\/wp-json\/wp\/v2\/comments?post=31532"}],"wp:featuredmedia":[{"embeddable":true,"href":"https:\/\/a-pant.ee\/ru\/wp-json\/wp\/v2\/media\/31533"}],"wp:attachment":[{"href":"https:\/\/a-pant.ee\/ru\/wp-json\/wp\/v2\/media?parent=31532"}],"wp:term":[{"taxonomy":"product_brand","embeddable":true,"href":"https:\/\/a-pant.ee\/ru\/wp-json\/wp\/v2\/product_brand?post=31532"},{"taxonomy":"product_cat","embeddable":true,"href":"https:\/\/a-pant.ee\/ru\/wp-json\/wp\/v2\/product_cat?post=31532"},{"taxonomy":"product_tag","embeddable":true,"href":"https:\/\/a-pant.ee\/ru\/wp-json\/wp\/v2\/product_tag?post=31532"}],"curies":[{"name":"wp","href":"https:\/\/api.w.org\/{rel}","templated":true}]}}