{"id":31525,"date":"2026-02-04T13:44:31","date_gmt":"2026-02-04T10:44:31","guid":{"rendered":"https:\/\/a-pant.ee\/product\/noutbuk-acer-tm-p-255-zaryadka\/"},"modified":"2026-02-22T12:21:29","modified_gmt":"2026-02-22T09:21:29","slug":"noutbuk-acer-tm-p-255-zaryadka","status":"publish","type":"product","link":"https:\/\/a-pant.ee\/ru\/product\/noutbuk-acer-tm-p-255-zaryadka\/","title":{"rendered":"\u041d\u043e\u0443\u0442\u0431\u0443\u043a Acer tm p-255 + \u0417\u0430\u0440\u044f\u0434\u043a\u0430"},"content":{"rendered":"\n<p><strong> S\u00fclearvuti Acer tmp-255 + Laadija <\/strong> , t\u00f6\u00f6korras! <\/p><p> KIRJELDUS <\/p><p><br \/> Protsessor: Intel(R) Core(TM) i5-4200U 1,60Ghz 4 CPUs 2,30Ghz <\/p><p> Operatiiv m\u00e4lu: 8,0Gb DDR3 (8192 MB) <\/p><p> Videokaart: \u00a0Intel HD Graphics 128mb 4gb + AMD Radeon HD 8750M <\/p><p> K\u00f5vakettas: HDD Hitachi HTS547575A9E384 \u00a0750GB <\/p><p> Windows: Windows 10 PRO 64Bit <\/p>\n","protected":false},"excerpt":{"rendered":"<p>S\u00fclearvuti Acer tmp-255 + Laadija , t\u00f6\u00f6korras! KIRJELDUS Protsessor: Intel(R) Core(TM) i5-4200U 1,60Ghz 4 CPUs 2,30Ghz Operatiiv m\u00e4lu: 8,0Gb DDR3 (8192 MB) Videokaart: \u00a0Intel HD Graphics 128mb 4gb + AMD Radeon HD 8750M K\u00f5vakettas: HDD Hitachi HTS547575A9E384 \u00a0750GB Windows: Windows 10 PRO 64Bit<\/p>\n","protected":false},"featured_media":31526,"comment_status":"closed","ping_status":"open","template":"","meta":{"inline_featured_image":false},"product_brand":[],"product_cat":[179],"product_tag":[],"class_list":{"0":"post-31525","1":"product","2":"type-product","3":"status-publish","4":"has-post-thumbnail","6":"product_cat-noutbuki","7":"pa_asukoht-lasnamae","8":"pa_seisukord-ispolzovano","10":"first","11":"instock","12":"taxable","13":"shipping-taxable","14":"purchasable","15":"product-type-simple"},"_links":{"self":[{"href":"https:\/\/a-pant.ee\/ru\/wp-json\/wp\/v2\/product\/31525","targetHints":{"allow":["GET"]}}],"collection":[{"href":"https:\/\/a-pant.ee\/ru\/wp-json\/wp\/v2\/product"}],"about":[{"href":"https:\/\/a-pant.ee\/ru\/wp-json\/wp\/v2\/types\/product"}],"replies":[{"embeddable":true,"href":"https:\/\/a-pant.ee\/ru\/wp-json\/wp\/v2\/comments?post=31525"}],"wp:featuredmedia":[{"embeddable":true,"href":"https:\/\/a-pant.ee\/ru\/wp-json\/wp\/v2\/media\/31526"}],"wp:attachment":[{"href":"https:\/\/a-pant.ee\/ru\/wp-json\/wp\/v2\/media?parent=31525"}],"wp:term":[{"taxonomy":"product_brand","embeddable":true,"href":"https:\/\/a-pant.ee\/ru\/wp-json\/wp\/v2\/product_brand?post=31525"},{"taxonomy":"product_cat","embeddable":true,"href":"https:\/\/a-pant.ee\/ru\/wp-json\/wp\/v2\/product_cat?post=31525"},{"taxonomy":"product_tag","embeddable":true,"href":"https:\/\/a-pant.ee\/ru\/wp-json\/wp\/v2\/product_tag?post=31525"}],"curies":[{"name":"wp","href":"https:\/\/api.w.org\/{rel}","templated":true}]}}