{"id":31518,"date":"2026-02-04T13:44:31","date_gmt":"2026-02-04T10:44:31","guid":{"rendered":"https:\/\/a-pant.ee\/product\/smartfon-apple-iphone-8-64gb\/"},"modified":"2026-02-22T12:21:29","modified_gmt":"2026-02-22T09:21:29","slug":"smartfon-apple-iphone-8-64gb-aku-83","status":"publish","type":"product","link":"https:\/\/a-pant.ee\/ru\/product\/smartfon-apple-iphone-8-64gb-aku-83\/","title":{"rendered":"\u0421\u043c\u0430\u0440\u0442\u0444\u043e\u043d  Apple Iphone 8 64gb \u0430\u043a\u0443 83%"},"content":{"rendered":"\n<p><strong> Nutitelefon Apple Iphone 8 64gb aku 83% <\/strong> , t\u00f6\u00f6korras! <\/p><p> KIRJELDUS <\/p><ul><li><strong> V\u00e4ljalaskekuup\u00e4ev: <\/strong> september 2017 <\/li><li><strong> Ekraan: <\/strong> 4,7-tolline Retina HD, IPS, resolutsioon 1334\u00d7750 <\/li><li><strong> Protsessor: <\/strong> Apple A11 Bionic (6-tuumaline) <\/li><li><strong> RAM: <\/strong> 2 GB <\/li><li><strong> Sisseehitatud m\u00e4lu: <\/strong> 64 GB <\/li><li><strong> Kaamerad: <\/strong><ul><li> Tagumine: 12 MP, f\/1.8, optiline stabilisaator <\/li><li> Esikaamera: 7 MP, f\/2.2 <\/li><\/ul><\/li><li><strong> Video: <\/strong> 4K kuni 60 kaadrit\/s, aegluubis 1080p kuni 240 kaadrit\/s <\/li><li><strong> Aku: <\/strong> umbes 1821 mAh, toetab kiir- ja juhtmevaba laadimist (Qi) <\/li><li><strong> Operatsioonis\u00fcsteem: <\/strong> iOS (alguses iOS 11, uuendatav kuni iOS 16) <\/li><li><strong> Korpus: <\/strong> klaas ja alumiinium <\/li><li><strong> Muud omadused: <\/strong><ul><li> Touch ID (s\u00f5rmej\u00e4ljelugeja) <\/li><li> Tolmu- ja veekindlus (IP67) <\/li><li> Bluetooth 5.0, NFC (ainult Apple Pay jaoks) <\/li><\/ul><\/li><\/ul><p> \u00a0 <\/p>\n","protected":false},"excerpt":{"rendered":"<p>Nutitelefon Apple Iphone 8 64gb aku 83% , t\u00f6\u00f6korras! KIRJELDUS V\u00e4ljalaskekuup\u00e4ev: september 2017 Ekraan: 4,7-tolline Retina HD, IPS, resolutsioon 1334\u00d7750 Protsessor: Apple A11 Bionic (6-tuumaline) RAM: 2 GB Sisseehitatud m\u00e4lu: 64 GB Kaamerad: Tagumine: 12 MP, f\/1.8, optiline stabilisaator Esikaamera: 7 MP, f\/2.2 Video: 4K kuni 60 kaadrit\/s, aegluubis 1080p kuni 240 kaadrit\/s Aku: umbes [&hellip;]<\/p>\n","protected":false},"featured_media":31519,"comment_status":"closed","ping_status":"closed","template":"","meta":{"inline_featured_image":false},"product_brand":[],"product_cat":[171],"product_tag":[],"class_list":{"0":"post-31518","1":"product","2":"type-product","3":"status-publish","4":"has-post-thumbnail","6":"product_cat-mobilnye-telefony","7":"pa_asukoht-lasnamae","8":"pa_seisukord-ispolzovano","10":"first","11":"outofstock","12":"taxable","13":"shipping-taxable","14":"purchasable","15":"product-type-simple"},"_links":{"self":[{"href":"https:\/\/a-pant.ee\/ru\/wp-json\/wp\/v2\/product\/31518","targetHints":{"allow":["GET"]}}],"collection":[{"href":"https:\/\/a-pant.ee\/ru\/wp-json\/wp\/v2\/product"}],"about":[{"href":"https:\/\/a-pant.ee\/ru\/wp-json\/wp\/v2\/types\/product"}],"replies":[{"embeddable":true,"href":"https:\/\/a-pant.ee\/ru\/wp-json\/wp\/v2\/comments?post=31518"}],"wp:featuredmedia":[{"embeddable":true,"href":"https:\/\/a-pant.ee\/ru\/wp-json\/wp\/v2\/media\/31519"}],"wp:attachment":[{"href":"https:\/\/a-pant.ee\/ru\/wp-json\/wp\/v2\/media?parent=31518"}],"wp:term":[{"taxonomy":"product_brand","embeddable":true,"href":"https:\/\/a-pant.ee\/ru\/wp-json\/wp\/v2\/product_brand?post=31518"},{"taxonomy":"product_cat","embeddable":true,"href":"https:\/\/a-pant.ee\/ru\/wp-json\/wp\/v2\/product_cat?post=31518"},{"taxonomy":"product_tag","embeddable":true,"href":"https:\/\/a-pant.ee\/ru\/wp-json\/wp\/v2\/product_tag?post=31518"}],"curies":[{"name":"wp","href":"https:\/\/api.w.org\/{rel}","templated":true}]}}