{"id":31445,"date":"2026-02-04T13:41:41","date_gmt":"2026-02-04T10:41:41","guid":{"rendered":"https:\/\/a-pant.ee\/product\/sabelnaya-pila-makita-djr186\/"},"modified":"2026-02-22T12:21:32","modified_gmt":"2026-02-22T09:21:32","slug":"sabelnaya-pila-makita-djr186","status":"publish","type":"product","link":"https:\/\/a-pant.ee\/ru\/product\/sabelnaya-pila-makita-djr186\/","title":{"rendered":"\u0421\u0430\u0431\u0435\u043b\u044c\u043d\u0430\u044f \u043f\u0438\u043b\u0430 Makita DJR186"},"content":{"rendered":"\n<p> Tiigersaag Makita DJR186\u00a0, heas seisu- ja t\u00f6\u00f6korras! <\/p><p> KIRJELDUS <\/p><p> T\u00fc\u00fcp: akuga tikksaag (sabelsaag) <\/p><p> Pinge: 18 V <\/p><p> L\u00f6\u00f6gisagedus: 0\u20132 800 l\u00f6\u00f6ki\/min <\/p><p> L\u00f6\u00f6gipikkus: 32 mm <\/p><p> Maks. l\u00f5ikes\u00fcgavus puidus: 255 mm <\/p><p> Maks. l\u00f5ikes\u00fcgavus torus: 130 mm <\/p><p> Kiire tera vahetus ilma v\u00f5tmeta <\/p><p> Ergonomiline kummist k\u00e4epide <\/p><p> T\u00f6\u00f6riista pikkus: 486 mm <\/p><p> Kaal: 3,8 kg <\/p>\n","protected":false},"excerpt":{"rendered":"<p>Tiigersaag Makita DJR186\u00a0, heas seisu- ja t\u00f6\u00f6korras! KIRJELDUS T\u00fc\u00fcp: akuga tikksaag (sabelsaag) Pinge: 18 V L\u00f6\u00f6gisagedus: 0\u20132 800 l\u00f6\u00f6ki\/min L\u00f6\u00f6gipikkus: 32 mm Maks. l\u00f5ikes\u00fcgavus puidus: 255 mm Maks. l\u00f5ikes\u00fcgavus torus: 130 mm Kiire tera vahetus ilma v\u00f5tmeta Ergonomiline kummist k\u00e4epide T\u00f6\u00f6riista pikkus: 486 mm Kaal: 3,8 kg<\/p>\n","protected":false},"featured_media":31446,"comment_status":"closed","ping_status":"closed","template":"","meta":{"inline_featured_image":false},"product_brand":[],"product_cat":[243],"product_tag":[],"class_list":{"0":"post-31445","1":"product","2":"type-product","3":"status-publish","4":"has-post-thumbnail","6":"product_cat-sabelnye-pily","7":"pa_asukoht-mustamae","8":"pa_seisukord-ispolzovano","10":"first","11":"outofstock","12":"taxable","13":"shipping-taxable","14":"purchasable","15":"product-type-simple"},"_links":{"self":[{"href":"https:\/\/a-pant.ee\/ru\/wp-json\/wp\/v2\/product\/31445","targetHints":{"allow":["GET"]}}],"collection":[{"href":"https:\/\/a-pant.ee\/ru\/wp-json\/wp\/v2\/product"}],"about":[{"href":"https:\/\/a-pant.ee\/ru\/wp-json\/wp\/v2\/types\/product"}],"replies":[{"embeddable":true,"href":"https:\/\/a-pant.ee\/ru\/wp-json\/wp\/v2\/comments?post=31445"}],"wp:featuredmedia":[{"embeddable":true,"href":"https:\/\/a-pant.ee\/ru\/wp-json\/wp\/v2\/media\/31446"}],"wp:attachment":[{"href":"https:\/\/a-pant.ee\/ru\/wp-json\/wp\/v2\/media?parent=31445"}],"wp:term":[{"taxonomy":"product_brand","embeddable":true,"href":"https:\/\/a-pant.ee\/ru\/wp-json\/wp\/v2\/product_brand?post=31445"},{"taxonomy":"product_cat","embeddable":true,"href":"https:\/\/a-pant.ee\/ru\/wp-json\/wp\/v2\/product_cat?post=31445"},{"taxonomy":"product_tag","embeddable":true,"href":"https:\/\/a-pant.ee\/ru\/wp-json\/wp\/v2\/product_tag?post=31445"}],"curies":[{"name":"wp","href":"https:\/\/api.w.org\/{rel}","templated":true}]}}