{"id":31434,"date":"2026-02-04T13:41:41","date_gmt":"2026-02-04T10:41:41","guid":{"rendered":"https:\/\/a-pant.ee\/product\/chasy-lorus-vd53-x252\/"},"modified":"2026-02-22T12:21:31","modified_gmt":"2026-02-22T09:21:31","slug":"chasy-na-ruku-lorus-vd53-x252","status":"publish","type":"product","link":"https:\/\/a-pant.ee\/ru\/product\/chasy-na-ruku-lorus-vd53-x252\/","title":{"rendered":"\u0427\u0430\u0441\u044b \u043d\u0430 \u0440\u0443\u043a\u0443 Lorus VD53-X252"},"content":{"rendered":"\n<p><strong> K\u00e4ekellad Lorus VD53-X252 <\/strong> , t\u00f6\u00f6korras! <\/p><p> KIRJELDUS <\/p><ul><li><strong> Mehhanism: <\/strong> kvartsmehhanism Seiko VD53 <\/li><li><strong> Funktsioonid: <\/strong> tunnid, minutid, sekundid, kuup\u00e4ev, 24-tunnine n\u00e4idik, stopper (kuni 60 minutit) <\/li><li><strong> Korpus: <\/strong> roostevaba teras <\/li><li><strong> Klaas: <\/strong> mineraalklaas <\/li><li><strong> Korpuse l\u00e4bim\u00f5\u00f5t: <\/strong> umbes 41\u201342 mm <\/li><li><strong> Veekindlus: <\/strong> kuni 100 m (10 bar) \u2014 enamikul selle kaliibriga mudelitel <\/li><li><strong> Rihm: <\/strong> \u00a0nahk <\/li><li><strong> Eriomadused: <\/strong> kolm lisa-alamketast, t\u00e4pne Jaapani kvarts, sportlik stiil <\/li><\/ul><p> \u00a0 <\/p>\n","protected":false},"excerpt":{"rendered":"<p>K\u00e4ekellad Lorus VD53-X252 , t\u00f6\u00f6korras! KIRJELDUS Mehhanism: kvartsmehhanism Seiko VD53 Funktsioonid: tunnid, minutid, sekundid, kuup\u00e4ev, 24-tunnine n\u00e4idik, stopper (kuni 60 minutit) Korpus: roostevaba teras Klaas: mineraalklaas Korpuse l\u00e4bim\u00f5\u00f5t: umbes 41\u201342 mm Veekindlus: kuni 100 m (10 bar) \u2014 enamikul selle kaliibriga mudelitel Rihm: \u00a0nahk Eriomadused: kolm lisa-alamketast, t\u00e4pne Jaapani kvarts, sportlik stiil \u00a0<\/p>\n","protected":false},"featured_media":31435,"comment_status":"closed","ping_status":"open","template":"","meta":{"inline_featured_image":false},"product_brand":[],"product_cat":[211],"product_tag":[],"class_list":{"0":"post-31434","1":"product","2":"type-product","3":"status-publish","4":"has-post-thumbnail","6":"product_cat-muzhskie-chasy","7":"pa_asukoht-lasnamae","8":"pa_seisukord-ispolzovano","10":"first","11":"outofstock","12":"taxable","13":"shipping-taxable","14":"purchasable","15":"product-type-simple"},"_links":{"self":[{"href":"https:\/\/a-pant.ee\/ru\/wp-json\/wp\/v2\/product\/31434","targetHints":{"allow":["GET"]}}],"collection":[{"href":"https:\/\/a-pant.ee\/ru\/wp-json\/wp\/v2\/product"}],"about":[{"href":"https:\/\/a-pant.ee\/ru\/wp-json\/wp\/v2\/types\/product"}],"replies":[{"embeddable":true,"href":"https:\/\/a-pant.ee\/ru\/wp-json\/wp\/v2\/comments?post=31434"}],"wp:featuredmedia":[{"embeddable":true,"href":"https:\/\/a-pant.ee\/ru\/wp-json\/wp\/v2\/media\/31435"}],"wp:attachment":[{"href":"https:\/\/a-pant.ee\/ru\/wp-json\/wp\/v2\/media?parent=31434"}],"wp:term":[{"taxonomy":"product_brand","embeddable":true,"href":"https:\/\/a-pant.ee\/ru\/wp-json\/wp\/v2\/product_brand?post=31434"},{"taxonomy":"product_cat","embeddable":true,"href":"https:\/\/a-pant.ee\/ru\/wp-json\/wp\/v2\/product_cat?post=31434"},{"taxonomy":"product_tag","embeddable":true,"href":"https:\/\/a-pant.ee\/ru\/wp-json\/wp\/v2\/product_tag?post=31434"}],"curies":[{"name":"wp","href":"https:\/\/api.w.org\/{rel}","templated":true}]}}