{"id":31429,"date":"2026-02-04T13:41:41","date_gmt":"2026-02-04T10:41:41","guid":{"rendered":"https:\/\/a-pant.ee\/product\/mnogofunktsionalnyy-shurupovert-black-and-decker-kc2000f\/"},"modified":"2026-02-22T12:21:31","modified_gmt":"2026-02-22T09:21:31","slug":"mnogofunkczionalnyj-black-and-decker-kc2000f-quattro","status":"publish","type":"product","link":"https:\/\/a-pant.ee\/ru\/product\/mnogofunkczionalnyj-black-and-decker-kc2000f-quattro\/","title":{"rendered":"M\u043d\u043e\u0433\u043e\u0444\u0443\u043d\u043a\u0446\u0438\u043e\u043d\u0430\u043b\u044c\u043d\u044b\u0439 Black and Decker KC2000f Quattro"},"content":{"rendered":"\n<p> Multifunkstionaalne Black and Decker KC2000f Quattro + kohver + ostik + aku + laadija\u00a0, heas seisu- ja t\u00f6\u00f6korras! <\/p><p> KIRJELDUS <br \/><br \/> T\u00fc\u00fcp: multifunktsionaalne akutrell <\/p><ul><li> Mudel: KC2000F <\/li><li> Pinge: 12 V <\/li><li> Puurimise maksimaalne kiirus: 700 p\/min <\/li><li> Sae maksimaalne kiirus: 3000 p\/min <\/li><li> Lihvija maksimaalne kiirus: 8000 p\/min <\/li><li> Seisukord: heas korras <\/li><\/ul>\n","protected":false},"excerpt":{"rendered":"<p>Multifunkstionaalne Black and Decker KC2000f Quattro + kohver + ostik + aku + laadija\u00a0, heas seisu- ja t\u00f6\u00f6korras! KIRJELDUS T\u00fc\u00fcp: multifunktsionaalne akutrell Mudel: KC2000F Pinge: 12 V Puurimise maksimaalne kiirus: 700 p\/min Sae maksimaalne kiirus: 3000 p\/min Lihvija maksimaalne kiirus: 8000 p\/min Seisukord: heas korras<\/p>\n","protected":false},"featured_media":31430,"comment_status":"closed","ping_status":"closed","template":"","meta":{"inline_featured_image":false},"product_brand":[],"product_cat":[247],"product_tag":[],"class_list":{"0":"post-31429","1":"product","2":"type-product","3":"status-publish","4":"has-post-thumbnail","6":"product_cat-universalnye-instrumenty","7":"pa_asukoht-mustamae","8":"pa_seisukord-ispolzovano","10":"first","11":"outofstock","12":"taxable","13":"shipping-taxable","14":"purchasable","15":"product-type-simple"},"_links":{"self":[{"href":"https:\/\/a-pant.ee\/ru\/wp-json\/wp\/v2\/product\/31429","targetHints":{"allow":["GET"]}}],"collection":[{"href":"https:\/\/a-pant.ee\/ru\/wp-json\/wp\/v2\/product"}],"about":[{"href":"https:\/\/a-pant.ee\/ru\/wp-json\/wp\/v2\/types\/product"}],"replies":[{"embeddable":true,"href":"https:\/\/a-pant.ee\/ru\/wp-json\/wp\/v2\/comments?post=31429"}],"wp:featuredmedia":[{"embeddable":true,"href":"https:\/\/a-pant.ee\/ru\/wp-json\/wp\/v2\/media\/31430"}],"wp:attachment":[{"href":"https:\/\/a-pant.ee\/ru\/wp-json\/wp\/v2\/media?parent=31429"}],"wp:term":[{"taxonomy":"product_brand","embeddable":true,"href":"https:\/\/a-pant.ee\/ru\/wp-json\/wp\/v2\/product_brand?post=31429"},{"taxonomy":"product_cat","embeddable":true,"href":"https:\/\/a-pant.ee\/ru\/wp-json\/wp\/v2\/product_cat?post=31429"},{"taxonomy":"product_tag","embeddable":true,"href":"https:\/\/a-pant.ee\/ru\/wp-json\/wp\/v2\/product_tag?post=31429"}],"curies":[{"name":"wp","href":"https:\/\/api.w.org\/{rel}","templated":true}]}}