{"id":31417,"date":"2026-02-04T13:41:41","date_gmt":"2026-02-04T10:41:41","guid":{"rendered":"https:\/\/a-pant.ee\/product\/noutbuk-dell-latitude-e5470-zaryadka\/"},"modified":"2026-02-22T12:21:31","modified_gmt":"2026-02-22T09:21:31","slug":"noutbuk-dell-latitude-e5470-zaryadka","status":"publish","type":"product","link":"https:\/\/a-pant.ee\/ru\/product\/noutbuk-dell-latitude-e5470-zaryadka\/","title":{"rendered":"\u041d\u043e\u0443\u0442\u0431\u0443\u043a Dell latitude E5470 + \u0417\u0430\u0440\u044f\u0434\u043a\u0430"},"content":{"rendered":"\n<p> S\u00fclearvuti Dell latitude E5470 + Laadija\u00a0, heas seisu- ja t\u00f6\u00f6korras! <\/p><p> KIRJELDUS <br \/><br \/> Protsessor: Intel(R) Core(TM) i5-6300U CPU @ 2.40GHz (4 CPUs), ~2.5GHz <\/p><p> Operatiiv m\u00e4lu: 8,0Gb DDR3 (8192 MB) <\/p><p> Videokaart: Intel HD Graphics 128mb 4gb <\/p><p> K\u00f5vakettas: SanDisk SD8SB8U-128G-1006 128GB <\/p><p> Windows: Windows 10 PRO <\/p>\n","protected":false},"excerpt":{"rendered":"<p>S\u00fclearvuti Dell latitude E5470 + Laadija\u00a0, heas seisu- ja t\u00f6\u00f6korras! KIRJELDUS Protsessor: Intel(R) Core(TM) i5-6300U CPU @ 2.40GHz (4 CPUs), ~2.5GHz Operatiiv m\u00e4lu: 8,0Gb DDR3 (8192 MB) Videokaart: Intel HD Graphics 128mb 4gb K\u00f5vakettas: SanDisk SD8SB8U-128G-1006 128GB Windows: Windows 10 PRO<\/p>\n","protected":false},"featured_media":31418,"comment_status":"closed","ping_status":"open","template":"","meta":{"inline_featured_image":false},"product_brand":[],"product_cat":[179],"product_tag":[],"class_list":{"0":"post-31417","1":"product","2":"type-product","3":"status-publish","4":"has-post-thumbnail","6":"product_cat-noutbuki","7":"pa_asukoht-mustamae","8":"pa_seisukord-ispolzovano","10":"first","11":"instock","12":"taxable","13":"shipping-taxable","14":"purchasable","15":"product-type-simple"},"_links":{"self":[{"href":"https:\/\/a-pant.ee\/ru\/wp-json\/wp\/v2\/product\/31417","targetHints":{"allow":["GET"]}}],"collection":[{"href":"https:\/\/a-pant.ee\/ru\/wp-json\/wp\/v2\/product"}],"about":[{"href":"https:\/\/a-pant.ee\/ru\/wp-json\/wp\/v2\/types\/product"}],"replies":[{"embeddable":true,"href":"https:\/\/a-pant.ee\/ru\/wp-json\/wp\/v2\/comments?post=31417"}],"wp:featuredmedia":[{"embeddable":true,"href":"https:\/\/a-pant.ee\/ru\/wp-json\/wp\/v2\/media\/31418"}],"wp:attachment":[{"href":"https:\/\/a-pant.ee\/ru\/wp-json\/wp\/v2\/media?parent=31417"}],"wp:term":[{"taxonomy":"product_brand","embeddable":true,"href":"https:\/\/a-pant.ee\/ru\/wp-json\/wp\/v2\/product_brand?post=31417"},{"taxonomy":"product_cat","embeddable":true,"href":"https:\/\/a-pant.ee\/ru\/wp-json\/wp\/v2\/product_cat?post=31417"},{"taxonomy":"product_tag","embeddable":true,"href":"https:\/\/a-pant.ee\/ru\/wp-json\/wp\/v2\/product_tag?post=31417"}],"curies":[{"name":"wp","href":"https:\/\/api.w.org\/{rel}","templated":true}]}}