{"id":31411,"date":"2026-02-04T13:41:41","date_gmt":"2026-02-04T10:41:41","guid":{"rendered":"https:\/\/a-pant.ee\/product\/noutbuk-dell-latitude-e5550-zaryadka\/"},"modified":"2026-02-22T12:21:31","modified_gmt":"2026-02-22T09:21:31","slug":"noutbuk-dell-latitude-e5550-zaryadka","status":"publish","type":"product","link":"https:\/\/a-pant.ee\/ru\/product\/noutbuk-dell-latitude-e5550-zaryadka\/","title":{"rendered":"\u041d\u043e\u0443\u0442\u0431\u0443\u043a Dell Latitude E5550 + \u0417\u0430\u0440\u044f\u0434\u043a\u0430"},"content":{"rendered":"\n<p> S\u00fclearvuti Dell Latitude E5550+ Laadija\u00a0, heas seisu- ja t\u00f6\u00f6korras!! <\/p><p> KIRJELDUS <\/p><p> Protsessor: Intel(R) Core(TM) i5-5300U CPU @ 2.30GHz (4 CPUs), *2.3GHz <\/p><p> Operatiiv m\u00e4lu: 8,0Gb DDR3 (8192 MB) <\/p><p> Videokaart: Intel(R) HD Graphics 5500 4GB <\/p><p> K\u00f5vakettas: SAMSUNG SSD PM871 2.5 7mm 128GB <\/p><p> Windows: Winows 10 pro <\/p>\n","protected":false},"excerpt":{"rendered":"<p>S\u00fclearvuti Dell Latitude E5550+ Laadija\u00a0, heas seisu- ja t\u00f6\u00f6korras!! KIRJELDUS Protsessor: Intel(R) Core(TM) i5-5300U CPU @ 2.30GHz (4 CPUs), *2.3GHz Operatiiv m\u00e4lu: 8,0Gb DDR3 (8192 MB) Videokaart: Intel(R) HD Graphics 5500 4GB K\u00f5vakettas: SAMSUNG SSD PM871 2.5 7mm 128GB Windows: Winows 10 pro<\/p>\n","protected":false},"featured_media":31412,"comment_status":"closed","ping_status":"open","template":"","meta":{"inline_featured_image":false},"product_brand":[],"product_cat":[179],"product_tag":[],"class_list":{"0":"post-31411","1":"product","2":"type-product","3":"status-publish","4":"has-post-thumbnail","6":"product_cat-noutbuki","7":"pa_asukoht-mustamae","8":"pa_seisukord-ispolzovano","10":"first","11":"instock","12":"taxable","13":"shipping-taxable","14":"purchasable","15":"product-type-simple"},"_links":{"self":[{"href":"https:\/\/a-pant.ee\/ru\/wp-json\/wp\/v2\/product\/31411","targetHints":{"allow":["GET"]}}],"collection":[{"href":"https:\/\/a-pant.ee\/ru\/wp-json\/wp\/v2\/product"}],"about":[{"href":"https:\/\/a-pant.ee\/ru\/wp-json\/wp\/v2\/types\/product"}],"replies":[{"embeddable":true,"href":"https:\/\/a-pant.ee\/ru\/wp-json\/wp\/v2\/comments?post=31411"}],"wp:featuredmedia":[{"embeddable":true,"href":"https:\/\/a-pant.ee\/ru\/wp-json\/wp\/v2\/media\/31412"}],"wp:attachment":[{"href":"https:\/\/a-pant.ee\/ru\/wp-json\/wp\/v2\/media?parent=31411"}],"wp:term":[{"taxonomy":"product_brand","embeddable":true,"href":"https:\/\/a-pant.ee\/ru\/wp-json\/wp\/v2\/product_brand?post=31411"},{"taxonomy":"product_cat","embeddable":true,"href":"https:\/\/a-pant.ee\/ru\/wp-json\/wp\/v2\/product_cat?post=31411"},{"taxonomy":"product_tag","embeddable":true,"href":"https:\/\/a-pant.ee\/ru\/wp-json\/wp\/v2\/product_tag?post=31411"}],"curies":[{"name":"wp","href":"https:\/\/api.w.org\/{rel}","templated":true}]}}