{"id":31398,"date":"2026-02-04T13:41:41","date_gmt":"2026-02-04T10:41:41","guid":{"rendered":"https:\/\/a-pant.ee\/product\/akkumulyatornaya-udarnaya-drel-makita-dtd152\/"},"modified":"2026-02-22T12:21:30","modified_gmt":"2026-02-22T09:21:30","slug":"akkumulyatornaya-udarnaya-drel-makita-dtd152bez-akkumulyatora","status":"publish","type":"product","link":"https:\/\/a-pant.ee\/ru\/product\/akkumulyatornaya-udarnaya-drel-makita-dtd152bez-akkumulyatora\/","title":{"rendered":"\u0410\u043a\u043a\u0443\u043c\u0443\u043b\u044f\u0442\u043e\u0440\u043d\u0430\u044f \u0443\u0434\u0430\u0440\u043d\u0430\u044f \u0434\u0440\u0435\u043b\u044c Makita DTD152(\u0431\u0435\u0437 \u0430\u043a\u043a\u0443\u043c\u0443\u043b\u044f\u0442\u043e\u0440\u0430)"},"content":{"rendered":"\n<p> Akul\u00f6\u00f6ktrell Makita DTD152 (ilma aku)\u00a0, heas seisu- ja t\u00f6\u00f6korras! <\/p><p> KIRJELDUS <\/p><p> Makita DTD152Z l\u00f6\u00f6kvitesse on k\u00e4rme ja t\u00f5hus igap\u00e4evaste kruvimis\u00fclesannete jaoks. Sellel on XPT tehnoloogia, mis piirab vee ja tolmu sissetungi ning parandab selle vastupidavust. Muutuv kiirus p\u00e4\u00e4stik v\u00f5imaldab seadme kontrollimist vastavalt tehtavale t\u00f6\u00f6le. Lisaks on integreeritud kahekordne LED-valgustus, mis muudab t\u00f6\u00f6 lihtsamaks tumedates kohtades. Lisaks v\u00f5imaldab 1\/4&#8243; liide t\u00f6\u00f6riista kiiret vahetamist. Ja l\u00f5puks, pehmest kummist kattega k\u00e4epide ja p\u00f6\u00f6ramisseade pakuvad kasutusmugavust. Tehnilised omadused: V\u00f5ime &#8212; tavaline poldi m\u00f5\u00f5t: M5 &#8212; M16 Metallikruvi v\u00f5ime: M4 &#8212; M8 K\u00f5rge t\u00f5mpepoldi kinnitamise v\u00f5ime: M5 &#8212; M12 L\u00f6\u00f6gid minutis: 0 &#8212; 3500 min\u00b9 M\u00f5\u00f5tmed (P x L x K): 138 x 79 x 238 mm Neto kaal EPTA: 1,3 kg. <\/p>\n","protected":false},"excerpt":{"rendered":"<p>Akul\u00f6\u00f6ktrell Makita DTD152 (ilma aku)\u00a0, heas seisu- ja t\u00f6\u00f6korras! KIRJELDUS Makita DTD152Z l\u00f6\u00f6kvitesse on k\u00e4rme ja t\u00f5hus igap\u00e4evaste kruvimis\u00fclesannete jaoks. Sellel on XPT tehnoloogia, mis piirab vee ja tolmu sissetungi ning parandab selle vastupidavust. Muutuv kiirus p\u00e4\u00e4stik v\u00f5imaldab seadme kontrollimist vastavalt tehtavale t\u00f6\u00f6le. Lisaks on integreeritud kahekordne LED-valgustus, mis muudab t\u00f6\u00f6 lihtsamaks tumedates kohtades. Lisaks [&hellip;]<\/p>\n","protected":false},"featured_media":31399,"comment_status":"closed","ping_status":"open","template":"","meta":{"inline_featured_image":false},"product_brand":[],"product_cat":[221],"product_tag":[],"class_list":{"0":"post-31398","1":"product","2":"type-product","3":"status-publish","4":"has-post-thumbnail","6":"product_cat-akkumulyatornye-dreli","7":"pa_asukoht-lasnamae","8":"pa_seisukord-ispolzovano","10":"first","11":"instock","12":"taxable","13":"shipping-taxable","14":"purchasable","15":"product-type-simple"},"_links":{"self":[{"href":"https:\/\/a-pant.ee\/ru\/wp-json\/wp\/v2\/product\/31398","targetHints":{"allow":["GET"]}}],"collection":[{"href":"https:\/\/a-pant.ee\/ru\/wp-json\/wp\/v2\/product"}],"about":[{"href":"https:\/\/a-pant.ee\/ru\/wp-json\/wp\/v2\/types\/product"}],"replies":[{"embeddable":true,"href":"https:\/\/a-pant.ee\/ru\/wp-json\/wp\/v2\/comments?post=31398"}],"wp:featuredmedia":[{"embeddable":true,"href":"https:\/\/a-pant.ee\/ru\/wp-json\/wp\/v2\/media\/31399"}],"wp:attachment":[{"href":"https:\/\/a-pant.ee\/ru\/wp-json\/wp\/v2\/media?parent=31398"}],"wp:term":[{"taxonomy":"product_brand","embeddable":true,"href":"https:\/\/a-pant.ee\/ru\/wp-json\/wp\/v2\/product_brand?post=31398"},{"taxonomy":"product_cat","embeddable":true,"href":"https:\/\/a-pant.ee\/ru\/wp-json\/wp\/v2\/product_cat?post=31398"},{"taxonomy":"product_tag","embeddable":true,"href":"https:\/\/a-pant.ee\/ru\/wp-json\/wp\/v2\/product_tag?post=31398"}],"curies":[{"name":"wp","href":"https:\/\/api.w.org\/{rel}","templated":true}]}}