{"id":31385,"date":"2026-02-04T13:36:12","date_gmt":"2026-02-04T10:36:12","guid":{"rendered":"https:\/\/a-pant.ee\/product\/bustery-deca-fast-10k\/"},"modified":"2026-02-22T12:21:36","modified_gmt":"2026-02-22T09:21:36","slug":"buster-deca-fast-10k-korobka-sumka","status":"publish","type":"product","link":"https:\/\/a-pant.ee\/ru\/product\/buster-deca-fast-10k-korobka-sumka\/","title":{"rendered":"\u0411\u0443\u0441\u0442\u0435\u0440  Deca Fast 10K + \u041a\u043e\u0440\u043e\u0431\u043a\u0430 + \u0421\u0443\u043c\u043a\u0430"},"content":{"rendered":"\n<p><strong> Booster Deca Fast 10K + Karp + Kott <\/strong> , heas seisu- ja t\u00f6\u00f6korras! <\/p><p> KIRJELDUS <\/p><ul><li> Pinge: 12 V <\/li><li> Sisseehitatud aku mahutavus: 10 000 mAh <\/li><li> Maksimaalne k\u00e4ivitusvool: kuni ~1300 A <\/li><li> Sobib bensiinimootoritele kuni ~3500 cm\u00b3 <\/li><li> V\u00e4ljundid: USB 5 V \/ 2,1 A, DC 19 V \/ 3,5 A (s\u00fclearvutile) <\/li><li> M\u00f5\u00f5tmed ligikaudu: 170 \u00d7 82 \u00d7 32 mm <\/li><li> Kaal umbes 0,34 kg <\/li><li> Seadme laadimisaeg umbes 3 tundi <\/li><li> Sisseehitatud taskulamp re\u017eiimidega: valgus \/ vilkumine \/ SOS <\/li><li> Kaitse: vastupidine polaarsus, l\u00fchis ja liiga madal pinge <\/li><\/ul><p> \u00a0 <\/p>\n","protected":false},"excerpt":{"rendered":"<p>Booster Deca Fast 10K + Karp + Kott , heas seisu- ja t\u00f6\u00f6korras! KIRJELDUS Pinge: 12 V Sisseehitatud aku mahutavus: 10 000 mAh Maksimaalne k\u00e4ivitusvool: kuni ~1300 A Sobib bensiinimootoritele kuni ~3500 cm\u00b3 V\u00e4ljundid: USB 5 V \/ 2,1 A, DC 19 V \/ 3,5 A (s\u00fclearvutile) M\u00f5\u00f5tmed ligikaudu: 170 \u00d7 82 \u00d7 32 mm [&hellip;]<\/p>\n","protected":false},"featured_media":31386,"comment_status":"closed","ping_status":"open","template":"","meta":{"inline_featured_image":false},"product_brand":[],"product_cat":[158],"product_tag":[],"class_list":{"0":"post-31385","1":"product","2":"type-product","3":"status-publish","4":"has-post-thumbnail","6":"product_cat-vse-dlya-avtomobilya","7":"pa_asukoht-lasnamae","8":"pa_seisukord-ispolzovano","10":"first","11":"instock","12":"taxable","13":"shipping-taxable","14":"purchasable","15":"product-type-simple"},"_links":{"self":[{"href":"https:\/\/a-pant.ee\/ru\/wp-json\/wp\/v2\/product\/31385","targetHints":{"allow":["GET"]}}],"collection":[{"href":"https:\/\/a-pant.ee\/ru\/wp-json\/wp\/v2\/product"}],"about":[{"href":"https:\/\/a-pant.ee\/ru\/wp-json\/wp\/v2\/types\/product"}],"replies":[{"embeddable":true,"href":"https:\/\/a-pant.ee\/ru\/wp-json\/wp\/v2\/comments?post=31385"}],"wp:featuredmedia":[{"embeddable":true,"href":"https:\/\/a-pant.ee\/ru\/wp-json\/wp\/v2\/media\/31386"}],"wp:attachment":[{"href":"https:\/\/a-pant.ee\/ru\/wp-json\/wp\/v2\/media?parent=31385"}],"wp:term":[{"taxonomy":"product_brand","embeddable":true,"href":"https:\/\/a-pant.ee\/ru\/wp-json\/wp\/v2\/product_brand?post=31385"},{"taxonomy":"product_cat","embeddable":true,"href":"https:\/\/a-pant.ee\/ru\/wp-json\/wp\/v2\/product_cat?post=31385"},{"taxonomy":"product_tag","embeddable":true,"href":"https:\/\/a-pant.ee\/ru\/wp-json\/wp\/v2\/product_tag?post=31385"}],"curies":[{"name":"wp","href":"https:\/\/api.w.org\/{rel}","templated":true}]}}