{"id":31379,"date":"2026-02-04T13:36:12","date_gmt":"2026-02-04T10:36:12","guid":{"rendered":"https:\/\/a-pant.ee\/product\/vozduhoduvka-goryachego-vozdukha-wurth-hlg-2000-compact\/"},"modified":"2026-02-22T12:21:36","modified_gmt":"2026-02-22T09:21:36","slug":"vozduhoduvka-goryachego-vozduha-wurth-hlg-2000-compact","status":"publish","type":"product","link":"https:\/\/a-pant.ee\/ru\/product\/vozduhoduvka-goryachego-vozduha-wurth-hlg-2000-compact\/","title":{"rendered":"\u0412\u043e\u0437\u0434\u0443\u0445\u043e\u0434\u0443\u0432\u043a\u0430 \u0433\u043e\u0440\u044f\u0447\u0435\u0433\u043e \u0432\u043e\u0437\u0434\u0443\u0445\u0430 W\u00fcrth HLG 2000 Compact"},"content":{"rendered":"\n<p><strong> Kuumapuhur W\u00fcrth HLG 2000 Compact <\/strong> , heas seisu- ja t\u00f6\u00f6korras! <\/p><p> KIRJELDUS <\/p><ul><li><strong> V\u00f5imsus: <\/strong> 2000 W <\/li><li><strong> \u00d5hu temperatuur: <\/strong> 80\u00b0C kuni 600\u00b0C <\/li><li><strong> \u00d5huvool: <\/strong> 250\u2013550 l\/min <\/li><li><strong> Kaal: <\/strong> umbes 700 g <\/li><li><strong> Juhtme pikkus: <\/strong> umbes 5 m <\/li><li><strong> Kasutusala: <\/strong> professionaalseks kasutamiseks (remont, jootmine, termokahanevad materjalid jne) <\/li><li><strong> Korpus: <\/strong> ergonoomiline ja kuumakindel <\/li><\/ul><p> \u00a0 <\/p>\n","protected":false},"excerpt":{"rendered":"<p>Kuumapuhur W\u00fcrth HLG 2000 Compact , heas seisu- ja t\u00f6\u00f6korras! KIRJELDUS V\u00f5imsus: 2000 W \u00d5hu temperatuur: 80\u00b0C kuni 600\u00b0C \u00d5huvool: 250\u2013550 l\/min Kaal: umbes 700 g Juhtme pikkus: umbes 5 m Kasutusala: professionaalseks kasutamiseks (remont, jootmine, termokahanevad materjalid jne) Korpus: ergonoomiline ja kuumakindel \u00a0<\/p>\n","protected":false},"featured_media":31380,"comment_status":"closed","ping_status":"open","template":"","meta":{"inline_featured_image":false},"product_brand":[],"product_cat":[222],"product_tag":[],"class_list":{"0":"post-31379","1":"product","2":"type-product","3":"status-publish","4":"has-post-thumbnail","6":"product_cat-stroitelnye-feny","7":"pa_asukoht-lasnamae","8":"pa_seisukord-ispolzovano","10":"first","11":"instock","12":"taxable","13":"shipping-taxable","14":"purchasable","15":"product-type-simple"},"_links":{"self":[{"href":"https:\/\/a-pant.ee\/ru\/wp-json\/wp\/v2\/product\/31379","targetHints":{"allow":["GET"]}}],"collection":[{"href":"https:\/\/a-pant.ee\/ru\/wp-json\/wp\/v2\/product"}],"about":[{"href":"https:\/\/a-pant.ee\/ru\/wp-json\/wp\/v2\/types\/product"}],"replies":[{"embeddable":true,"href":"https:\/\/a-pant.ee\/ru\/wp-json\/wp\/v2\/comments?post=31379"}],"wp:featuredmedia":[{"embeddable":true,"href":"https:\/\/a-pant.ee\/ru\/wp-json\/wp\/v2\/media\/31380"}],"wp:attachment":[{"href":"https:\/\/a-pant.ee\/ru\/wp-json\/wp\/v2\/media?parent=31379"}],"wp:term":[{"taxonomy":"product_brand","embeddable":true,"href":"https:\/\/a-pant.ee\/ru\/wp-json\/wp\/v2\/product_brand?post=31379"},{"taxonomy":"product_cat","embeddable":true,"href":"https:\/\/a-pant.ee\/ru\/wp-json\/wp\/v2\/product_cat?post=31379"},{"taxonomy":"product_tag","embeddable":true,"href":"https:\/\/a-pant.ee\/ru\/wp-json\/wp\/v2\/product_tag?post=31379"}],"curies":[{"name":"wp","href":"https:\/\/api.w.org\/{rel}","templated":true}]}}