{"id":31372,"date":"2026-02-04T13:36:12","date_gmt":"2026-02-04T10:36:12","guid":{"rendered":"https:\/\/a-pant.ee\/product\/smart-chasy-huawei-watch-gt-2-zaryadka\/"},"modified":"2026-02-22T12:21:35","modified_gmt":"2026-02-22T09:21:35","slug":"smart-chasy-huawei-watch-gt-2-9af-dan-b19-zaryadka","status":"publish","type":"product","link":"https:\/\/a-pant.ee\/ru\/product\/smart-chasy-huawei-watch-gt-2-9af-dan-b19-zaryadka\/","title":{"rendered":"\u0421\u043c\u0430\u0440\u0442-\u0447\u0430\u0441\u044b Huawei Watch GT-2 9af dan-b19 + \u0417\u0430\u0440\u044f\u0434\u043a\u0430"},"content":{"rendered":"\n<p><strong> Nutikellad Huawei Watch GT-2 9af dan-b19 + Laadij <\/strong> a, \u00a0t\u00f6\u00f6korras! <\/p><p> KIRJELDUS <\/p><ul><li><strong> Ekraan: <\/strong> AMOLED, 1.2\u2033 <\/li><li><strong> Protsessor: <\/strong> Kirin A1 <\/li><li><strong> M\u00e4lu: <\/strong> 4 GB <\/li><li><strong> Aku kestvus: <\/strong> kuni 14 p\u00e4eva (suurem versioon) <\/li><li><strong> Veekindlus: <\/strong> 5 ATM (kuni 50 m) <\/li><li><strong> \u00dchendused: <\/strong> Bluetooth 5.1, GPS <\/li><li><strong> Sensorid: <\/strong> pulsim\u00f5\u00f5tja, kiirendusm\u00f5\u00f5tur, g\u00fcroskoop, baromeeter jms <\/li><li><strong> Operatsioonis\u00fcsteem: <\/strong> Lite OS <\/li><li><strong> \u00dchilduvus: <\/strong> Android 4.4+ ja iOS 9+ <\/li><\/ul>\n","protected":false},"excerpt":{"rendered":"<p>Nutikellad Huawei Watch GT-2 9af dan-b19 + Laadij a, \u00a0t\u00f6\u00f6korras! KIRJELDUS Ekraan: AMOLED, 1.2\u2033 Protsessor: Kirin A1 M\u00e4lu: 4 GB Aku kestvus: kuni 14 p\u00e4eva (suurem versioon) Veekindlus: 5 ATM (kuni 50 m) \u00dchendused: Bluetooth 5.1, GPS Sensorid: pulsim\u00f5\u00f5tja, kiirendusm\u00f5\u00f5tur, g\u00fcroskoop, baromeeter jms Operatsioonis\u00fcsteem: Lite OS \u00dchilduvus: Android 4.4+ ja iOS 9+<\/p>\n","protected":false},"featured_media":31373,"comment_status":"closed","ping_status":"open","template":"","meta":{"inline_featured_image":false},"product_brand":[],"product_cat":[176],"product_tag":[],"class_list":{"0":"post-31372","1":"product","2":"type-product","3":"status-publish","4":"has-post-thumbnail","6":"product_cat-smart-chasy","7":"pa_asukoht-lasnamae","8":"pa_seisukord-ispolzovano","10":"first","11":"instock","12":"taxable","13":"shipping-taxable","14":"purchasable","15":"product-type-simple"},"_links":{"self":[{"href":"https:\/\/a-pant.ee\/ru\/wp-json\/wp\/v2\/product\/31372","targetHints":{"allow":["GET"]}}],"collection":[{"href":"https:\/\/a-pant.ee\/ru\/wp-json\/wp\/v2\/product"}],"about":[{"href":"https:\/\/a-pant.ee\/ru\/wp-json\/wp\/v2\/types\/product"}],"replies":[{"embeddable":true,"href":"https:\/\/a-pant.ee\/ru\/wp-json\/wp\/v2\/comments?post=31372"}],"wp:featuredmedia":[{"embeddable":true,"href":"https:\/\/a-pant.ee\/ru\/wp-json\/wp\/v2\/media\/31373"}],"wp:attachment":[{"href":"https:\/\/a-pant.ee\/ru\/wp-json\/wp\/v2\/media?parent=31372"}],"wp:term":[{"taxonomy":"product_brand","embeddable":true,"href":"https:\/\/a-pant.ee\/ru\/wp-json\/wp\/v2\/product_brand?post=31372"},{"taxonomy":"product_cat","embeddable":true,"href":"https:\/\/a-pant.ee\/ru\/wp-json\/wp\/v2\/product_cat?post=31372"},{"taxonomy":"product_tag","embeddable":true,"href":"https:\/\/a-pant.ee\/ru\/wp-json\/wp\/v2\/product_tag?post=31372"}],"curies":[{"name":"wp","href":"https:\/\/api.w.org\/{rel}","templated":true}]}}