{"id":31366,"date":"2026-02-04T13:36:12","date_gmt":"2026-02-04T10:36:12","guid":{"rendered":"https:\/\/a-pant.ee\/product\/bolgarka-makita-dga506-akkumulyator-3-0ach\/"},"modified":"2026-02-22T12:21:35","modified_gmt":"2026-02-22T09:21:35","slug":"bolgarka-makita-dga506-akku-3-0ach","status":"publish","type":"product","link":"https:\/\/a-pant.ee\/ru\/product\/bolgarka-makita-dga506-akku-3-0ach\/","title":{"rendered":"\u0411\u043e\u043b\u0433\u0430\u0440\u043a\u0430 Makita DGA506 + \u0430\u043a\u043a\u0443 3.0\u0410\u0447"},"content":{"rendered":"\n<p> Relakas Makita DGA506 + aku 3.0Ah, heas seisu- ja t\u00f6\u00f6korras! <\/p><p> KIRJELDUS <\/p><p> Pinge: 18 V <\/p><p> Aku t\u00fc\u00fcp: Li-Ion <\/p><p> Ketta l\u00e4bim\u00f5\u00f5t: 125 mm <\/p><p> P\u00f6\u00f6rlemiskiirus: 8 500 p\/min <\/p><p> Mootori t\u00fc\u00fcp: Harjadeta <\/p><p> Spindli keere: M14 <\/p><p> Sujuv k\u00e4ivitus: Jah <\/p><p> \u00dclekoormuskaitse: Jah <\/p><p> Tagasil\u00f6\u00f6givastane tehnoloogia: Jah (AFT &#8212; Active Feedback Sensing Technology) <\/p><p> Kaal: 2,5 kg (koos akuga) <\/p><p> Omadused: Ergonoomiline disain, kompaktne ja kerge korpus, \u00fclekuumenemise kaitses\u00fcsteem, sisseehitatud \u00fclekoormuskaitse, automaatne v\u00e4ljal\u00fclitus kriitilise aku taseme korral. <\/p>\n","protected":false},"excerpt":{"rendered":"<p>Relakas Makita DGA506 + aku 3.0Ah, heas seisu- ja t\u00f6\u00f6korras! KIRJELDUS Pinge: 18 V Aku t\u00fc\u00fcp: Li-Ion Ketta l\u00e4bim\u00f5\u00f5t: 125 mm P\u00f6\u00f6rlemiskiirus: 8 500 p\/min Mootori t\u00fc\u00fcp: Harjadeta Spindli keere: M14 Sujuv k\u00e4ivitus: Jah \u00dclekoormuskaitse: Jah Tagasil\u00f6\u00f6givastane tehnoloogia: Jah (AFT &#8212; Active Feedback Sensing Technology) Kaal: 2,5 kg (koos akuga) Omadused: Ergonoomiline disain, kompaktne ja [&hellip;]<\/p>\n","protected":false},"featured_media":31367,"comment_status":"closed","ping_status":"closed","template":"","meta":{"inline_featured_image":false},"product_brand":[],"product_cat":[235],"product_tag":[],"class_list":{"0":"post-31366","1":"product","2":"type-product","3":"status-publish","4":"has-post-thumbnail","6":"product_cat-bolgarki","7":"pa_asukoht-mustamae","8":"pa_seisukord-ispolzovano","10":"first","11":"outofstock","12":"taxable","13":"shipping-taxable","14":"purchasable","15":"product-type-simple"},"_links":{"self":[{"href":"https:\/\/a-pant.ee\/ru\/wp-json\/wp\/v2\/product\/31366","targetHints":{"allow":["GET"]}}],"collection":[{"href":"https:\/\/a-pant.ee\/ru\/wp-json\/wp\/v2\/product"}],"about":[{"href":"https:\/\/a-pant.ee\/ru\/wp-json\/wp\/v2\/types\/product"}],"replies":[{"embeddable":true,"href":"https:\/\/a-pant.ee\/ru\/wp-json\/wp\/v2\/comments?post=31366"}],"wp:featuredmedia":[{"embeddable":true,"href":"https:\/\/a-pant.ee\/ru\/wp-json\/wp\/v2\/media\/31367"}],"wp:attachment":[{"href":"https:\/\/a-pant.ee\/ru\/wp-json\/wp\/v2\/media?parent=31366"}],"wp:term":[{"taxonomy":"product_brand","embeddable":true,"href":"https:\/\/a-pant.ee\/ru\/wp-json\/wp\/v2\/product_brand?post=31366"},{"taxonomy":"product_cat","embeddable":true,"href":"https:\/\/a-pant.ee\/ru\/wp-json\/wp\/v2\/product_cat?post=31366"},{"taxonomy":"product_tag","embeddable":true,"href":"https:\/\/a-pant.ee\/ru\/wp-json\/wp\/v2\/product_tag?post=31366"}],"curies":[{"name":"wp","href":"https:\/\/api.w.org\/{rel}","templated":true}]}}