{"id":31360,"date":"2026-02-04T13:36:12","date_gmt":"2026-02-04T10:36:12","guid":{"rendered":"https:\/\/a-pant.ee\/product\/tsirkulyarnaya-pila-metabo-ahs-66-2\/"},"modified":"2026-02-22T12:21:35","modified_gmt":"2026-02-22T09:21:35","slug":"czirkulyarnaya-pila-metabo-ahs-66-2","status":"publish","type":"product","link":"https:\/\/a-pant.ee\/ru\/product\/czirkulyarnaya-pila-metabo-ahs-66-2\/","title":{"rendered":"\u0426\u0438\u0440\u043a\u0443\u043b\u044f\u0440\u043d\u0430\u044f \u043f\u0438\u043b\u0430 Metabo AHS 66\/2"},"content":{"rendered":"\n<p> Kettassaag Metabo AHS 66\/2, heas seisu- ja t\u00f6\u00f6korras! <\/p><p> KIRJELDUS <\/p><p> nimiv\u00f5imsustarve <\/p><p> 1400 W <\/p><p> v\u00e4ljundv\u00f5imsus <\/p><p> 840 W <\/p><p> Suurim l\u00f5ikes\u00fcgavus 90\u00b0 <\/p><p> 66 mm <\/p><p> suurim l\u00f5ikes\u00fcgavus 45\u00b0 nurga all <\/p><p> 47 mm <\/p><p> Max l\u00f5ikes\u00fcgavus koos juhtsiiniga <\/p><p> 61 mm <\/p><p> Saeketta \u00d8 x tsentriava <\/p><p> 190 x 30 mm <\/p><p> P\u00f6\u00f6rdulatus alates\/kuni <\/p><p> 0 \/ + 47 \u00b0 <\/p><p> p\u00f6\u00f6rlemiskiirus t\u00fchik\u00e4igul <\/p><p> 5000 \/min <\/p><p> p\u00f6\u00f6rlemissagedus nimikoormusel <\/p><p> 3800 \/min <\/p><p> Max l\u00f5ikekiirus <\/p><p> 50 m\/s <\/p><p> mass ilma toitekaablita <\/p><p> 4.9 kg <\/p><p> Kaablipikkus <\/p><p> 4 m <\/p>\n","protected":false},"excerpt":{"rendered":"<p>Kettassaag Metabo AHS 66\/2, heas seisu- ja t\u00f6\u00f6korras! KIRJELDUS nimiv\u00f5imsustarve 1400 W v\u00e4ljundv\u00f5imsus 840 W Suurim l\u00f5ikes\u00fcgavus 90\u00b0 66 mm suurim l\u00f5ikes\u00fcgavus 45\u00b0 nurga all 47 mm Max l\u00f5ikes\u00fcgavus koos juhtsiiniga 61 mm Saeketta \u00d8 x tsentriava 190 x 30 mm P\u00f6\u00f6rdulatus alates\/kuni 0 \/ + 47 \u00b0 p\u00f6\u00f6rlemiskiirus t\u00fchik\u00e4igul 5000 \/min p\u00f6\u00f6rlemissagedus nimikoormusel 3800 [&hellip;]<\/p>\n","protected":false},"featured_media":31361,"comment_status":"closed","ping_status":"open","template":"","meta":{"inline_featured_image":false},"product_brand":[],"product_cat":[230],"product_tag":[],"class_list":{"0":"post-31360","1":"product","2":"type-product","3":"status-publish","4":"has-post-thumbnail","6":"product_cat-czirkulyarnye-pily","7":"pa_asukoht-mustamae","8":"pa_seisukord-ispolzovano","10":"first","11":"instock","12":"taxable","13":"shipping-taxable","14":"purchasable","15":"product-type-simple"},"_links":{"self":[{"href":"https:\/\/a-pant.ee\/ru\/wp-json\/wp\/v2\/product\/31360","targetHints":{"allow":["GET"]}}],"collection":[{"href":"https:\/\/a-pant.ee\/ru\/wp-json\/wp\/v2\/product"}],"about":[{"href":"https:\/\/a-pant.ee\/ru\/wp-json\/wp\/v2\/types\/product"}],"replies":[{"embeddable":true,"href":"https:\/\/a-pant.ee\/ru\/wp-json\/wp\/v2\/comments?post=31360"}],"wp:featuredmedia":[{"embeddable":true,"href":"https:\/\/a-pant.ee\/ru\/wp-json\/wp\/v2\/media\/31361"}],"wp:attachment":[{"href":"https:\/\/a-pant.ee\/ru\/wp-json\/wp\/v2\/media?parent=31360"}],"wp:term":[{"taxonomy":"product_brand","embeddable":true,"href":"https:\/\/a-pant.ee\/ru\/wp-json\/wp\/v2\/product_brand?post=31360"},{"taxonomy":"product_cat","embeddable":true,"href":"https:\/\/a-pant.ee\/ru\/wp-json\/wp\/v2\/product_cat?post=31360"},{"taxonomy":"product_tag","embeddable":true,"href":"https:\/\/a-pant.ee\/ru\/wp-json\/wp\/v2\/product_tag?post=31360"}],"curies":[{"name":"wp","href":"https:\/\/api.w.org\/{rel}","templated":true}]}}