{"id":31354,"date":"2026-02-04T13:36:12","date_gmt":"2026-02-04T10:36:12","guid":{"rendered":"https:\/\/a-pant.ee\/product\/mobilnyj-telefon-redmi-13c-128gb\/"},"modified":"2026-02-22T12:21:35","modified_gmt":"2026-02-22T09:21:35","slug":"mobilnyj-telefon-redmi-13c-128gb","status":"publish","type":"product","link":"https:\/\/a-pant.ee\/ru\/product\/mobilnyj-telefon-redmi-13c-128gb\/","title":{"rendered":"\u041c\u043e\u0431\u0438\u043b\u044c\u043d\u044b\u0439 \u0442\u0435\u043b\u0435\u0444\u043e\u043d Redmi 13C 128GB"},"content":{"rendered":"\n<p> Mobiiltelefon Redmi 13C 128GB, Keskmine seisukord, aga t\u00f6\u00f6korras! <\/p><p> KIRJELDUS <\/p><ul><li> Ekraani diagonaal:6.74 &#187; (tolli) <\/li><li> Ekraani t\u00fc\u00fcp:IPS LCD <\/li><li> Resolutsioon:1600 x 720 pikslit <\/li><li> V\u00e4rskendussagedus:90 Hz <\/li><li> Piksli tihedus:260 ppi <\/li><li> Lisaomadused:Corning Gorilla Glass ekraaniklaas <\/li><li> Tagumised kaamerad:50 Mpix <\/li><li> Eesmine kaamera:5 Mpix <\/li><li> Videosalvestus:1920 x 1080 pikslit <\/li><li> Protsessor:MediaTek Dimensity 6100+ Octa-Core 2.2 GHz <\/li><li> P\u00f5him\u00e4lu:4 GB <\/li><li> Telefoni m\u00e4lu:128 GB <\/li><li> SIM kaardi t\u00fc\u00fcp:Nano SIM <\/li><li> Kahe SIM-kaardi tugi:Jah <\/li><li> Kahe SIM kaardi olek:Dual Stand-By <\/li><li> Aku mahtuvus:5000 mAh <\/li><li> Laadija t\u00fc\u00fcp:USB t\u00fc\u00fcp C kaabel <\/li><li> Juhtmevaba laadimine:Ei <\/li><li> Biomeetriline tuvastamine:S\u00f5rmej\u00e4ljelugeja, n\u00e4otuvastus <\/li><li> MicroSD:kuni 1 TB <\/li><li> Audio v\u00e4ljund (3,5 mm):Jah <\/li><li> Operatsioonis\u00fcsteem:Android <\/li><li> Operatsioonis\u00fcsteemi versioon:14 <\/li><\/ul>\n","protected":false},"excerpt":{"rendered":"<p>Mobiiltelefon Redmi 13C 128GB, Keskmine seisukord, aga t\u00f6\u00f6korras! KIRJELDUS Ekraani diagonaal:6.74 &#187; (tolli) Ekraani t\u00fc\u00fcp:IPS LCD Resolutsioon:1600 x 720 pikslit V\u00e4rskendussagedus:90 Hz Piksli tihedus:260 ppi Lisaomadused:Corning Gorilla Glass ekraaniklaas Tagumised kaamerad:50 Mpix Eesmine kaamera:5 Mpix Videosalvestus:1920 x 1080 pikslit Protsessor:MediaTek Dimensity 6100+ Octa-Core 2.2 GHz P\u00f5him\u00e4lu:4 GB Telefoni m\u00e4lu:128 GB SIM kaardi t\u00fc\u00fcp:Nano SIM Kahe [&hellip;]<\/p>\n","protected":false},"featured_media":31355,"comment_status":"closed","ping_status":"open","template":"","meta":{"inline_featured_image":false},"product_brand":[],"product_cat":[171],"product_tag":[],"class_list":{"0":"post-31354","1":"product","2":"type-product","3":"status-publish","4":"has-post-thumbnail","6":"product_cat-mobilnye-telefony","7":"pa_asukoht-mustamae","8":"pa_seisukord-ispolzovano","10":"first","11":"instock","12":"taxable","13":"shipping-taxable","14":"purchasable","15":"product-type-simple"},"_links":{"self":[{"href":"https:\/\/a-pant.ee\/ru\/wp-json\/wp\/v2\/product\/31354","targetHints":{"allow":["GET"]}}],"collection":[{"href":"https:\/\/a-pant.ee\/ru\/wp-json\/wp\/v2\/product"}],"about":[{"href":"https:\/\/a-pant.ee\/ru\/wp-json\/wp\/v2\/types\/product"}],"replies":[{"embeddable":true,"href":"https:\/\/a-pant.ee\/ru\/wp-json\/wp\/v2\/comments?post=31354"}],"wp:featuredmedia":[{"embeddable":true,"href":"https:\/\/a-pant.ee\/ru\/wp-json\/wp\/v2\/media\/31355"}],"wp:attachment":[{"href":"https:\/\/a-pant.ee\/ru\/wp-json\/wp\/v2\/media?parent=31354"}],"wp:term":[{"taxonomy":"product_brand","embeddable":true,"href":"https:\/\/a-pant.ee\/ru\/wp-json\/wp\/v2\/product_brand?post=31354"},{"taxonomy":"product_cat","embeddable":true,"href":"https:\/\/a-pant.ee\/ru\/wp-json\/wp\/v2\/product_cat?post=31354"},{"taxonomy":"product_tag","embeddable":true,"href":"https:\/\/a-pant.ee\/ru\/wp-json\/wp\/v2\/product_tag?post=31354"}],"curies":[{"name":"wp","href":"https:\/\/api.w.org\/{rel}","templated":true}]}}