{"id":31325,"date":"2026-02-04T13:36:12","date_gmt":"2026-02-04T10:36:12","guid":{"rendered":"https:\/\/a-pant.ee\/product\/naushniki-jabra-evolve-2-85-s-sumkoy-i-provodami\/"},"modified":"2026-02-22T12:21:34","modified_gmt":"2026-02-22T09:21:34","slug":"naushniki-jabra-evolve-2-85-sumka-provoda","status":"publish","type":"product","link":"https:\/\/a-pant.ee\/ru\/product\/naushniki-jabra-evolve-2-85-sumka-provoda\/","title":{"rendered":"\u041d\u0430\u0443\u0448\u043d\u0438\u043a\u0438 Jabra Evolve 2 85 + \u0421\u0443\u043c\u043a\u0430 + \u041f\u0440\u043e\u0432\u043e\u0434\u0430"},"content":{"rendered":"\n<p> K\u00f5rvaklappid Jabra Evolve 2 85 + Kott + Juhed,\u00a0heas seisu- ja t\u00f6\u00f6korras! <\/p><p> KIRJELDUS <\/p><ul><li> T\u00fc\u00fcp: t\u00e4issuuruses juhtmevaba peakomplekt aktiivse m\u00fcrasummutusega <\/li><li> Aktiivne m\u00fcrasummutus: digitaalselt h\u00fcbriid ANC <\/li><li> Mikrofonid: 10 sisseehitatud mikrofonid k\u00f5nede ja m\u00fcrasummutuse jaoks <\/li><li> K\u00f5larid: 40 mm <\/li><li> Sagedusvahemik: 20 Hz \u2013 20 000 Hz <\/li><li> K\u00f5lari tundlikkus: 117 dB juures 1 mW <\/li><li> Toetatud koodekid: SBC, AAC <\/li><li> T\u00f6\u00f6aeg: kuni 37 tundi (ilma ANC) <\/li><li> T\u00f6\u00f6aeg ANC-ga: kuni 32 tundi <\/li><li> Laadimisaeg: kuni 140 minutit <\/li><li> Kiirlaadimine: 30 minutit = ~ 30 % <\/li><li> \u00dchendused: Bluetooth 5.0 + USB-A \/ USB-C adapter + 3,5 mm audiojuhe <\/li><li> Bluetooth leviala: kuni 30 m <\/li><li> Kaal: 286 g <\/li><li> Funktsioonid: \u201cbusylight\u201d m\u00e4rgutuli, \u00fchilduvus UC \/ Teams platvormidega, automaatne p\u00fcsivarauuendus <\/li><li> Mugavus: pehmed vahtpadjad, ergonoomiline peapael <\/li><\/ul>\n","protected":false},"excerpt":{"rendered":"<p>K\u00f5rvaklappid Jabra Evolve 2 85 + Kott + Juhed,\u00a0heas seisu- ja t\u00f6\u00f6korras! KIRJELDUS T\u00fc\u00fcp: t\u00e4issuuruses juhtmevaba peakomplekt aktiivse m\u00fcrasummutusega Aktiivne m\u00fcrasummutus: digitaalselt h\u00fcbriid ANC Mikrofonid: 10 sisseehitatud mikrofonid k\u00f5nede ja m\u00fcrasummutuse jaoks K\u00f5larid: 40 mm Sagedusvahemik: 20 Hz \u2013 20 000 Hz K\u00f5lari tundlikkus: 117 dB juures 1 mW Toetatud koodekid: SBC, AAC T\u00f6\u00f6aeg: kuni [&hellip;]<\/p>\n","protected":false},"featured_media":31326,"comment_status":"closed","ping_status":"open","template":"","meta":{"inline_featured_image":false},"product_brand":[],"product_cat":[168],"product_tag":[],"class_list":{"0":"post-31325","1":"product","2":"type-product","3":"status-publish","4":"has-post-thumbnail","6":"product_cat-naushniki","7":"pa_asukoht-mustamae","8":"pa_seisukord-ispolzovano","10":"first","11":"instock","12":"taxable","13":"shipping-taxable","14":"purchasable","15":"product-type-simple"},"_links":{"self":[{"href":"https:\/\/a-pant.ee\/ru\/wp-json\/wp\/v2\/product\/31325","targetHints":{"allow":["GET"]}}],"collection":[{"href":"https:\/\/a-pant.ee\/ru\/wp-json\/wp\/v2\/product"}],"about":[{"href":"https:\/\/a-pant.ee\/ru\/wp-json\/wp\/v2\/types\/product"}],"replies":[{"embeddable":true,"href":"https:\/\/a-pant.ee\/ru\/wp-json\/wp\/v2\/comments?post=31325"}],"wp:featuredmedia":[{"embeddable":true,"href":"https:\/\/a-pant.ee\/ru\/wp-json\/wp\/v2\/media\/31326"}],"wp:attachment":[{"href":"https:\/\/a-pant.ee\/ru\/wp-json\/wp\/v2\/media?parent=31325"}],"wp:term":[{"taxonomy":"product_brand","embeddable":true,"href":"https:\/\/a-pant.ee\/ru\/wp-json\/wp\/v2\/product_brand?post=31325"},{"taxonomy":"product_cat","embeddable":true,"href":"https:\/\/a-pant.ee\/ru\/wp-json\/wp\/v2\/product_cat?post=31325"},{"taxonomy":"product_tag","embeddable":true,"href":"https:\/\/a-pant.ee\/ru\/wp-json\/wp\/v2\/product_tag?post=31325"}],"curies":[{"name":"wp","href":"https:\/\/api.w.org\/{rel}","templated":true}]}}