{"id":31319,"date":"2026-02-04T13:36:12","date_gmt":"2026-02-04T10:36:12","guid":{"rendered":"https:\/\/a-pant.ee\/product\/chasy-guess-w95086g1\/"},"modified":"2026-02-22T12:21:34","modified_gmt":"2026-02-22T09:21:34","slug":"chasy-guess-w95086g1-korobka","status":"publish","type":"product","link":"https:\/\/a-pant.ee\/ru\/product\/chasy-guess-w95086g1-korobka\/","title":{"rendered":"\u0427\u0430\u0441\u044b Guess w95086g1 + \u041a\u043e\u0440\u043e\u0431\u043a\u0430"},"content":{"rendered":"\n<p> K\u00e4ekellad Guess w95086g1 + Karp,\u00a0heas seisu- ja t\u00f6\u00f6korras! <\/p><p> KIRJELDUS <\/p><ul><li> T\u00fc\u00fcp: meeste randmekell, kvarts <\/li><li> Veekindlus: 50 m \/ 5 ATM <\/li><li> Korpus: roostevaba teras <\/li><li> Klaas: mineraalklaas <\/li><li> Korpuse kuju: \u00fcmmargune <\/li><li> Korpuse diameeter: 44 mm <\/li><li> Korpuse paksus: umbkaudu 10 mm <\/li><li> Rihm \/ k\u00e4ev\u00f5ru: nahk (v\u00f5i vastav materjal) <\/li><li> K\u00e4igukast: kvarts <\/li><li> Lisafunktsioonid: kuup\u00e4eva kuvamine <\/li><\/ul>\n","protected":false},"excerpt":{"rendered":"<p>K\u00e4ekellad Guess w95086g1 + Karp,\u00a0heas seisu- ja t\u00f6\u00f6korras! KIRJELDUS T\u00fc\u00fcp: meeste randmekell, kvarts Veekindlus: 50 m \/ 5 ATM Korpus: roostevaba teras Klaas: mineraalklaas Korpuse kuju: \u00fcmmargune Korpuse diameeter: 44 mm Korpuse paksus: umbkaudu 10 mm Rihm \/ k\u00e4ev\u00f5ru: nahk (v\u00f5i vastav materjal) K\u00e4igukast: kvarts Lisafunktsioonid: kuup\u00e4eva kuvamine<\/p>\n","protected":false},"featured_media":31320,"comment_status":"closed","ping_status":"open","template":"","meta":{"inline_featured_image":false},"product_brand":[],"product_cat":[211],"product_tag":[],"class_list":{"0":"post-31319","1":"product","2":"type-product","3":"status-publish","4":"has-post-thumbnail","6":"product_cat-muzhskie-chasy","7":"pa_asukoht-mustamae","8":"pa_seisukord-ispolzovano","10":"first","11":"instock","12":"taxable","13":"shipping-taxable","14":"purchasable","15":"product-type-simple"},"_links":{"self":[{"href":"https:\/\/a-pant.ee\/ru\/wp-json\/wp\/v2\/product\/31319","targetHints":{"allow":["GET"]}}],"collection":[{"href":"https:\/\/a-pant.ee\/ru\/wp-json\/wp\/v2\/product"}],"about":[{"href":"https:\/\/a-pant.ee\/ru\/wp-json\/wp\/v2\/types\/product"}],"replies":[{"embeddable":true,"href":"https:\/\/a-pant.ee\/ru\/wp-json\/wp\/v2\/comments?post=31319"}],"wp:featuredmedia":[{"embeddable":true,"href":"https:\/\/a-pant.ee\/ru\/wp-json\/wp\/v2\/media\/31320"}],"wp:attachment":[{"href":"https:\/\/a-pant.ee\/ru\/wp-json\/wp\/v2\/media?parent=31319"}],"wp:term":[{"taxonomy":"product_brand","embeddable":true,"href":"https:\/\/a-pant.ee\/ru\/wp-json\/wp\/v2\/product_brand?post=31319"},{"taxonomy":"product_cat","embeddable":true,"href":"https:\/\/a-pant.ee\/ru\/wp-json\/wp\/v2\/product_cat?post=31319"},{"taxonomy":"product_tag","embeddable":true,"href":"https:\/\/a-pant.ee\/ru\/wp-json\/wp\/v2\/product_tag?post=31319"}],"curies":[{"name":"wp","href":"https:\/\/api.w.org\/{rel}","templated":true}]}}