{"id":31312,"date":"2026-02-04T13:36:12","date_gmt":"2026-02-04T10:36:12","guid":{"rendered":"https:\/\/a-pant.ee\/product\/samokat-ducati-pro-1-evo\/"},"modified":"2026-02-22T12:21:34","modified_gmt":"2026-02-22T09:21:34","slug":"samokat-ducati-pro-1-evo-zaryadka-chek-s-garantiej","status":"publish","type":"product","link":"https:\/\/a-pant.ee\/ru\/product\/samokat-ducati-pro-1-evo-zaryadka-chek-s-garantiej\/","title":{"rendered":"\u0421\u0430\u043c\u043e\u043a\u0430\u0442 Ducati Pro-1 EVO + \u0417\u0430\u0440\u044f\u0434\u043a\u0430 + \u0427\u0435\u043a \u0441 \u0433\u0430\u0440\u0430\u043d\u0442\u0438\u0435\u0439"},"content":{"rendered":"\n<p> T\u00f5ukerattas Ducati Pro-1 EVO + Laadija + Tsekk Garantiiga,\u00a0heas seisu- ja t\u00f6\u00f6korras! <\/p><p> KIRJELDUS <\/p><ul><li> T\u00fc\u00fcp: elektriline t\u00f5ukeratas <\/li><li> Mootor: harjavaba, nimiv\u00f5imsus umbes 350 W, tipus kuni ~500 W <\/li><li> Aku: Li-ion, umbes 36 V \/ 7,8 Ah (\u2248 280 Wh) <\/li><li> S\u00f5iduulatus: kuni ~ 30 km <\/li><li> Maksimaalne kiirus: kuni ~ 25 km\/h <\/li><li> Rattad: 8,5 tolli, pneumaatilised <\/li><li> Pidurid: eesmine elektrooniline pidur + tagumine kettapidur <\/li><li> T\u00f5usunurk: kuni ~ 15\u00b0 <\/li><li> Maksimaalne kasutaja kaal: kuni 100 kg <\/li><li> Kaal: umbes 12 kg <\/li><li> Kokkupandav konstruktsioon: jah <\/li><li> T\u00e4islaadimise aeg: umbes 4 tundi <\/li><li> Lisafunktsioonid: ECO \/ Comfort \/ Sport re\u017eiimid, p\u00fcsikiiruse hoidja, displei, esituled \/ tagatuled <\/li><\/ul>\n","protected":false},"excerpt":{"rendered":"<p>T\u00f5ukerattas Ducati Pro-1 EVO + Laadija + Tsekk Garantiiga,\u00a0heas seisu- ja t\u00f6\u00f6korras! KIRJELDUS T\u00fc\u00fcp: elektriline t\u00f5ukeratas Mootor: harjavaba, nimiv\u00f5imsus umbes 350 W, tipus kuni ~500 W Aku: Li-ion, umbes 36 V \/ 7,8 Ah (\u2248 280 Wh) S\u00f5iduulatus: kuni ~ 30 km Maksimaalne kiirus: kuni ~ 25 km\/h Rattad: 8,5 tolli, pneumaatilised Pidurid: eesmine elektrooniline [&hellip;]<\/p>\n","protected":false},"featured_media":31313,"comment_status":"closed","ping_status":"open","template":"","meta":{"inline_featured_image":false},"product_brand":[],"product_cat":[215],"product_tag":[],"class_list":{"0":"post-31312","1":"product","2":"type-product","3":"status-publish","4":"has-post-thumbnail","6":"product_cat-elektricheskie-samokaty","7":"product_shipping_class-oversize","8":"pa_asukoht-mustamae","9":"pa_seisukord-ispolzovano","11":"first","12":"instock","13":"taxable","14":"shipping-taxable","15":"purchasable","16":"product-type-simple"},"_links":{"self":[{"href":"https:\/\/a-pant.ee\/ru\/wp-json\/wp\/v2\/product\/31312","targetHints":{"allow":["GET"]}}],"collection":[{"href":"https:\/\/a-pant.ee\/ru\/wp-json\/wp\/v2\/product"}],"about":[{"href":"https:\/\/a-pant.ee\/ru\/wp-json\/wp\/v2\/types\/product"}],"replies":[{"embeddable":true,"href":"https:\/\/a-pant.ee\/ru\/wp-json\/wp\/v2\/comments?post=31312"}],"wp:featuredmedia":[{"embeddable":true,"href":"https:\/\/a-pant.ee\/ru\/wp-json\/wp\/v2\/media\/31313"}],"wp:attachment":[{"href":"https:\/\/a-pant.ee\/ru\/wp-json\/wp\/v2\/media?parent=31312"}],"wp:term":[{"taxonomy":"product_brand","embeddable":true,"href":"https:\/\/a-pant.ee\/ru\/wp-json\/wp\/v2\/product_brand?post=31312"},{"taxonomy":"product_cat","embeddable":true,"href":"https:\/\/a-pant.ee\/ru\/wp-json\/wp\/v2\/product_cat?post=31312"},{"taxonomy":"product_tag","embeddable":true,"href":"https:\/\/a-pant.ee\/ru\/wp-json\/wp\/v2\/product_tag?post=31312"}],"curies":[{"name":"wp","href":"https:\/\/api.w.org\/{rel}","templated":true}]}}