{"id":31306,"date":"2026-02-04T13:36:12","date_gmt":"2026-02-04T10:36:12","guid":{"rendered":"https:\/\/a-pant.ee\/product\/velosiped-romet-chernyy\/"},"modified":"2026-02-22T12:21:34","modified_gmt":"2026-02-22T09:21:34","slug":"velosiped-romet-chernyj","status":"publish","type":"product","link":"https:\/\/a-pant.ee\/ru\/product\/velosiped-romet-chernyj\/","title":{"rendered":"\u0412\u0435\u043b\u043e\u0441\u0438\u043f\u0435\u0434 Romet \u0427\u0435\u0440\u043d\u044b\u0439"},"content":{"rendered":"\n<p> Jalgrattas Romet Must, Keskmine seisukord ! <\/p><p> Esipidur ei t\u00f6\u00f6ta, vajab vaheta klotsid. Ja paar k\u00e4igud ei t\u00f6\u00f6ta ka. <\/p><p> KIRJELDUS <\/p><p> esi amortidega <\/p><p> 21-K\u00e4igukiirused <\/p><p> Raamsuurus XL-21&#8243; Pikkusele 180-190 cm <\/p><p> Rattasuurus 27 <\/p>\n","protected":false},"excerpt":{"rendered":"<p>Jalgrattas Romet Must, Keskmine seisukord ! Esipidur ei t\u00f6\u00f6ta, vajab vaheta klotsid. Ja paar k\u00e4igud ei t\u00f6\u00f6ta ka. KIRJELDUS esi amortidega 21-K\u00e4igukiirused Raamsuurus XL-21&#8243; Pikkusele 180-190 cm Rattasuurus 27<\/p>\n","protected":false},"featured_media":31307,"comment_status":"closed","ping_status":"open","template":"","meta":{"inline_featured_image":false},"product_brand":[],"product_cat":[216],"product_tag":[],"class_list":{"0":"post-31306","1":"product","2":"type-product","3":"status-publish","4":"has-post-thumbnail","6":"product_cat-velosipedy","7":"product_shipping_class-oversize","8":"pa_asukoht-mustamae","9":"pa_seisukord-ispolzovano","11":"first","12":"instock","13":"taxable","14":"shipping-taxable","15":"purchasable","16":"product-type-simple"},"_links":{"self":[{"href":"https:\/\/a-pant.ee\/ru\/wp-json\/wp\/v2\/product\/31306","targetHints":{"allow":["GET"]}}],"collection":[{"href":"https:\/\/a-pant.ee\/ru\/wp-json\/wp\/v2\/product"}],"about":[{"href":"https:\/\/a-pant.ee\/ru\/wp-json\/wp\/v2\/types\/product"}],"replies":[{"embeddable":true,"href":"https:\/\/a-pant.ee\/ru\/wp-json\/wp\/v2\/comments?post=31306"}],"wp:featuredmedia":[{"embeddable":true,"href":"https:\/\/a-pant.ee\/ru\/wp-json\/wp\/v2\/media\/31307"}],"wp:attachment":[{"href":"https:\/\/a-pant.ee\/ru\/wp-json\/wp\/v2\/media?parent=31306"}],"wp:term":[{"taxonomy":"product_brand","embeddable":true,"href":"https:\/\/a-pant.ee\/ru\/wp-json\/wp\/v2\/product_brand?post=31306"},{"taxonomy":"product_cat","embeddable":true,"href":"https:\/\/a-pant.ee\/ru\/wp-json\/wp\/v2\/product_cat?post=31306"},{"taxonomy":"product_tag","embeddable":true,"href":"https:\/\/a-pant.ee\/ru\/wp-json\/wp\/v2\/product_tag?post=31306"}],"curies":[{"name":"wp","href":"https:\/\/api.w.org\/{rel}","templated":true}]}}