{"id":31299,"date":"2026-02-04T13:36:12","date_gmt":"2026-02-04T10:36:12","guid":{"rendered":"https:\/\/a-pant.ee\/product\/elektrosamokat-beaster-scooter-bs801b\/"},"modified":"2026-02-22T12:21:33","modified_gmt":"2026-02-22T09:21:33","slug":"elektrosamokat-beaster-scooter-bs801b-zaryadka","status":"publish","type":"product","link":"https:\/\/a-pant.ee\/ru\/product\/elektrosamokat-beaster-scooter-bs801b-zaryadka\/","title":{"rendered":"\u042d\u043b\u0435\u043a\u0442\u0440\u043e\u0441\u0430\u043c\u043e\u043a\u0430\u0442  Beaster Scooter BS801B + \u0417\u0430\u0440\u044f\u0434\u043a\u0430"},"content":{"rendered":"\n<p><strong> Elektriline t\u00f5ukeratas Beaster Scooter BS801B + Laadija <\/strong> , heas seisu- ja t\u00f6\u00f6korras! <\/p><p> KIRJELDUS <\/p><ul><li> Mootori v\u00f5imsus: 700 W <\/li><li> Aku: 36 V, umbes 10,4 Ah <\/li><li> Maksimaalne kiirus: kuni 25 km\/h <\/li><li> S\u00f5iduulatus: umbes 35 km <\/li><li> Maksimaalne kandev\u00f5ime: kuni 120 kg <\/li><li> Ratta l\u00e4bim\u00f5\u00f5t: 10 tolli (umbes 25,4 cm) <\/li><li> Laadimisaeg: umbes 3 tundi <\/li><li> T\u00f5ukeratta kaal: umbes 15 kg <\/li><li> M\u00f5\u00f5tmed (kokku lahtipakkimata): 108,3 \u00d7 42 \u00d7 118,6 cm <\/li><li> M\u00f5\u00f5tmed (kokku pakituna): 108,3 \u00d7 42 \u00d7 46 cm <\/li><li> Piduris\u00fcsteem: ketaspidurid <\/li><li> V\u00f5ime t\u00f5usta kuni 15\u00b0 kaldega <\/li><\/ul><p> \u00a0 <\/p>\n","protected":false},"excerpt":{"rendered":"<p>Elektriline t\u00f5ukeratas Beaster Scooter BS801B + Laadija , heas seisu- ja t\u00f6\u00f6korras! KIRJELDUS Mootori v\u00f5imsus: 700 W Aku: 36 V, umbes 10,4 Ah Maksimaalne kiirus: kuni 25 km\/h S\u00f5iduulatus: umbes 35 km Maksimaalne kandev\u00f5ime: kuni 120 kg Ratta l\u00e4bim\u00f5\u00f5t: 10 tolli (umbes 25,4 cm) Laadimisaeg: umbes 3 tundi T\u00f5ukeratta kaal: umbes 15 kg M\u00f5\u00f5tmed (kokku [&hellip;]<\/p>\n","protected":false},"featured_media":31300,"comment_status":"closed","ping_status":"open","template":"","meta":{"inline_featured_image":false},"product_brand":[],"product_cat":[215],"product_tag":[],"class_list":{"0":"post-31299","1":"product","2":"type-product","3":"status-publish","4":"has-post-thumbnail","6":"product_cat-elektricheskie-samokaty","7":"product_shipping_class-oversize","8":"pa_asukoht-lasnamae","9":"pa_seisukord-ispolzovano","11":"first","12":"instock","13":"taxable","14":"shipping-taxable","15":"purchasable","16":"product-type-simple"},"_links":{"self":[{"href":"https:\/\/a-pant.ee\/ru\/wp-json\/wp\/v2\/product\/31299","targetHints":{"allow":["GET"]}}],"collection":[{"href":"https:\/\/a-pant.ee\/ru\/wp-json\/wp\/v2\/product"}],"about":[{"href":"https:\/\/a-pant.ee\/ru\/wp-json\/wp\/v2\/types\/product"}],"replies":[{"embeddable":true,"href":"https:\/\/a-pant.ee\/ru\/wp-json\/wp\/v2\/comments?post=31299"}],"wp:featuredmedia":[{"embeddable":true,"href":"https:\/\/a-pant.ee\/ru\/wp-json\/wp\/v2\/media\/31300"}],"wp:attachment":[{"href":"https:\/\/a-pant.ee\/ru\/wp-json\/wp\/v2\/media?parent=31299"}],"wp:term":[{"taxonomy":"product_brand","embeddable":true,"href":"https:\/\/a-pant.ee\/ru\/wp-json\/wp\/v2\/product_brand?post=31299"},{"taxonomy":"product_cat","embeddable":true,"href":"https:\/\/a-pant.ee\/ru\/wp-json\/wp\/v2\/product_cat?post=31299"},{"taxonomy":"product_tag","embeddable":true,"href":"https:\/\/a-pant.ee\/ru\/wp-json\/wp\/v2\/product_tag?post=31299"}],"curies":[{"name":"wp","href":"https:\/\/api.w.org\/{rel}","templated":true}]}}