{"id":31293,"date":"2026-02-04T13:36:12","date_gmt":"2026-02-04T10:36:12","guid":{"rendered":"https:\/\/a-pant.ee\/product\/akku-lazer-dewalt-dce089d1g\/"},"modified":"2026-02-22T12:21:33","modified_gmt":"2026-02-22T09:21:33","slug":"akkumulyatornyj-krestovoj-lazer-dewalt-dce089d1g-ak-20ach","status":"publish","type":"product","link":"https:\/\/a-pant.ee\/ru\/product\/akkumulyatornyj-krestovoj-lazer-dewalt-dce089d1g-ak-20ach\/","title":{"rendered":"\u0410\u043a\u043a\u0443\u043c\u0443\u043b\u044f\u0442\u043e\u0440\u043d\u044b\u0439 \u043a\u0440\u0435\u0441\u0442\u043e\u0432\u043e\u0439 \u043b\u0430\u0437\u0435\u0440  DeWalt DCE089D1G + ak 2,0A\u0447"},"content":{"rendered":"\n<p><strong> Ristlaser DeWalt DCE089D1G + aku 2,0Ah <\/strong> , heas seisu- ja t\u00f6\u00f6korras! <\/p><p> KIRJELDUS <\/p><ul><li> T\u00fc\u00fcp: Laserlood (isejoondav) <\/li><li> T\u00f6\u00f6ulatus: kuni 30 m <\/li><li> T\u00e4psus: \u00b10,3 mm\/m <\/li><li> Laser: roheline, 3 tasandit (360\u00b0) <\/li><li> Isejoondamise vahemik: \u00b14\u00b0 <\/li><li> Kaitseklass: IP65 (tolmu- ja niiskuskindel) <\/li><li> Toide: 10.8\/12 V Li-Ion aku <\/li><li> T\u00f6\u00f6aeg: kuni 10 tundi <\/li><li> Kaal: umbes 3,5 kg <\/li><\/ul><p> \u00a0 <\/p>\n","protected":false},"excerpt":{"rendered":"<p>Ristlaser DeWalt DCE089D1G + aku 2,0Ah , heas seisu- ja t\u00f6\u00f6korras! KIRJELDUS T\u00fc\u00fcp: Laserlood (isejoondav) T\u00f6\u00f6ulatus: kuni 30 m T\u00e4psus: \u00b10,3 mm\/m Laser: roheline, 3 tasandit (360\u00b0) Isejoondamise vahemik: \u00b14\u00b0 Kaitseklass: IP65 (tolmu- ja niiskuskindel) Toide: 10.8\/12 V Li-Ion aku T\u00f6\u00f6aeg: kuni 10 tundi Kaal: umbes 3,5 kg \u00a0<\/p>\n","protected":false},"featured_media":31294,"comment_status":"closed","ping_status":"open","template":"","meta":{"inline_featured_image":false},"product_brand":[],"product_cat":[232],"product_tag":[],"class_list":{"0":"post-31293","1":"product","2":"type-product","3":"status-publish","4":"has-post-thumbnail","6":"product_cat-lazernye-niveliry","7":"pa_asukoht-lasnamae","8":"pa_seisukord-ispolzovano","10":"first","11":"instock","12":"taxable","13":"shipping-taxable","14":"purchasable","15":"product-type-simple"},"_links":{"self":[{"href":"https:\/\/a-pant.ee\/ru\/wp-json\/wp\/v2\/product\/31293","targetHints":{"allow":["GET"]}}],"collection":[{"href":"https:\/\/a-pant.ee\/ru\/wp-json\/wp\/v2\/product"}],"about":[{"href":"https:\/\/a-pant.ee\/ru\/wp-json\/wp\/v2\/types\/product"}],"replies":[{"embeddable":true,"href":"https:\/\/a-pant.ee\/ru\/wp-json\/wp\/v2\/comments?post=31293"}],"wp:featuredmedia":[{"embeddable":true,"href":"https:\/\/a-pant.ee\/ru\/wp-json\/wp\/v2\/media\/31294"}],"wp:attachment":[{"href":"https:\/\/a-pant.ee\/ru\/wp-json\/wp\/v2\/media?parent=31293"}],"wp:term":[{"taxonomy":"product_brand","embeddable":true,"href":"https:\/\/a-pant.ee\/ru\/wp-json\/wp\/v2\/product_brand?post=31293"},{"taxonomy":"product_cat","embeddable":true,"href":"https:\/\/a-pant.ee\/ru\/wp-json\/wp\/v2\/product_cat?post=31293"},{"taxonomy":"product_tag","embeddable":true,"href":"https:\/\/a-pant.ee\/ru\/wp-json\/wp\/v2\/product_tag?post=31293"}],"curies":[{"name":"wp","href":"https:\/\/api.w.org\/{rel}","templated":true}]}}