{"id":31281,"date":"2026-02-04T13:36:12","date_gmt":"2026-02-04T10:36:12","guid":{"rendered":"https:\/\/a-pant.ee\/product\/bluetooth-naushniki-jbl-tune-245nc\/"},"modified":"2026-02-22T12:21:33","modified_gmt":"2026-02-22T09:21:33","slug":"bluetooth-naushniki-jbl-tune-770nc-zaryadka-korobka","status":"publish","type":"product","link":"https:\/\/a-pant.ee\/ru\/product\/bluetooth-naushniki-jbl-tune-770nc-zaryadka-korobka\/","title":{"rendered":"Bluetooth \u041d\u0430\u0443\u0448\u043d\u0438\u043a\u0438 JBL Tune 770NC + \u0437\u0430\u0440\u044f\u0434\u043a\u0430 + \u043a\u043e\u0440\u043e\u0431\u043a\u0430"},"content":{"rendered":"\n<p> Bluetooth K\u00f5rvaklappid JBL Tune 245NC + karp + laadija,\u00a0heas seisu- ja t\u00f6\u00f6korras! <\/p><p> Nagu UUS! <\/p><p> KIRJELDUS <\/p><p> T\u00fc\u00fcp: TWS, kanalisisene <br \/> Bluetoothi \u200b\u200bversioon: 5.3 <br \/> Sagedusvahemik: 20 Hz &#8212; 20 kHz <br \/> Juhtimine: puudutus <br \/> K\u00f5rvaklappide taasesitusaeg: kuni 12 tundi <br \/> Aeg koos korpusega: kuni 36 tundi <br \/> Laadimine: juhtmega USB Type-C <br \/> Laadimise aeg: 2 tundi <br \/> Veekaitse: IP54 <br \/> V\u00e4rvid: must <br \/> Valikuline: aktiivne m\u00fcrasummutus, 4 mikrofoni <\/p>\n","protected":false},"excerpt":{"rendered":"<p>Bluetooth K\u00f5rvaklappid JBL Tune 245NC + karp + laadija,\u00a0heas seisu- ja t\u00f6\u00f6korras! Nagu UUS! KIRJELDUS T\u00fc\u00fcp: TWS, kanalisisene Bluetoothi \u200b\u200bversioon: 5.3 Sagedusvahemik: 20 Hz &#8212; 20 kHz Juhtimine: puudutus K\u00f5rvaklappide taasesitusaeg: kuni 12 tundi Aeg koos korpusega: kuni 36 tundi Laadimine: juhtmega USB Type-C Laadimise aeg: 2 tundi Veekaitse: IP54 V\u00e4rvid: must Valikuline: aktiivne m\u00fcrasummutus, [&hellip;]<\/p>\n","protected":false},"featured_media":31282,"comment_status":"closed","ping_status":"closed","template":"","meta":{"inline_featured_image":false},"product_brand":[],"product_cat":[168],"product_tag":[],"class_list":{"0":"post-31281","1":"product","2":"type-product","3":"status-publish","4":"has-post-thumbnail","6":"product_cat-naushniki","7":"pa_asukoht-mustamae","8":"pa_seisukord-ispolzovano","10":"first","11":"outofstock","12":"taxable","13":"shipping-taxable","14":"purchasable","15":"product-type-simple"},"_links":{"self":[{"href":"https:\/\/a-pant.ee\/ru\/wp-json\/wp\/v2\/product\/31281","targetHints":{"allow":["GET"]}}],"collection":[{"href":"https:\/\/a-pant.ee\/ru\/wp-json\/wp\/v2\/product"}],"about":[{"href":"https:\/\/a-pant.ee\/ru\/wp-json\/wp\/v2\/types\/product"}],"replies":[{"embeddable":true,"href":"https:\/\/a-pant.ee\/ru\/wp-json\/wp\/v2\/comments?post=31281"}],"wp:featuredmedia":[{"embeddable":true,"href":"https:\/\/a-pant.ee\/ru\/wp-json\/wp\/v2\/media\/31282"}],"wp:attachment":[{"href":"https:\/\/a-pant.ee\/ru\/wp-json\/wp\/v2\/media?parent=31281"}],"wp:term":[{"taxonomy":"product_brand","embeddable":true,"href":"https:\/\/a-pant.ee\/ru\/wp-json\/wp\/v2\/product_brand?post=31281"},{"taxonomy":"product_cat","embeddable":true,"href":"https:\/\/a-pant.ee\/ru\/wp-json\/wp\/v2\/product_cat?post=31281"},{"taxonomy":"product_tag","embeddable":true,"href":"https:\/\/a-pant.ee\/ru\/wp-json\/wp\/v2\/product_tag?post=31281"}],"curies":[{"name":"wp","href":"https:\/\/api.w.org\/{rel}","templated":true}]}}