{"id":31249,"date":"2026-02-04T13:30:48","date_gmt":"2026-02-04T10:30:48","guid":{"rendered":"https:\/\/a-pant.ee\/product\/tsirkulyarnaya-pila-makita-hs300d-akb-3sht\/"},"modified":"2026-02-22T12:21:38","modified_gmt":"2026-02-22T09:21:38","slug":"czirkulyarnaya-pila-makita-hs300d-akb-3sht","status":"publish","type":"product","link":"https:\/\/a-pant.ee\/ru\/product\/czirkulyarnaya-pila-makita-hs300d-akb-3sht\/","title":{"rendered":"\u0426\u0438\u0440\u043a\u0443\u043b\u044f\u0440\u043d\u0430\u044f \u043f\u0438\u043b\u0430 Makita hs300D + \u0410\u041a\u0411 3\u0448\u0442"},"content":{"rendered":"\n<p> Ketassaag Makita hs300D + Akud 3tk\u00a0, heas seisu- ja t\u00f6\u00f6korras! <\/p><p> KIRJELDUS <\/p><p> \u2022\u00a0 <\/p><ul><li><p> Seadme t\u00fc\u00fcp: akuga ketassaag <\/p><\/li><li><p> Toitepinge: <strong> 10,8 V \/ 12 V Max <\/strong><\/p><\/li><li><p> Mootori t\u00fc\u00fcp: elektriline <\/p><\/li><li><p> Saeketta l\u00e4bim\u00f5\u00f5t: <strong> 85 mm <\/strong><\/p><\/li><li><p> Ketta siseava: <strong> 15 mm <\/strong><\/p><\/li><li><p> Maksimaalne l\u00f5ikes\u00fcgavus 90\u00b0 juures: <strong> 25,5 mm <\/strong><\/p><\/li><li><p> Maksimaalne l\u00f5ikes\u00fcgavus 45\u00b0 juures: <strong> 16,5 mm <\/strong><\/p><\/li><li><p> T\u00fchik\u00e4igu p\u00f6\u00f6rlemiskiirus: umbes <strong> 1400 p\/min <\/strong><\/p><\/li><li><p> L\u00f5ikenurga reguleerimine <\/p><\/li><li><p> Kaldl\u00f5ike v\u00f5imalus <\/p><\/li><li><p> Kaitsev saeketta kate <\/p><\/li><li><p> Ergonoomiline k\u00e4epide <\/p><\/li><li><p> Sobib puidu ja puidup\u00f5histe materjalide l\u00f5ikamiseks <\/p><\/li><li><p> Kompaktne ja kerge konstruktsioon t\u00e4ppist\u00f6\u00f6deks <\/p><\/li><\/ul>\n","protected":false},"excerpt":{"rendered":"<p>Ketassaag Makita hs300D + Akud 3tk\u00a0, heas seisu- ja t\u00f6\u00f6korras! KIRJELDUS \u2022\u00a0 Seadme t\u00fc\u00fcp: akuga ketassaag Toitepinge: 10,8 V \/ 12 V Max Mootori t\u00fc\u00fcp: elektriline Saeketta l\u00e4bim\u00f5\u00f5t: 85 mm Ketta siseava: 15 mm Maksimaalne l\u00f5ikes\u00fcgavus 90\u00b0 juures: 25,5 mm Maksimaalne l\u00f5ikes\u00fcgavus 45\u00b0 juures: 16,5 mm T\u00fchik\u00e4igu p\u00f6\u00f6rlemiskiirus: umbes 1400 p\/min L\u00f5ikenurga reguleerimine Kaldl\u00f5ike v\u00f5imalus [&hellip;]<\/p>\n","protected":false},"featured_media":31250,"comment_status":"closed","ping_status":"open","template":"","meta":{"inline_featured_image":false},"product_brand":[],"product_cat":[230],"product_tag":[],"class_list":{"0":"post-31249","1":"product","2":"type-product","3":"status-publish","4":"has-post-thumbnail","6":"product_cat-czirkulyarnye-pily","7":"pa_asukoht-mustamae","8":"pa_seisukord-ispolzovano","10":"first","11":"instock","12":"taxable","13":"shipping-taxable","14":"purchasable","15":"product-type-simple"},"_links":{"self":[{"href":"https:\/\/a-pant.ee\/ru\/wp-json\/wp\/v2\/product\/31249","targetHints":{"allow":["GET"]}}],"collection":[{"href":"https:\/\/a-pant.ee\/ru\/wp-json\/wp\/v2\/product"}],"about":[{"href":"https:\/\/a-pant.ee\/ru\/wp-json\/wp\/v2\/types\/product"}],"replies":[{"embeddable":true,"href":"https:\/\/a-pant.ee\/ru\/wp-json\/wp\/v2\/comments?post=31249"}],"wp:featuredmedia":[{"embeddable":true,"href":"https:\/\/a-pant.ee\/ru\/wp-json\/wp\/v2\/media\/31250"}],"wp:attachment":[{"href":"https:\/\/a-pant.ee\/ru\/wp-json\/wp\/v2\/media?parent=31249"}],"wp:term":[{"taxonomy":"product_brand","embeddable":true,"href":"https:\/\/a-pant.ee\/ru\/wp-json\/wp\/v2\/product_brand?post=31249"},{"taxonomy":"product_cat","embeddable":true,"href":"https:\/\/a-pant.ee\/ru\/wp-json\/wp\/v2\/product_cat?post=31249"},{"taxonomy":"product_tag","embeddable":true,"href":"https:\/\/a-pant.ee\/ru\/wp-json\/wp\/v2\/product_tag?post=31249"}],"curies":[{"name":"wp","href":"https:\/\/api.w.org\/{rel}","templated":true}]}}