{"id":31243,"date":"2026-02-04T13:30:48","date_gmt":"2026-02-04T10:30:48","guid":{"rendered":"https:\/\/a-pant.ee\/product\/plitkorez-sigma-55cm\/"},"modified":"2026-02-22T12:21:38","modified_gmt":"2026-02-22T09:21:38","slug":"plitkorez-sigma-55cm","status":"publish","type":"product","link":"https:\/\/a-pant.ee\/ru\/product\/plitkorez-sigma-55cm\/","title":{"rendered":"\u041f\u043b\u0438\u0442\u043a\u043e\u0440\u0435\u0437 Sigma 55cm"},"content":{"rendered":"\n<p> Plaadil\u00f5ikur Sigma 55cm\u00a0, heas seisu- ja t\u00f6\u00f6korras! <\/p><p> KIRJELDUS <\/p><p> \u2022\u00a0T\u00f6\u00f6riista t\u00fc\u00fcp:\u00a0k\u00e4sitsi plaadil\u00f5ikur <br \/> \u2022\u00a0Maksimaalne l\u00f5ikepikkus:\u00a0370 mm <br \/> \u2022\u00a0Diagonaall\u00f5ige:\u00a0kuni 260 \u00d7 260 mm <br \/> \u2022\u00a0Plaatide paksus:\u00a0kuni 15 mm <br \/> \u2022\u00a0L\u00f5ikemehhanism:\u00a0\u201et\u00f5mba enda poole\u201d s\u00fcsteem (pull handle system) <br \/> \u2022\u00a0L\u00f5iketera:\u00a0k\u00f5vasulamist rulltera <br \/> \u2022\u00a0Alus:\u00a0tugevdatud alumiiniumist, vedrustatud platvorm l\u00f6\u00f6kide summutamiseks <br \/> \u2022\u00a0Joonlaud:\u00a0reguleeritav, v\u00f5imaldab l\u00f5igata nurga all <br \/> \u2022\u00a0Kasutusala:\u00a0keraamiliste ja portselanplaatide l\u00f5ikamiseks <br \/> \u2022\u00a0Kaal:\u00a0umbes 2,6 kg <\/p>\n","protected":false},"excerpt":{"rendered":"<p>Plaadil\u00f5ikur Sigma 55cm\u00a0, heas seisu- ja t\u00f6\u00f6korras! KIRJELDUS \u2022\u00a0T\u00f6\u00f6riista t\u00fc\u00fcp:\u00a0k\u00e4sitsi plaadil\u00f5ikur \u2022\u00a0Maksimaalne l\u00f5ikepikkus:\u00a0370 mm \u2022\u00a0Diagonaall\u00f5ige:\u00a0kuni 260 \u00d7 260 mm \u2022\u00a0Plaatide paksus:\u00a0kuni 15 mm \u2022\u00a0L\u00f5ikemehhanism:\u00a0\u201et\u00f5mba enda poole\u201d s\u00fcsteem (pull handle system) \u2022\u00a0L\u00f5iketera:\u00a0k\u00f5vasulamist rulltera \u2022\u00a0Alus:\u00a0tugevdatud alumiiniumist, vedrustatud platvorm l\u00f6\u00f6kide summutamiseks \u2022\u00a0Joonlaud:\u00a0reguleeritav, v\u00f5imaldab l\u00f5igata nurga all \u2022\u00a0Kasutusala:\u00a0keraamiliste ja portselanplaatide l\u00f5ikamiseks \u2022\u00a0Kaal:\u00a0umbes 2,6 kg<\/p>\n","protected":false},"featured_media":31244,"comment_status":"closed","ping_status":"closed","template":"","meta":{"inline_featured_image":false},"product_brand":[],"product_cat":[246],"product_tag":[],"class_list":{"0":"post-31243","1":"product","2":"type-product","3":"status-publish","4":"has-post-thumbnail","6":"product_cat-instrumenty-drugoe","7":"product_shipping_class-oversize","8":"pa_asukoht-mustamae","9":"pa_seisukord-ispolzovano","11":"first","12":"instock","13":"taxable","14":"shipping-taxable","15":"purchasable","16":"product-type-simple"},"_links":{"self":[{"href":"https:\/\/a-pant.ee\/ru\/wp-json\/wp\/v2\/product\/31243","targetHints":{"allow":["GET"]}}],"collection":[{"href":"https:\/\/a-pant.ee\/ru\/wp-json\/wp\/v2\/product"}],"about":[{"href":"https:\/\/a-pant.ee\/ru\/wp-json\/wp\/v2\/types\/product"}],"replies":[{"embeddable":true,"href":"https:\/\/a-pant.ee\/ru\/wp-json\/wp\/v2\/comments?post=31243"}],"wp:featuredmedia":[{"embeddable":true,"href":"https:\/\/a-pant.ee\/ru\/wp-json\/wp\/v2\/media\/31244"}],"wp:attachment":[{"href":"https:\/\/a-pant.ee\/ru\/wp-json\/wp\/v2\/media?parent=31243"}],"wp:term":[{"taxonomy":"product_brand","embeddable":true,"href":"https:\/\/a-pant.ee\/ru\/wp-json\/wp\/v2\/product_brand?post=31243"},{"taxonomy":"product_cat","embeddable":true,"href":"https:\/\/a-pant.ee\/ru\/wp-json\/wp\/v2\/product_cat?post=31243"},{"taxonomy":"product_tag","embeddable":true,"href":"https:\/\/a-pant.ee\/ru\/wp-json\/wp\/v2\/product_tag?post=31243"}],"curies":[{"name":"wp","href":"https:\/\/api.w.org\/{rel}","templated":true}]}}