{"id":31231,"date":"2026-02-04T13:30:48","date_gmt":"2026-02-04T10:30:48","guid":{"rendered":"https:\/\/a-pant.ee\/product\/lazer-bosch-quigo-red-prinadlezhnosti-korobka\/"},"modified":"2026-02-22T12:21:38","modified_gmt":"2026-02-22T09:21:38","slug":"lazer-bosch-quigo-red-prinadlezhnosti-korobka","status":"publish","type":"product","link":"https:\/\/a-pant.ee\/ru\/product\/lazer-bosch-quigo-red-prinadlezhnosti-korobka\/","title":{"rendered":"\u041b\u0430\u0437\u0435\u0440 Bosch Quigo Red + \u041f\u0440\u0438\u043d\u0430\u0434\u043b\u0435\u0436\u043d\u043e\u0441\u0442\u0438 + \u041a\u043e\u0440\u043e\u0431\u043a\u0430"},"content":{"rendered":"\n<p> Laser Bosch Quigo Red + Tarvikud + Karp\u00a0, heas seisu- ja t\u00f6\u00f6korras! <\/p><p> KIRJELDUS <\/p><p> \u2022\u00a0T\u00f6\u00f6riista t\u00fc\u00fcp:\u00a0laserlood (isejoondav) <br \/> \u2022\u00a0Laser:\u00a0punane, klass 2 <br \/> \u2022\u00a0T\u00f6\u00f6ulatus:\u00a0kuni 10 meetrit <br \/> \u2022\u00a0Joondust\u00e4psus:\u00a0\u00b10,8 mm\/m <br \/> \u2022\u00a0Automaatne joondamine:\u00a0olemas, ulatus \u00b14\u00b0 <br \/> \u2022\u00a0Projektsioon:\u00a0rist (horisontaalne ja vertikaalne joon) <br \/> \u2022\u00a0Toide:\u00a02 \u00d7 1.5 V AAA patareid <br \/> \u2022\u00a0T\u00f6\u00f6aeg:\u00a0kuni 5 tundi <br \/> \u2022\u00a0T\u00f6\u00f6temperatuur:\u00a0+5\u00b0C kuni +40\u00b0C <br \/> \u2022\u00a0Statiivikeere:\u00a01\/4&#8243; <br \/> \u2022\u00a0Kaal:\u00a0umbes 0,27 kg <\/p>\n","protected":false},"excerpt":{"rendered":"<p>Laser Bosch Quigo Red + Tarvikud + Karp\u00a0, heas seisu- ja t\u00f6\u00f6korras! KIRJELDUS \u2022\u00a0T\u00f6\u00f6riista t\u00fc\u00fcp:\u00a0laserlood (isejoondav) \u2022\u00a0Laser:\u00a0punane, klass 2 \u2022\u00a0T\u00f6\u00f6ulatus:\u00a0kuni 10 meetrit \u2022\u00a0Joondust\u00e4psus:\u00a0\u00b10,8 mm\/m \u2022\u00a0Automaatne joondamine:\u00a0olemas, ulatus \u00b14\u00b0 \u2022\u00a0Projektsioon:\u00a0rist (horisontaalne ja vertikaalne joon) \u2022\u00a0Toide:\u00a02 \u00d7 1.5 V AAA patareid \u2022\u00a0T\u00f6\u00f6aeg:\u00a0kuni 5 tundi \u2022\u00a0T\u00f6\u00f6temperatuur:\u00a0+5\u00b0C kuni +40\u00b0C \u2022\u00a0Statiivikeere:\u00a01\/4&#8243; \u2022\u00a0Kaal:\u00a0umbes 0,27 kg<\/p>\n","protected":false},"featured_media":31232,"comment_status":"closed","ping_status":"open","template":"","meta":{"inline_featured_image":false},"product_brand":[],"product_cat":[232],"product_tag":[],"class_list":{"0":"post-31231","1":"product","2":"type-product","3":"status-publish","4":"has-post-thumbnail","6":"product_cat-lazernye-niveliry","7":"pa_asukoht-mustamae","8":"pa_seisukord-ispolzovano","10":"first","11":"instock","12":"taxable","13":"shipping-taxable","14":"purchasable","15":"product-type-simple"},"_links":{"self":[{"href":"https:\/\/a-pant.ee\/ru\/wp-json\/wp\/v2\/product\/31231","targetHints":{"allow":["GET"]}}],"collection":[{"href":"https:\/\/a-pant.ee\/ru\/wp-json\/wp\/v2\/product"}],"about":[{"href":"https:\/\/a-pant.ee\/ru\/wp-json\/wp\/v2\/types\/product"}],"replies":[{"embeddable":true,"href":"https:\/\/a-pant.ee\/ru\/wp-json\/wp\/v2\/comments?post=31231"}],"wp:featuredmedia":[{"embeddable":true,"href":"https:\/\/a-pant.ee\/ru\/wp-json\/wp\/v2\/media\/31232"}],"wp:attachment":[{"href":"https:\/\/a-pant.ee\/ru\/wp-json\/wp\/v2\/media?parent=31231"}],"wp:term":[{"taxonomy":"product_brand","embeddable":true,"href":"https:\/\/a-pant.ee\/ru\/wp-json\/wp\/v2\/product_brand?post=31231"},{"taxonomy":"product_cat","embeddable":true,"href":"https:\/\/a-pant.ee\/ru\/wp-json\/wp\/v2\/product_cat?post=31231"},{"taxonomy":"product_tag","embeddable":true,"href":"https:\/\/a-pant.ee\/ru\/wp-json\/wp\/v2\/product_tag?post=31231"}],"curies":[{"name":"wp","href":"https:\/\/api.w.org\/{rel}","templated":true}]}}