{"id":31218,"date":"2026-02-04T13:30:48","date_gmt":"2026-02-04T10:30:48","guid":{"rendered":"https:\/\/a-pant.ee\/product\/naushniki-sony-pulse-3d-ps5-bez-usb-adaptera\/"},"modified":"2026-02-22T12:21:37","modified_gmt":"2026-02-22T09:21:37","slug":"naushniki-sony-pulse-3d-ps5-bez-usb-adaptera","status":"publish","type":"product","link":"https:\/\/a-pant.ee\/ru\/product\/naushniki-sony-pulse-3d-ps5-bez-usb-adaptera\/","title":{"rendered":"\u041d\u0430\u0443\u0448\u043d\u0438\u043a\u0438 Sony Pulse 3D PS5 \u0411\u0435\u0437 USB \u0410\u0434\u0430\u043f\u0442\u0435\u0440\u0430"},"content":{"rendered":"\n<p><strong> K\u00f5rvaklapid Sony Pulse 3D PS5 <\/strong> , heas seisu- ja t\u00f6\u00f6korras! <\/p><p> KIRJELDUS <\/p><ul><li><strong> \u00dchenduvus: <\/strong> juhtmevaba (USB-adapter 2,4 GHz) + juhtmega (3,5 mm AUX) <\/li><li><strong> Bluetooth: <\/strong> puudub <\/li><li><strong> Aku kestvus: <\/strong> kuni 12 tundi <\/li><li><strong> Laadimine: <\/strong> USB-C kaudu <\/li><li><strong> Mikrofonid: <\/strong> 2 sisseehitatud m\u00fcrasummutusega mikrofoni <\/li><li><strong> 3D heli tugi: <\/strong> jah (Tempest 3D Audio PS5-l) <\/li><li><strong> K\u00f5larielemendid: <\/strong> 40 mm <\/li><li><strong> Sagedusvahemik: <\/strong> 20 Hz \u2013 20 kHz <\/li><li><strong> Takistus: <\/strong> 32 Ohm <\/li><li><strong> Kaal: <\/strong> umbes 295 g <\/li><li><strong> \u00dchilduvus: <\/strong> PS5, PS4, PC, Mac, mobiilseadmed (AUX-kaabliga) <\/li><\/ul><p> \u00a0 <\/p>\n","protected":false},"excerpt":{"rendered":"<p>K\u00f5rvaklapid Sony Pulse 3D PS5 , heas seisu- ja t\u00f6\u00f6korras! KIRJELDUS \u00dchenduvus: juhtmevaba (USB-adapter 2,4 GHz) + juhtmega (3,5 mm AUX) Bluetooth: puudub Aku kestvus: kuni 12 tundi Laadimine: USB-C kaudu Mikrofonid: 2 sisseehitatud m\u00fcrasummutusega mikrofoni 3D heli tugi: jah (Tempest 3D Audio PS5-l) K\u00f5larielemendid: 40 mm Sagedusvahemik: 20 Hz \u2013 20 kHz Takistus: 32 [&hellip;]<\/p>\n","protected":false},"featured_media":31219,"comment_status":"closed","ping_status":"open","template":"","meta":{"inline_featured_image":false},"product_brand":[],"product_cat":[175],"product_tag":[],"class_list":{"0":"post-31218","1":"product","2":"type-product","3":"status-publish","4":"has-post-thumbnail","6":"product_cat-vsyo-dlya-pristavok","7":"pa_asukoht-lasnamae","8":"pa_seisukord-ispolzovano","10":"first","11":"instock","12":"taxable","13":"shipping-taxable","14":"purchasable","15":"product-type-simple"},"_links":{"self":[{"href":"https:\/\/a-pant.ee\/ru\/wp-json\/wp\/v2\/product\/31218","targetHints":{"allow":["GET"]}}],"collection":[{"href":"https:\/\/a-pant.ee\/ru\/wp-json\/wp\/v2\/product"}],"about":[{"href":"https:\/\/a-pant.ee\/ru\/wp-json\/wp\/v2\/types\/product"}],"replies":[{"embeddable":true,"href":"https:\/\/a-pant.ee\/ru\/wp-json\/wp\/v2\/comments?post=31218"}],"wp:featuredmedia":[{"embeddable":true,"href":"https:\/\/a-pant.ee\/ru\/wp-json\/wp\/v2\/media\/31219"}],"wp:attachment":[{"href":"https:\/\/a-pant.ee\/ru\/wp-json\/wp\/v2\/media?parent=31218"}],"wp:term":[{"taxonomy":"product_brand","embeddable":true,"href":"https:\/\/a-pant.ee\/ru\/wp-json\/wp\/v2\/product_brand?post=31218"},{"taxonomy":"product_cat","embeddable":true,"href":"https:\/\/a-pant.ee\/ru\/wp-json\/wp\/v2\/product_cat?post=31218"},{"taxonomy":"product_tag","embeddable":true,"href":"https:\/\/a-pant.ee\/ru\/wp-json\/wp\/v2\/product_tag?post=31218"}],"curies":[{"name":"wp","href":"https:\/\/api.w.org\/{rel}","templated":true}]}}