{"id":31211,"date":"2026-02-04T13:30:48","date_gmt":"2026-02-04T10:30:48","guid":{"rendered":"https:\/\/a-pant.ee\/product\/polirovochnaya-mashinka-flex-xfe-7-15\/"},"modified":"2026-02-22T12:21:37","modified_gmt":"2026-02-22T09:21:37","slug":"polirovochnaya-mashinka-flex-xfe-7-15","status":"publish","type":"product","link":"https:\/\/a-pant.ee\/ru\/product\/polirovochnaya-mashinka-flex-xfe-7-15\/","title":{"rendered":"\u041f\u043e\u043b\u0438\u0440\u043e\u0432\u043e\u0447\u043d\u0430\u044f \u043c\u0430\u0448\u0438\u043d\u043a\u0430 Flex XFE 7-15"},"content":{"rendered":"\n<p><strong> Poleerimismasin Flex XFE 7-15 <\/strong> , heas seisu- ja t\u00f6\u00f6korras! <\/p><p> KIRJELDUS <\/p><ul><li><strong> V\u00f5imsus <\/strong> : 710 W <\/li><li><strong> P\u00f6\u00f6rlemiskiirus <\/strong> : 1500\u20134500 p\/min <\/li><li><strong> Orbitaalsete liigutuste sagedus <\/strong> : 3000\u20139000 liigutust\/min <\/li><li><strong> Eksentriku k\u00e4ik <\/strong> : 15 mm <\/li><li><strong> Tugiplaadi l\u00e4bim\u00f5\u00f5t <\/strong> : 150 mm <\/li><li><strong> Maksimaalne poleerimisketta l\u00e4bim\u00f5\u00f5t <\/strong> : 160 mm <\/li><li><strong> Kaal <\/strong> : umbes 2,4 kg <\/li><li><strong> Juhtme pikkus <\/strong> : 4 m <\/li><li><strong> Funktsioonid <\/strong> : sujuv k\u00e4ivitus, p\u00f6\u00f6rlemiskiiruse stabiilsus koormuse all, \u00fclekuumenemiskaitse, taask\u00e4ivitamise blokeerimine <\/li><\/ul>\n","protected":false},"excerpt":{"rendered":"<p>Poleerimismasin Flex XFE 7-15 , heas seisu- ja t\u00f6\u00f6korras! KIRJELDUS V\u00f5imsus : 710 W P\u00f6\u00f6rlemiskiirus : 1500\u20134500 p\/min Orbitaalsete liigutuste sagedus : 3000\u20139000 liigutust\/min Eksentriku k\u00e4ik : 15 mm Tugiplaadi l\u00e4bim\u00f5\u00f5t : 150 mm Maksimaalne poleerimisketta l\u00e4bim\u00f5\u00f5t : 160 mm Kaal : umbes 2,4 kg Juhtme pikkus : 4 m Funktsioonid : sujuv k\u00e4ivitus, p\u00f6\u00f6rlemiskiiruse [&hellip;]<\/p>\n","protected":false},"featured_media":31212,"comment_status":"closed","ping_status":"open","template":"","meta":{"inline_featured_image":false},"product_brand":[],"product_cat":[237],"product_tag":[],"class_list":{"0":"post-31211","1":"product","2":"type-product","3":"status-publish","4":"has-post-thumbnail","6":"product_cat-polirovalnyj-instrument","7":"pa_asukoht-lasnamae","8":"pa_seisukord-ispolzovano","10":"first","11":"instock","12":"taxable","13":"shipping-taxable","14":"purchasable","15":"product-type-simple"},"_links":{"self":[{"href":"https:\/\/a-pant.ee\/ru\/wp-json\/wp\/v2\/product\/31211","targetHints":{"allow":["GET"]}}],"collection":[{"href":"https:\/\/a-pant.ee\/ru\/wp-json\/wp\/v2\/product"}],"about":[{"href":"https:\/\/a-pant.ee\/ru\/wp-json\/wp\/v2\/types\/product"}],"replies":[{"embeddable":true,"href":"https:\/\/a-pant.ee\/ru\/wp-json\/wp\/v2\/comments?post=31211"}],"wp:featuredmedia":[{"embeddable":true,"href":"https:\/\/a-pant.ee\/ru\/wp-json\/wp\/v2\/media\/31212"}],"wp:attachment":[{"href":"https:\/\/a-pant.ee\/ru\/wp-json\/wp\/v2\/media?parent=31211"}],"wp:term":[{"taxonomy":"product_brand","embeddable":true,"href":"https:\/\/a-pant.ee\/ru\/wp-json\/wp\/v2\/product_brand?post=31211"},{"taxonomy":"product_cat","embeddable":true,"href":"https:\/\/a-pant.ee\/ru\/wp-json\/wp\/v2\/product_cat?post=31211"},{"taxonomy":"product_tag","embeddable":true,"href":"https:\/\/a-pant.ee\/ru\/wp-json\/wp\/v2\/product_tag?post=31211"}],"curies":[{"name":"wp","href":"https:\/\/api.w.org\/{rel}","templated":true}]}}