{"id":31205,"date":"2026-02-04T13:30:48","date_gmt":"2026-02-04T10:30:48","guid":{"rendered":"https:\/\/a-pant.ee\/product\/perforator-makita-hr2470\/"},"modified":"2026-02-22T12:21:37","modified_gmt":"2026-02-22T09:21:37","slug":"perforator-makita-hr2470","status":"publish","type":"product","link":"https:\/\/a-pant.ee\/ru\/product\/perforator-makita-hr2470\/","title":{"rendered":"\u041f\u0435\u0440\u0444\u043e\u0440\u0430\u0442\u043e\u0440 Makita HR2470"},"content":{"rendered":"\n<p><strong> Puurvasar Makita HR2470 <\/strong> , \u00a0t\u00f6\u00f6korras! <\/p><p> KIRJELDUS <\/p><ul><li> T\u00f6\u00f6riista t\u00fc\u00fcp: SDS-Plus l\u00f6\u00f6kpuur <\/li><li> V\u00f5imsus: 780 W <\/li><li> L\u00f6\u00f6gienergia: 2,7 J <\/li><li> T\u00f6\u00f6tamisre\u017eiimid: puurimine, l\u00f6\u00f6kpuurimine, meiseldamine <\/li><li> L\u00f6\u00f6gisagedus: 0\u20134500 l\u00f6\u00f6ki\/min <\/li><li> P\u00f6\u00f6rlemiskiirus: 0\u20131100 p\/min <\/li><li> Maksimaalne puurimisdiameeter: betoon \u2013 24 mm, teras \u2013 13 mm, puit \u2013 32 mm <\/li><li> Padrun: SDS-Plus kiireks tarvikute vahetuseks <\/li><li> Omadused: p\u00f6\u00f6rdk\u00e4ik, s\u00fcgavuspiirik, tolmukaitse <\/li><li> Kaal: umbes 2,9 kg <\/li><\/ul><p> \u00a0 <\/p>\n","protected":false},"excerpt":{"rendered":"<p>Puurvasar Makita HR2470 , \u00a0t\u00f6\u00f6korras! KIRJELDUS T\u00f6\u00f6riista t\u00fc\u00fcp: SDS-Plus l\u00f6\u00f6kpuur V\u00f5imsus: 780 W L\u00f6\u00f6gienergia: 2,7 J T\u00f6\u00f6tamisre\u017eiimid: puurimine, l\u00f6\u00f6kpuurimine, meiseldamine L\u00f6\u00f6gisagedus: 0\u20134500 l\u00f6\u00f6ki\/min P\u00f6\u00f6rlemiskiirus: 0\u20131100 p\/min Maksimaalne puurimisdiameeter: betoon \u2013 24 mm, teras \u2013 13 mm, puit \u2013 32 mm Padrun: SDS-Plus kiireks tarvikute vahetuseks Omadused: p\u00f6\u00f6rdk\u00e4ik, s\u00fcgavuspiirik, tolmukaitse Kaal: umbes 2,9 kg \u00a0<\/p>\n","protected":false},"featured_media":31206,"comment_status":"closed","ping_status":"open","template":"","meta":{"inline_featured_image":false},"product_brand":[],"product_cat":[239],"product_tag":[],"class_list":{"0":"post-31205","1":"product","2":"type-product","3":"status-publish","4":"has-post-thumbnail","6":"product_cat-perforatory-i-dreli","7":"pa_asukoht-lasnamae","8":"pa_seisukord-ispolzovano","10":"first","11":"instock","12":"taxable","13":"shipping-taxable","14":"purchasable","15":"product-type-simple"},"_links":{"self":[{"href":"https:\/\/a-pant.ee\/ru\/wp-json\/wp\/v2\/product\/31205","targetHints":{"allow":["GET"]}}],"collection":[{"href":"https:\/\/a-pant.ee\/ru\/wp-json\/wp\/v2\/product"}],"about":[{"href":"https:\/\/a-pant.ee\/ru\/wp-json\/wp\/v2\/types\/product"}],"replies":[{"embeddable":true,"href":"https:\/\/a-pant.ee\/ru\/wp-json\/wp\/v2\/comments?post=31205"}],"wp:featuredmedia":[{"embeddable":true,"href":"https:\/\/a-pant.ee\/ru\/wp-json\/wp\/v2\/media\/31206"}],"wp:attachment":[{"href":"https:\/\/a-pant.ee\/ru\/wp-json\/wp\/v2\/media?parent=31205"}],"wp:term":[{"taxonomy":"product_brand","embeddable":true,"href":"https:\/\/a-pant.ee\/ru\/wp-json\/wp\/v2\/product_brand?post=31205"},{"taxonomy":"product_cat","embeddable":true,"href":"https:\/\/a-pant.ee\/ru\/wp-json\/wp\/v2\/product_cat?post=31205"},{"taxonomy":"product_tag","embeddable":true,"href":"https:\/\/a-pant.ee\/ru\/wp-json\/wp\/v2\/product_tag?post=31205"}],"curies":[{"name":"wp","href":"https:\/\/api.w.org\/{rel}","templated":true}]}}