{"id":31190,"date":"2026-02-04T13:30:48","date_gmt":"2026-02-04T10:30:48","guid":{"rendered":"https:\/\/a-pant.ee\/product\/ploskoshlifovalnaya-mashinka-mannesmann-1233-bm-135\/"},"modified":"2026-02-22T12:21:37","modified_gmt":"2026-02-22T09:21:37","slug":"ploskoshlifovalnaya-mashinka-mannesmann-1233-bm-135","status":"publish","type":"product","link":"https:\/\/a-pant.ee\/ru\/product\/ploskoshlifovalnaya-mashinka-mannesmann-1233-bm-135\/","title":{"rendered":"\u041f\u043b\u043e\u0441\u043a\u043e\u0448\u043b\u0438\u0444\u043e\u0432\u0430\u043b\u044c\u043d\u0430\u044f \u043c\u0430\u0448\u0438\u043d\u043a\u0430 Mannesmann 1233-BM-135"},"content":{"rendered":"\n<p> Taldlihvija Mannesmann 1233-BM-135, heas seisu- ja t\u00f6\u00f6korras! <\/p><p> KIRJELDUS <\/p><ul><li> T\u00fc\u00fcp: vibratsioonilihvija (tasapinnaline lihvmasin) <\/li><li> V\u00f5imsus: 135 W <\/li><li> Toide: 230 V <\/li><li> Vibratsioonikiirus: kuni 11 000 p\/min <\/li><li> Lihvtalla m\u00f5\u00f5dud: 90 \u00d7 187 mm <\/li><li> Kinnituss\u00fcsteem: klambritega liivapaberi kinnitamine <\/li><li> Tolmu\u00e4rastuse v\u00f5imalus (tolmuimejaga \u00fchendamiseks) <\/li><li> Kompaktne ja kerge konstruktsioon mugavaks t\u00f6\u00f6ks <\/li><li> M\u00f5eldud puidu, plasti ja v\u00e4rvitud pindade lihvimiseks <\/li><\/ul>\n","protected":false},"excerpt":{"rendered":"<p>Taldlihvija Mannesmann 1233-BM-135, heas seisu- ja t\u00f6\u00f6korras! KIRJELDUS T\u00fc\u00fcp: vibratsioonilihvija (tasapinnaline lihvmasin) V\u00f5imsus: 135 W Toide: 230 V Vibratsioonikiirus: kuni 11 000 p\/min Lihvtalla m\u00f5\u00f5dud: 90 \u00d7 187 mm Kinnituss\u00fcsteem: klambritega liivapaberi kinnitamine Tolmu\u00e4rastuse v\u00f5imalus (tolmuimejaga \u00fchendamiseks) Kompaktne ja kerge konstruktsioon mugavaks t\u00f6\u00f6ks M\u00f5eldud puidu, plasti ja v\u00e4rvitud pindade lihvimiseks<\/p>\n","protected":false},"featured_media":31191,"comment_status":"closed","ping_status":"closed","template":"","meta":{"inline_featured_image":false},"product_brand":[],"product_cat":[233],"product_tag":[],"class_list":{"0":"post-31190","1":"product","2":"type-product","3":"status-publish","4":"has-post-thumbnail","6":"product_cat-shlifovalnyj-instrument","7":"pa_asukoht-mustamae","8":"pa_seisukord-ispolzovano","10":"first","11":"outofstock","12":"taxable","13":"shipping-taxable","14":"purchasable","15":"product-type-simple"},"_links":{"self":[{"href":"https:\/\/a-pant.ee\/ru\/wp-json\/wp\/v2\/product\/31190","targetHints":{"allow":["GET"]}}],"collection":[{"href":"https:\/\/a-pant.ee\/ru\/wp-json\/wp\/v2\/product"}],"about":[{"href":"https:\/\/a-pant.ee\/ru\/wp-json\/wp\/v2\/types\/product"}],"replies":[{"embeddable":true,"href":"https:\/\/a-pant.ee\/ru\/wp-json\/wp\/v2\/comments?post=31190"}],"wp:featuredmedia":[{"embeddable":true,"href":"https:\/\/a-pant.ee\/ru\/wp-json\/wp\/v2\/media\/31191"}],"wp:attachment":[{"href":"https:\/\/a-pant.ee\/ru\/wp-json\/wp\/v2\/media?parent=31190"}],"wp:term":[{"taxonomy":"product_brand","embeddable":true,"href":"https:\/\/a-pant.ee\/ru\/wp-json\/wp\/v2\/product_brand?post=31190"},{"taxonomy":"product_cat","embeddable":true,"href":"https:\/\/a-pant.ee\/ru\/wp-json\/wp\/v2\/product_cat?post=31190"},{"taxonomy":"product_tag","embeddable":true,"href":"https:\/\/a-pant.ee\/ru\/wp-json\/wp\/v2\/product_tag?post=31190"}],"curies":[{"name":"wp","href":"https:\/\/api.w.org\/{rel}","templated":true}]}}