{"id":31184,"date":"2026-02-04T13:30:48","date_gmt":"2026-02-04T10:30:48","guid":{"rendered":"https:\/\/a-pant.ee\/product\/telefon-xiaomi-mi-14t-pro-512gb\/"},"modified":"2026-02-22T12:21:36","modified_gmt":"2026-02-22T09:21:36","slug":"telefon-xiaomi-mi-14t-pro-512gb","status":"publish","type":"product","link":"https:\/\/a-pant.ee\/ru\/product\/telefon-xiaomi-mi-14t-pro-512gb\/","title":{"rendered":"\u0422\u0435\u043b\u0435\u0444\u043e\u043d Xiaomi Mi 14T PRO 512GB"},"content":{"rendered":"\n<p> Telefon Xiaomi Mi 14T PRO 512GB, heas seisu- ja t\u00f6\u00f6korras! <\/p><p> KIRJELDUS <\/p><ul><li> Seade t\u00fc\u00fcp: nutitelefon <\/li><li> Protsessor: MediaTek Dimensity 9300+ (4 nm tehnoloogia) <\/li><li> Operatiivm\u00e4lu: 12 GB <\/li><li> Sisem\u00e4lu: 512 GB, ilma m\u00e4lukaardi v\u00f5imaluseta <\/li><li> Ekraan: AMOLED, 6,67 tolli, eraldusv\u00f5ime 2712 \u00d7 1220 pikslit, v\u00e4rskendussagedus 144 Hz <\/li><li> Kaitse: Gorilla Glass ja IP68 tolmu- ning veekindlus <\/li><li> Tagumised kaamerad: <br \/> \u2022 Lai\u00adnurk 50 MP koos optilise stabiliseerimisega (OIS) <br \/> \u2022 Telefoto 50 MP ja 2,6\u00d7 optiline suum <br \/> \u2022 Ultra\u00adlai 12 MP <\/li><li> Eesmine kaamera: 32 MP <\/li><li> Videov\u00f5imekus: kuni 8K ja 4K, HDR tugi ja elektrooniline stabiliseerimine (EIS) <\/li><li> Aku: umbes 5000 mAh <\/li><li> Laadimine: juhtmega k\u00f5rge v\u00f5imsus (120 W) + juhtmevaba laadimine (50 W) <\/li><li> Helis\u00fcsteem: stereok\u00f5larid <\/li><li> Operatsioonis\u00fcsteem: Android 14 koos HyperOS-iga <\/li><li> Kaal: umbes 209 g <\/li><li> M\u00f5\u00f5tmed: umbes 160,4 \u00d7 75,1 \u00d7 8,4 mm <\/li><\/ul>\n","protected":false},"excerpt":{"rendered":"<p>Telefon Xiaomi Mi 14T PRO 512GB, heas seisu- ja t\u00f6\u00f6korras! KIRJELDUS Seade t\u00fc\u00fcp: nutitelefon Protsessor: MediaTek Dimensity 9300+ (4 nm tehnoloogia) Operatiivm\u00e4lu: 12 GB Sisem\u00e4lu: 512 GB, ilma m\u00e4lukaardi v\u00f5imaluseta Ekraan: AMOLED, 6,67 tolli, eraldusv\u00f5ime 2712 \u00d7 1220 pikslit, v\u00e4rskendussagedus 144 Hz Kaitse: Gorilla Glass ja IP68 tolmu- ning veekindlus Tagumised kaamerad: \u2022 Lai\u00adnurk 50 [&hellip;]<\/p>\n","protected":false},"featured_media":31185,"comment_status":"closed","ping_status":"closed","template":"","meta":{"inline_featured_image":false},"product_brand":[],"product_cat":[171],"product_tag":[],"class_list":{"0":"post-31184","1":"product","2":"type-product","3":"status-publish","4":"has-post-thumbnail","6":"product_cat-mobilnye-telefony","7":"pa_asukoht-mustamae","8":"pa_seisukord-ispolzovano","10":"first","11":"outofstock","12":"taxable","13":"shipping-taxable","14":"purchasable","15":"product-type-simple"},"_links":{"self":[{"href":"https:\/\/a-pant.ee\/ru\/wp-json\/wp\/v2\/product\/31184","targetHints":{"allow":["GET"]}}],"collection":[{"href":"https:\/\/a-pant.ee\/ru\/wp-json\/wp\/v2\/product"}],"about":[{"href":"https:\/\/a-pant.ee\/ru\/wp-json\/wp\/v2\/types\/product"}],"replies":[{"embeddable":true,"href":"https:\/\/a-pant.ee\/ru\/wp-json\/wp\/v2\/comments?post=31184"}],"wp:featuredmedia":[{"embeddable":true,"href":"https:\/\/a-pant.ee\/ru\/wp-json\/wp\/v2\/media\/31185"}],"wp:attachment":[{"href":"https:\/\/a-pant.ee\/ru\/wp-json\/wp\/v2\/media?parent=31184"}],"wp:term":[{"taxonomy":"product_brand","embeddable":true,"href":"https:\/\/a-pant.ee\/ru\/wp-json\/wp\/v2\/product_brand?post=31184"},{"taxonomy":"product_cat","embeddable":true,"href":"https:\/\/a-pant.ee\/ru\/wp-json\/wp\/v2\/product_cat?post=31184"},{"taxonomy":"product_tag","embeddable":true,"href":"https:\/\/a-pant.ee\/ru\/wp-json\/wp\/v2\/product_tag?post=31184"}],"curies":[{"name":"wp","href":"https:\/\/api.w.org\/{rel}","templated":true}]}}